{"id":21178,"date":"2019-02-06T14:27:57","date_gmt":"2019-02-06T14:27:57","guid":{"rendered":"https:\/\/rhtc-workshoppress.com\/profi-punch-16-toneladas\/"},"modified":"2021-07-28T19:41:38","modified_gmt":"2021-07-28T19:41:38","slug":"profi-punch-16-toneladas","status":"publish","type":"page","link":"https:\/\/rhtc-workshoppress.com\/pt-pt\/produtos\/maquinas-perfuracao\/profi-punch-16-toneladas\/","title":{"rendered":"Profi Punch 16 toneladas"},"content":{"rendered":"<p>[et_pb_section fb_built=&#8221;1&#8243; custom_padding_last_edited=&#8221;on|desktop&#8221; admin_label=&#8221;Header&#8221; module_class=&#8221;header-top-sub&#8221; _builder_version=&#8221;3.19.15&#8243; use_background_color_gradient=&#8221;on&#8221; background_color_gradient_start=&#8221;#352597&#8243; background_color_gradient_end=&#8221;#8686FF&#8221; background_color_gradient_direction=&#8221;130deg&#8221; background_image=&#8221;https:\/\/rhtc-workshoppress.com\/wp-content\/uploads\/2019\/02\/background-header-nologo.png&#8221; parallax=&#8221;on&#8221; custom_padding=&#8221;0||100px||false|false&#8221; custom_padding_tablet=&#8221;100px||100px||true&#8221; custom_padding_phone=&#8221;||||true&#8221; bottom_divider_height=&#8221;250px&#8221; bottom_divider_flip=&#8221;horizontal&#8221; bottom_divider_height_tablet=&#8221;150px&#8221; bottom_divider_height_phone=&#8221;110px&#8221; bottom_divider_height_last_edited=&#8221;on|phone&#8221; saved_tabs=&#8221;all&#8221;][\/et_pb_section][et_pb_section fb_built=&#8221;1&#8243; admin_label=&#8221;Services&#8221; _builder_version=&#8221;3.14&#8243; custom_padding=&#8221;0|0px|0|0px|true|false&#8221; bottom_divider_color=&#8221;#0c71c3&#8243;][et_pb_row _builder_version=&#8221;3.14&#8243;][et_pb_column type=&#8221;4_4&#8243; _builder_version=&#8221;3.0.47&#8243;][et_pb_code _builder_version=&#8221;3.14&#8243; global_module=&#8221;339&#8243;]<span><span><a href=\"https:\/\/rhtc-workshoppress.com\/pt-pt\/\">Home<\/a><\/span><\/span>[\/et_pb_code][\/et_pb_column][\/et_pb_row][et_pb_row custom_padding=&#8221;4px|0px|27px|0px|false|false&#8221; _builder_version=&#8221;3.3.1&#8243;][et_pb_column type=&#8221;4_4&#8243; _builder_version=&#8221;3.0.47&#8243;][et_pb_text module_class=&#8221;product-name&#8221; _builder_version=&#8221;3.20.2&#8243; text_font_size=&#8221;16px&#8221; text_line_height=&#8221;2em&#8221; header_2_font=&#8221;Roboto|700|||||||&#8221; header_2_font_size=&#8221;45px&#8221; header_2_font_size_tablet=&#8221;35px&#8221; header_2_font_size_phone=&#8221;28px&#8221; header_2_font_size_last_edited=&#8221;on|phone&#8221; header_2_line_height=&#8221;1.2em&#8221; text_orientation=&#8221;center&#8221; max_width=&#8221;800px&#8221; max_width_last_edited=&#8221;off|desktop&#8221; module_alignment=&#8221;center&#8221; custom_margin=&#8221;|||&#8221; custom_padding=&#8221;|||&#8221;]<\/p>\n<h2>Profi Punch 16 toneladas<\/h2>\n<p>[\/et_pb_text][\/et_pb_column][\/et_pb_row][\/et_pb_section][et_pb_section fb_built=&#8221;1&#8243; specialty=&#8221;on&#8221; _builder_version=&#8221;3.0.47&#8243; custom_padding=&#8221;2px|0px|54px|0px|false|false&#8221;][et_pb_column type=&#8221;1_2&#8243; _builder_version=&#8221;3.0.47&#8243;][et_pb_image src=&#8221;https:\/\/rhtc-workshoppress.com\/wp-content\/uploads\/2019\/02\/Profi-Punch-16-hydraulic.png&#8221; module_class=&#8221;zoooom&#8221; _builder_version=&#8221;3.19.15&#8243; max_width=&#8221;65{cac4c9dc6722fe84e5c9b5f9db854df7049fc70354449285581c113afa32c774}&#8221; max_width_last_edited=&#8221;off|desktop&#8221; module_alignment=&#8221;center&#8221;][\/et_pb_image][\/et_pb_column][et_pb_column type=&#8221;1_2&#8243; specialty_columns=&#8221;2&#8243; _builder_version=&#8221;3.0.47&#8243;][et_pb_row_inner _builder_version=&#8221;3.0.47&#8243;][et_pb_column_inner type=&#8221;4_4&#8243; saved_specialty_column_type=&#8221;1_2&#8243; _builder_version=&#8221;3.0.47&#8243;][et_pb_text _builder_version=&#8221;3.20.2&#8243;]<\/p>\n<p style=\"text-align: justify\">A Profi Punch &#8217;16 \u00e9 uma m\u00e1quina hidr\u00e1ulica de perfura\u00e7\u00e3o que pode ser usada igualmente como prensa de tipo C.<\/p>\n<p style=\"text-align: justify\">As nossas m\u00e1quinas de perfura\u00e7\u00e3o podem ser entregues com diversas ferramentas de perfura\u00e7\u00e3o (standard ou feitas por medida). Estas ferramentas podem ser fixadas directamente sob o \u00eambolo de press\u00e3o desta m\u00e1quina hidr\u00e1ulica de perfura\u00e7\u00e3o. Gra\u00e7as a este sistema de perfura\u00e7\u00e3o, podem ser executadas muitas tarefas de perfura\u00e7\u00e3o e prensa com uma \u00fanica m\u00e1quina (e ferramentas amov\u00edveis e f\u00e1ceis de trocar).<\/p>\n<p style=\"text-align: justify\">Esta m\u00e1quina de perfura\u00e7\u00e3o hidr\u00e1ulica \u00e9 fabricada na Europa e entregue directamente a partir do nosso stock.<\/p>\n<p><a href=\"https:\/\/rhtc-workshoppress.com\/pt-pt\/contacto\/\">Contacte-nos para mais informa\u00e7\u00e3o <\/a> ou solicite um or\u00e7amento atrav\u00e9s do bot\u00e3o abaixo.<\/p>\n<p>[\/et_pb_text][\/et_pb_column_inner][\/et_pb_row_inner][et_pb_row_inner _builder_version=&#8221;3.14&#8243;][et_pb_column_inner type=&#8221;4_4&#8243; saved_specialty_column_type=&#8221;1_2&#8243; _builder_version=&#8221;3.0.47&#8243;][et_pb_button button_url=&#8221;https:\/\/rhtc-workshoppress.com\/pt-pt\/orcamentos\/&#8221; button_text=&#8221;Pe\u00e7a um or\u00e7amento&#8221; button_alignment=&#8221;center&#8221; module_class=&#8221;quotation-button&#8221; _builder_version=&#8221;3.20.2&#8243; custom_button=&#8221;on&#8221; button_text_size=&#8221;13px&#8221; button_bg_color=&#8221;#f48004&#8243; button_bg_color_gradient_start=&#8221;#00f264&#8243; button_bg_color_gradient_end=&#8221;#fcb6ab&#8221; button_bg_color_gradient_direction=&#8221;90deg&#8221; button_border_width=&#8221;0px&#8221; button_border_color=&#8221;rgba(0,0,0,0)&#8221; button_border_radius=&#8221;4px&#8221; button_letter_spacing=&#8221;5px&#8221; button_font=&#8221;Roboto|700||on|||||&#8221; background_layout=&#8221;dark&#8221; custom_margin=&#8221;|||&#8221; custom_padding=&#8221;18px|34px|18px|34px|true|true&#8221; button_letter_spacing_hover=&#8221;5.5px&#8221; locked=&#8221;off&#8221; button_text_size__hover_enabled=&#8221;off&#8221; button_one_text_size__hover_enabled=&#8221;off&#8221; button_two_text_size__hover_enabled=&#8221;off&#8221; button_text_color__hover_enabled=&#8221;off&#8221; button_one_text_color__hover_enabled=&#8221;off&#8221; button_two_text_color__hover_enabled=&#8221;off&#8221; button_border_width__hover_enabled=&#8221;off&#8221; button_one_border_width__hover_enabled=&#8221;off&#8221; button_two_border_width__hover_enabled=&#8221;off&#8221; button_border_color__hover_enabled=&#8221;off&#8221; button_one_border_color__hover_enabled=&#8221;off&#8221; button_two_border_color__hover_enabled=&#8221;off&#8221; button_border_radius__hover_enabled=&#8221;off&#8221; button_one_border_radius__hover_enabled=&#8221;off&#8221; button_two_border_radius__hover_enabled=&#8221;off&#8221; button_letter_spacing__hover_enabled=&#8221;on&#8221; button_letter_spacing__hover=&#8221;5.5px&#8221; button_one_letter_spacing__hover_enabled=&#8221;off&#8221; button_two_letter_spacing__hover_enabled=&#8221;off&#8221; button_bg_color__hover_enabled=&#8221;off&#8221; button_one_bg_color__hover_enabled=&#8221;off&#8221; button_two_bg_color__hover_enabled=&#8221;off&#8221;][\/et_pb_button][\/et_pb_column_inner][\/et_pb_row_inner][et_pb_row_inner _builder_version=&#8221;3.0.47&#8243;][et_pb_column_inner type=&#8221;1_3&#8243; saved_specialty_column_type=&#8221;1_2&#8243; _builder_version=&#8221;3.0.47&#8243;][et_pb_image src=&#8221;https:\/\/rhtc-workshoppress.com\/wp-content\/uploads\/2019\/11\/Hydraulic-punching-machine.png&#8221; show_in_lightbox=&#8221;on&#8221; _builder_version=&#8221;3.20.2&#8243; max_width=&#8221;80{cac4c9dc6722fe84e5c9b5f9db854df7049fc70354449285581c113afa32c774}&#8221;][\/et_pb_image][\/et_pb_column_inner][et_pb_column_inner type=&#8221;1_3&#8243; saved_specialty_column_type=&#8221;1_2&#8243; _builder_version=&#8221;3.0.47&#8243;][et_pb_image src=&#8221;https:\/\/rhtc-workshoppress.com\/wp-content\/uploads\/2019\/11\/punchingmachine.png&#8221; show_in_lightbox=&#8221;on&#8221; _builder_version=&#8221;3.20.2&#8243; max_width=&#8221;80{cac4c9dc6722fe84e5c9b5f9db854df7049fc70354449285581c113afa32c774}&#8221;][\/et_pb_image][\/et_pb_column_inner][et_pb_column_inner type=&#8221;1_3&#8243; saved_specialty_column_type=&#8221;1_2&#8243; _builder_version=&#8221;3.0.47&#8243;][et_pb_image src=&#8221;https:\/\/rhtc-workshoppress.com\/wp-content\/uploads\/2019\/02\/detail-TOOL.png&#8221; show_in_lightbox=&#8221;on&#8221; _builder_version=&#8221;3.19.15&#8243; max_width=&#8221;80{cac4c9dc6722fe84e5c9b5f9db854df7049fc70354449285581c113afa32c774}&#8221;][\/et_pb_image][\/et_pb_column_inner][\/et_pb_row_inner][\/et_pb_column][\/et_pb_section][et_pb_section fb_built=&#8221;1&#8243; admin_label=&#8221;Services&#8221; _builder_version=&#8221;3.14&#8243; custom_padding=&#8221;0|0px|0|0px|true|false&#8221; bottom_divider_color=&#8221;#0c71c3&#8243;][et_pb_row use_custom_width=&#8221;on&#8221; custom_width_px=&#8221;1440px&#8221; use_custom_gutter=&#8221;on&#8221; gutter_width=&#8221;2&#8243; custom_padding=&#8221;27px|0px|0|0px|false|false&#8221; _builder_version=&#8221;3.3.1&#8243; background_color=&#8221;#ffffff&#8221;][et_pb_column type=&#8221;1_3&#8243; _builder_version=&#8221;3.0.47&#8243;][et_pb_text _builder_version=&#8221;3.20.2&#8243;]<\/p>\n<p><strong>Especifica\u00e7\u00f5es t\u00e9cnicas<\/strong><\/p>\n<p><strong><\/strong><\/p>\n<ul>\n<li>For\u00e7a de press\u00e3o [tn]: 16<\/li>\n<li>Pot\u00eancia do motor [kW]: 2.2<\/li>\n<li>Velocidade m\u00ednima de funcionamento [mm\/sec]: 2<\/li>\n<li style=\"cursor: text\">Max. velocidade de funcionamento [mm\/sec]: 9.8<\/li>\n<li>Velocidade de retorno [mm\/sec]: 20<\/li>\n<li>Passagem do pist\u00e3o [mm]: 70<\/li>\n<li>Profundidade [mm] 160<\/li>\n<li>Comprimento total [mm]: 800<\/li>\n<li style=\"cursor: text\">Largura total [mm]: 450<\/li>\n<li style=\"cursor: text\">Altura geral [mm]: 1430<\/li>\n<li>Peso [kg]: 350<\/li>\n<\/ul>\n<p>[\/et_pb_text][\/et_pb_column][et_pb_column type=&#8221;1_3&#8243; _builder_version=&#8221;3.0.47&#8243;][et_pb_text _builder_version=&#8221;3.20.2&#8243;]<\/p>\n<p><strong>Caracter\u00edsticas<\/strong><\/p>\n<p><strong><\/strong><\/p>\n<ul>\n<li>Pode ser usada como perfuradora ou prensa de tipo C<\/li>\n<li>Passagem do pist\u00e3o ajust\u00e1vel at\u00e9 70 mm<\/li>\n<li>Modo Manual \/ Autom\u00e1tico<\/li>\n<li>Ferramentas de perfura\u00e7\u00e3o permut\u00e1veis, tais como:\n<ul>\n<li>Broca em forma de canto em cunha<\/li>\n<li>Cortador de canos para canos perpendiculares<\/li>\n<li>Perfura\u00e7\u00e3o de furo ranhurado<\/li>\n<li>Ferramenta dentada para cantos arredondados<\/li>\n<li>Ferramenta dentada para cantos arredondados<\/li>\n<li>Furadora para canos<\/li>\n<li>Cortador de chapas em metal<\/li>\n<\/ul>\n<\/li>\n<\/ul>\n<p>[\/et_pb_text][\/et_pb_column][et_pb_column type=&#8221;1_3&#8243; _builder_version=&#8221;3.0.47&#8243;][et_pb_video src=&#8221;https:\/\/www.youtube.com\/watch?v=jP-w229dMYc&amp;t=3s&#8221; module_class=&#8221;video-homepage&#8221; _builder_version=&#8221;3.20.2&#8243;][\/et_pb_video][et_pb_text _builder_version=&#8221;3.20.2&#8243;]<\/p>\n<p><a href=\"https:\/\/www.youtube.com\/user\/rhtcworkshoppresses\/videos\" target=\"_blank\" rel=\"noopener noreferrer\">Pode encontrar mais v\u00eddeos no nosso canal do YouTube!<\/a><\/p>\n<p>[\/et_pb_text][\/et_pb_column][\/et_pb_row][\/et_pb_section][et_pb_section fb_built=&#8221;1&#8243; custom_padding_last_edited=&#8221;on|desktop&#8221; prev_background_color=&#8221;#ffffff&#8221; admin_label=&#8221;Footer&#8221; _builder_version=&#8221;3.14&#8243; use_background_color_gradient=&#8221;on&#8221; background_color_gradient_start=&#8221;#352597&#8243; background_color_gradient_end=&#8221;#8686FF&#8221; background_color_gradient_direction=&#8221;130deg&#8221; background_image=&#8221;https:\/\/rhtc-workshoppress.com\/wp-content\/uploads\/2018\/09\/below.jpg&#8221; parallax=&#8221;on&#8221; custom_padding=&#8221;9vw||50px||false|false&#8221; custom_padding_tablet=&#8221;100px||100px||true&#8221; custom_padding_phone=&#8221;||||true&#8221; top_divider_style=&#8221;ramp&#8221; top_divider_height=&#8221;250px&#8221; top_divider_flip=&#8221;vertical&#8221; top_divider_height_tablet=&#8221;150px&#8221; top_divider_height_phone=&#8221;110px&#8221; top_divider_height_last_edited=&#8221;on|phone&#8221; saved_tabs=&#8221;all&#8221;][et_pb_row make_fullwidth=&#8221;on&#8221; custom_padding=&#8221;|||&#8221; _builder_version=&#8221;3.3.1&#8243; custom_margin_phone=&#8221;|||&#8221; custom_margin_last_edited=&#8221;off|desktop&#8221;][et_pb_column type=&#8221;4_4&#8243; _builder_version=&#8221;3.0.47&#8243;][et_pb_text _builder_version=&#8221;3.14&#8243; text_font=&#8221;||||||||&#8221; text_font_size_last_edited=&#8221;off|desktop&#8221; header_font=&#8221;||||||||&#8221; header_2_font=&#8221;Roboto|700|||||||&#8221; header_2_font_size=&#8221;50px&#8221; header_2_font_size_tablet=&#8221;40px&#8221; header_2_font_size_phone=&#8221;32px&#8221; header_2_font_size_last_edited=&#8221;on|desktop&#8221; header_2_line_height=&#8221;1.4em&#8221; header_3_font=&#8221;Roboto|700||on|||||&#8221; header_3_text_align=&#8221;center&#8221; header_3_text_color=&#8221;#ffffff&#8221; header_3_font_size=&#8221;24px&#8221; header_3_font_size_tablet=&#8221;16px&#8221; header_3_font_size_phone=&#8221;14px&#8221; header_3_font_size_last_edited=&#8221;on|phone&#8221; header_3_letter_spacing=&#8221;5px&#8221; header_3_line_height=&#8221;2em&#8221; text_orientation=&#8221;center&#8221; background_layout=&#8221;dark&#8221; max_width=&#8221;850px&#8221; module_alignment=&#8221;center&#8221; custom_margin=&#8221;|||&#8221; custom_padding=&#8221;|||&#8221;]<\/p>\n<h3><\/h3>\n<h2>\u2018 PRENSAS QUE MARCAM \u2018<\/h2>\n<h3>Entrar em contacto<\/h3>\n<p>[\/et_pb_text][et_pb_button button_url=&#8221;https:\/\/rhtc-workshoppress.com\/pt-pt\/contacto\/&#8221; button_text=&#8221;Contacte-nos&#8221; button_alignment=&#8221;center&#8221; _builder_version=&#8221;3.19.15&#8243; custom_button=&#8221;on&#8221; button_text_size=&#8221;13px&#8221; button_bg_color=&#8221;#f48004&#8243; button_bg_color_gradient_start=&#8221;#00f264&#8243; button_bg_color_gradient_end=&#8221;#fcb6ab&#8221; button_bg_color_gradient_direction=&#8221;90deg&#8221; button_border_width=&#8221;0px&#8221; button_border_color=&#8221;rgba(0,0,0,0)&#8221; button_border_radius=&#8221;4px&#8221; button_letter_spacing=&#8221;5px&#8221; button_font=&#8221;Roboto|700||on|||||&#8221; background_layout=&#8221;dark&#8221; custom_margin=&#8221;|||&#8221; custom_padding=&#8221;18px|34px|18px|34px|true|true&#8221; button_letter_spacing_hover=&#8221;5.5px&#8221; locked=&#8221;off&#8221; button_text_size__hover_enabled=&#8221;off&#8221; button_one_text_size__hover_enabled=&#8221;off&#8221; button_two_text_size__hover_enabled=&#8221;off&#8221; button_text_color__hover_enabled=&#8221;off&#8221; button_one_text_color__hover_enabled=&#8221;off&#8221; button_two_text_color__hover_enabled=&#8221;off&#8221; button_border_width__hover_enabled=&#8221;off&#8221; button_one_border_width__hover_enabled=&#8221;off&#8221; button_two_border_width__hover_enabled=&#8221;off&#8221; button_border_color__hover_enabled=&#8221;off&#8221; button_one_border_color__hover_enabled=&#8221;off&#8221; button_two_border_color__hover_enabled=&#8221;off&#8221; button_border_radius__hover_enabled=&#8221;off&#8221; button_one_border_radius__hover_enabled=&#8221;off&#8221; button_two_border_radius__hover_enabled=&#8221;off&#8221; button_letter_spacing__hover_enabled=&#8221;on&#8221; button_letter_spacing__hover=&#8221;5.5px&#8221; button_one_letter_spacing__hover_enabled=&#8221;off&#8221; button_two_letter_spacing__hover_enabled=&#8221;off&#8221; button_bg_color__hover_enabled=&#8221;off&#8221; button_one_bg_color__hover_enabled=&#8221;off&#8221; button_two_bg_color__hover_enabled=&#8221;off&#8221;][\/et_pb_button][\/et_pb_column][\/et_pb_row][\/et_pb_section]<\/p>\n","protected":false},"excerpt":{"rendered":"<p><span><span><a href=\"https:\/\/rhtc-workshoppress.com\/pt-pt\/\">Home<\/a><\/span><\/span>Profi Punch 16 toneladas A Profi Punch &#8217;16 \u00e9 uma m\u00e1quina hidr\u00e1ulica de perfura\u00e7\u00e3o que pode ser usada igualmente como prensa de tipo C. As nossas m\u00e1quinas de perfura\u00e7\u00e3o podem ser entregues com diversas ferramentas de perfura\u00e7\u00e3o (standard ou feitas por medida). Estas ferramentas podem ser fixadas directamente sob o \u00eambolo de press\u00e3o desta m\u00e1quina [&hellip;]<\/p>\n","protected":false},"author":1,"featured_media":0,"parent":21727,"menu_order":0,"comment_status":"closed","ping_status":"closed","template":"","meta":{"_et_pb_use_builder":"on","_et_pb_old_content":"","_et_gb_content_width":"","inline_featured_image":false,"footnotes":""},"class_list":["post-21178","page","type-page","status-publish","hentry"],"yoast_head":"<!-- This site is optimized with the Yoast SEO plugin v27.3 - https:\/\/yoast.com\/product\/yoast-seo-wordpress\/ -->\n<title>Profi Punch 16 toneladas | Profi Punch, m\u00e1quinas perfuradoras de alta qualidade - RHTC<\/title>\n<meta name=\"description\" content=\"A nossa m\u00e1quina perfuradora hidr\u00e1ulica tem uma capacidade de 16 toneladas e \u00e9 fabricada na Europa. Uma m\u00e1quina de alta qualidade para diversas opera\u00e7\u00f5es de perfura\u00e7\u00e3o, corte e prensa.\" \/>\n<meta name=\"robots\" content=\"index, follow, max-snippet:-1, max-image-preview:large, max-video-preview:-1\" \/>\n<link rel=\"canonical\" href=\"https:\/\/rhtc-workshoppress.com\/pt-pt\/produtos\/maquinas-perfuracao\/profi-punch-16-toneladas\/\" \/>\n<meta property=\"og:locale\" content=\"pt_PT\" \/>\n<meta property=\"og:type\" content=\"article\" \/>\n<meta property=\"og:title\" content=\"Profi Punch 16 toneladas | Profi Punch, m\u00e1quinas perfuradoras de alta qualidade - RHTC\" \/>\n<meta property=\"og:description\" content=\"A nossa m\u00e1quina perfuradora hidr\u00e1ulica tem uma capacidade de 16 toneladas e \u00e9 fabricada na Europa. Uma m\u00e1quina de alta qualidade para diversas opera\u00e7\u00f5es de perfura\u00e7\u00e3o, corte e prensa.\" \/>\n<meta property=\"og:url\" content=\"https:\/\/rhtc-workshoppress.com\/pt-pt\/produtos\/maquinas-perfuracao\/profi-punch-16-toneladas\/\" \/>\n<meta property=\"og:site_name\" content=\"RHTC\" \/>\n<meta property=\"article:modified_time\" content=\"2021-07-28T19:41:38+00:00\" \/>\n<meta name=\"twitter:card\" content=\"summary_large_image\" \/>\n<meta name=\"twitter:label1\" content=\"Tempo estimado de leitura\" \/>\n\t<meta name=\"twitter:data1\" content=\"8 minutos\" \/>\n<script type=\"application\/ld+json\" class=\"yoast-schema-graph\">{\"@context\":\"https:\\\/\\\/schema.org\",\"@graph\":[{\"@type\":\"WebPage\",\"@id\":\"https:\\\/\\\/rhtc-workshoppress.com\\\/pt-pt\\\/produtos\\\/maquinas-perfuracao\\\/profi-punch-16-toneladas\\\/\",\"url\":\"https:\\\/\\\/rhtc-workshoppress.com\\\/pt-pt\\\/produtos\\\/maquinas-perfuracao\\\/profi-punch-16-toneladas\\\/\",\"name\":\"Profi Punch 16 toneladas | Profi Punch, m\u00e1quinas perfuradoras de alta qualidade - RHTC\",\"isPartOf\":{\"@id\":\"https:\\\/\\\/rhtc-workshoppress.com\\\/pt-pt\\\/#website\"},\"datePublished\":\"2019-02-06T14:27:57+00:00\",\"dateModified\":\"2021-07-28T19:41:38+00:00\",\"description\":\"A nossa m\u00e1quina perfuradora hidr\u00e1ulica tem uma capacidade de 16 toneladas e \u00e9 fabricada na Europa. Uma m\u00e1quina de alta qualidade para diversas opera\u00e7\u00f5es de perfura\u00e7\u00e3o, corte e prensa.\",\"breadcrumb\":{\"@id\":\"https:\\\/\\\/rhtc-workshoppress.com\\\/pt-pt\\\/produtos\\\/maquinas-perfuracao\\\/profi-punch-16-toneladas\\\/#breadcrumb\"},\"inLanguage\":\"pt-PT\",\"potentialAction\":[{\"@type\":\"ReadAction\",\"target\":[\"https:\\\/\\\/rhtc-workshoppress.com\\\/pt-pt\\\/produtos\\\/maquinas-perfuracao\\\/profi-punch-16-toneladas\\\/\"]}]},{\"@type\":\"BreadcrumbList\",\"@id\":\"https:\\\/\\\/rhtc-workshoppress.com\\\/pt-pt\\\/produtos\\\/maquinas-perfuracao\\\/profi-punch-16-toneladas\\\/#breadcrumb\",\"itemListElement\":[{\"@type\":\"ListItem\",\"position\":1,\"name\":\"Home\",\"item\":\"https:\\\/\\\/rhtc-workshoppress.com\\\/pt-pt\\\/\"},{\"@type\":\"ListItem\",\"position\":2,\"name\":\"Produtos\",\"item\":\"https:\\\/\\\/rhtc-workshoppress.com\\\/pt-pt\\\/produtos\\\/\"},{\"@type\":\"ListItem\",\"position\":3,\"name\":\"M\u00e1quinas de Perfura\u00e7\u00e3o\",\"item\":\"https:\\\/\\\/rhtc-workshoppress.com\\\/pt-pt\\\/produtos\\\/maquinas-perfuracao\\\/\"},{\"@type\":\"ListItem\",\"position\":4,\"name\":\"Profi Punch 16 toneladas\"}]},{\"@type\":\"WebSite\",\"@id\":\"https:\\\/\\\/rhtc-workshoppress.com\\\/pt-pt\\\/#website\",\"url\":\"https:\\\/\\\/rhtc-workshoppress.com\\\/pt-pt\\\/\",\"name\":\"RHTC\",\"description\":\"Profi Press, high quality hydraulic presses\",\"publisher\":{\"@id\":\"https:\\\/\\\/rhtc-workshoppress.com\\\/pt-pt\\\/#organization\"},\"potentialAction\":[{\"@type\":\"SearchAction\",\"target\":{\"@type\":\"EntryPoint\",\"urlTemplate\":\"https:\\\/\\\/rhtc-workshoppress.com\\\/pt-pt\\\/?s={search_term_string}\"},\"query-input\":{\"@type\":\"PropertyValueSpecification\",\"valueRequired\":true,\"valueName\":\"search_term_string\"}}],\"inLanguage\":\"pt-PT\"},{\"@type\":\"Organization\",\"@id\":\"https:\\\/\\\/rhtc-workshoppress.com\\\/pt-pt\\\/#organization\",\"name\":\"RHTC B.V.\",\"url\":\"https:\\\/\\\/rhtc-workshoppress.com\\\/pt-pt\\\/\",\"logo\":{\"@type\":\"ImageObject\",\"inLanguage\":\"pt-PT\",\"@id\":\"https:\\\/\\\/rhtc-workshoppress.com\\\/pt-pt\\\/#\\\/schema\\\/logo\\\/image\\\/\",\"url\":\"https:\\\/\\\/rhtc-workshoppress.com\\\/wp-content\\\/uploads\\\/2019\\\/04\\\/Logo-wit-scaled.jpg\",\"contentUrl\":\"https:\\\/\\\/rhtc-workshoppress.com\\\/wp-content\\\/uploads\\\/2019\\\/04\\\/Logo-wit-scaled.jpg\",\"width\":3000,\"height\":2250,\"caption\":\"RHTC B.V.\"},\"image\":{\"@id\":\"https:\\\/\\\/rhtc-workshoppress.com\\\/pt-pt\\\/#\\\/schema\\\/logo\\\/image\\\/\"}}]}<\/script>\n<!-- \/ Yoast SEO plugin. -->","yoast_head_json":{"title":"Profi Punch 16 toneladas | Profi Punch, m\u00e1quinas perfuradoras de alta qualidade - RHTC","description":"A nossa m\u00e1quina perfuradora hidr\u00e1ulica tem uma capacidade de 16 toneladas e \u00e9 fabricada na Europa. Uma m\u00e1quina de alta qualidade para diversas opera\u00e7\u00f5es de perfura\u00e7\u00e3o, corte e prensa.","robots":{"index":"index","follow":"follow","max-snippet":"max-snippet:-1","max-image-preview":"max-image-preview:large","max-video-preview":"max-video-preview:-1"},"canonical":"https:\/\/rhtc-workshoppress.com\/pt-pt\/produtos\/maquinas-perfuracao\/profi-punch-16-toneladas\/","og_locale":"pt_PT","og_type":"article","og_title":"Profi Punch 16 toneladas | Profi Punch, m\u00e1quinas perfuradoras de alta qualidade - RHTC","og_description":"A nossa m\u00e1quina perfuradora hidr\u00e1ulica tem uma capacidade de 16 toneladas e \u00e9 fabricada na Europa. Uma m\u00e1quina de alta qualidade para diversas opera\u00e7\u00f5es de perfura\u00e7\u00e3o, corte e prensa.","og_url":"https:\/\/rhtc-workshoppress.com\/pt-pt\/produtos\/maquinas-perfuracao\/profi-punch-16-toneladas\/","og_site_name":"RHTC","article_modified_time":"2021-07-28T19:41:38+00:00","twitter_card":"summary_large_image","twitter_misc":{"Tempo estimado de leitura":"8 minutos"},"schema":{"@context":"https:\/\/schema.org","@graph":[{"@type":"WebPage","@id":"https:\/\/rhtc-workshoppress.com\/pt-pt\/produtos\/maquinas-perfuracao\/profi-punch-16-toneladas\/","url":"https:\/\/rhtc-workshoppress.com\/pt-pt\/produtos\/maquinas-perfuracao\/profi-punch-16-toneladas\/","name":"Profi Punch 16 toneladas | Profi Punch, m\u00e1quinas perfuradoras de alta qualidade - RHTC","isPartOf":{"@id":"https:\/\/rhtc-workshoppress.com\/pt-pt\/#website"},"datePublished":"2019-02-06T14:27:57+00:00","dateModified":"2021-07-28T19:41:38+00:00","description":"A nossa m\u00e1quina perfuradora hidr\u00e1ulica tem uma capacidade de 16 toneladas e \u00e9 fabricada na Europa. Uma m\u00e1quina de alta qualidade para diversas opera\u00e7\u00f5es de perfura\u00e7\u00e3o, corte e prensa.","breadcrumb":{"@id":"https:\/\/rhtc-workshoppress.com\/pt-pt\/produtos\/maquinas-perfuracao\/profi-punch-16-toneladas\/#breadcrumb"},"inLanguage":"pt-PT","potentialAction":[{"@type":"ReadAction","target":["https:\/\/rhtc-workshoppress.com\/pt-pt\/produtos\/maquinas-perfuracao\/profi-punch-16-toneladas\/"]}]},{"@type":"BreadcrumbList","@id":"https:\/\/rhtc-workshoppress.com\/pt-pt\/produtos\/maquinas-perfuracao\/profi-punch-16-toneladas\/#breadcrumb","itemListElement":[{"@type":"ListItem","position":1,"name":"Home","item":"https:\/\/rhtc-workshoppress.com\/pt-pt\/"},{"@type":"ListItem","position":2,"name":"Produtos","item":"https:\/\/rhtc-workshoppress.com\/pt-pt\/produtos\/"},{"@type":"ListItem","position":3,"name":"M\u00e1quinas de Perfura\u00e7\u00e3o","item":"https:\/\/rhtc-workshoppress.com\/pt-pt\/produtos\/maquinas-perfuracao\/"},{"@type":"ListItem","position":4,"name":"Profi Punch 16 toneladas"}]},{"@type":"WebSite","@id":"https:\/\/rhtc-workshoppress.com\/pt-pt\/#website","url":"https:\/\/rhtc-workshoppress.com\/pt-pt\/","name":"RHTC","description":"Profi Press, high quality hydraulic presses","publisher":{"@id":"https:\/\/rhtc-workshoppress.com\/pt-pt\/#organization"},"potentialAction":[{"@type":"SearchAction","target":{"@type":"EntryPoint","urlTemplate":"https:\/\/rhtc-workshoppress.com\/pt-pt\/?s={search_term_string}"},"query-input":{"@type":"PropertyValueSpecification","valueRequired":true,"valueName":"search_term_string"}}],"inLanguage":"pt-PT"},{"@type":"Organization","@id":"https:\/\/rhtc-workshoppress.com\/pt-pt\/#organization","name":"RHTC B.V.","url":"https:\/\/rhtc-workshoppress.com\/pt-pt\/","logo":{"@type":"ImageObject","inLanguage":"pt-PT","@id":"https:\/\/rhtc-workshoppress.com\/pt-pt\/#\/schema\/logo\/image\/","url":"https:\/\/rhtc-workshoppress.com\/wp-content\/uploads\/2019\/04\/Logo-wit-scaled.jpg","contentUrl":"https:\/\/rhtc-workshoppress.com\/wp-content\/uploads\/2019\/04\/Logo-wit-scaled.jpg","width":3000,"height":2250,"caption":"RHTC B.V."},"image":{"@id":"https:\/\/rhtc-workshoppress.com\/pt-pt\/#\/schema\/logo\/image\/"}}]}},"_links":{"self":[{"href":"https:\/\/rhtc-workshoppress.com\/pt-pt\/wp-json\/wp\/v2\/pages\/21178","targetHints":{"allow":["GET"]}}],"collection":[{"href":"https:\/\/rhtc-workshoppress.com\/pt-pt\/wp-json\/wp\/v2\/pages"}],"about":[{"href":"https:\/\/rhtc-workshoppress.com\/pt-pt\/wp-json\/wp\/v2\/types\/page"}],"author":[{"embeddable":true,"href":"https:\/\/rhtc-workshoppress.com\/pt-pt\/wp-json\/wp\/v2\/users\/1"}],"replies":[{"embeddable":true,"href":"https:\/\/rhtc-workshoppress.com\/pt-pt\/wp-json\/wp\/v2\/comments?post=21178"}],"version-history":[{"count":7,"href":"https:\/\/rhtc-workshoppress.com\/pt-pt\/wp-json\/wp\/v2\/pages\/21178\/revisions"}],"predecessor-version":[{"id":21192,"href":"https:\/\/rhtc-workshoppress.com\/pt-pt\/wp-json\/wp\/v2\/pages\/21178\/revisions\/21192"}],"up":[{"embeddable":true,"href":"https:\/\/rhtc-workshoppress.com\/pt-pt\/wp-json\/wp\/v2\/pages\/21727"}],"wp:attachment":[{"href":"https:\/\/rhtc-workshoppress.com\/pt-pt\/wp-json\/wp\/v2\/media?parent=21178"}],"curies":[{"name":"wp","href":"https:\/\/api.w.org\/{rel}","templated":true}]}}