{"id":20998,"date":"2019-02-06T12:37:03","date_gmt":"2019-02-06T12:37:03","guid":{"rendered":"https:\/\/rhtc-workshoppress.com\/ppc-28\/"},"modified":"2021-07-24T19:40:54","modified_gmt":"2021-07-24T19:40:54","slug":"ppc-28","status":"publish","type":"page","link":"https:\/\/rhtc-workshoppress.com\/pt-pt\/produtos\/prensas-tipo-c\/ppc-28\/","title":{"rendered":"PPC-28"},"content":{"rendered":"","protected":false},"excerpt":{"rendered":"","protected":false},"author":1,"featured_media":0,"parent":21850,"menu_order":0,"comment_status":"closed","ping_status":"closed","template":"","meta":{"_et_pb_use_builder":"on","_et_pb_old_content":"","_et_gb_content_width":"","inline_featured_image":false,"footnotes":""},"class_list":["post-20998","page","type-page","status-publish","hentry"],"yoast_head":"<!-- This site is optimized with the Yoast SEO plugin v27.3 - https:\/\/yoast.com\/product\/yoast-seo-wordpress\/ -->\n<title>PPC-28 | RHTC<\/title>\n<meta name=\"description\" content=\"Nossa prensa de tipo C de 28 toneladas \u00e9 equipada com um comando electr\u00f3nico para definir o movimento do cilindro com uma precis\u00e3o de 0,1 mm. Produzido na Europa e imediatamente dispon\u00edvel!\" \/>\n<meta name=\"robots\" content=\"index, follow, max-snippet:-1, max-image-preview:large, max-video-preview:-1\" \/>\n<link rel=\"canonical\" href=\"https:\/\/rhtc-workshoppress.com\/pt-pt\/produtos\/prensas-tipo-c\/ppc-28\/\" \/>\n<meta property=\"og:locale\" content=\"pt_PT\" \/>\n<meta property=\"og:type\" content=\"article\" \/>\n<meta property=\"og:title\" content=\"PPC-28 | RHTC\" \/>\n<meta property=\"og:description\" content=\"Nossa prensa de tipo C de 28 toneladas \u00e9 equipada com um comando electr\u00f3nico para definir o movimento do cilindro com uma precis\u00e3o de 0,1 mm. Produzido na Europa e imediatamente dispon\u00edvel!\" \/>\n<meta property=\"og:url\" content=\"https:\/\/rhtc-workshoppress.com\/pt-pt\/produtos\/prensas-tipo-c\/ppc-28\/\" \/>\n<meta property=\"og:site_name\" content=\"RHTC\" \/>\n<meta property=\"article:modified_time\" content=\"2021-07-24T19:40:54+00:00\" \/>\n<meta name=\"twitter:card\" content=\"summary_large_image\" \/>\n<script type=\"application\/ld+json\" class=\"yoast-schema-graph\">{\"@context\":\"https:\\\/\\\/schema.org\",\"@graph\":[{\"@type\":\"WebPage\",\"@id\":\"https:\\\/\\\/rhtc-workshoppress.com\\\/pt-pt\\\/produtos\\\/prensas-tipo-c\\\/ppc-28\\\/\",\"url\":\"https:\\\/\\\/rhtc-workshoppress.com\\\/pt-pt\\\/produtos\\\/prensas-tipo-c\\\/ppc-28\\\/\",\"name\":\"PPC-28 | RHTC\",\"isPartOf\":{\"@id\":\"https:\\\/\\\/rhtc-workshoppress.com\\\/pt-pt\\\/#website\"},\"datePublished\":\"2019-02-06T12:37:03+00:00\",\"dateModified\":\"2021-07-24T19:40:54+00:00\",\"description\":\"Nossa prensa de tipo C de 28 toneladas \u00e9 equipada com um comando electr\u00f3nico para definir o movimento do cilindro com uma precis\u00e3o de 0,1 mm. Produzido na Europa e imediatamente dispon\u00edvel!\",\"breadcrumb\":{\"@id\":\"https:\\\/\\\/rhtc-workshoppress.com\\\/pt-pt\\\/produtos\\\/prensas-tipo-c\\\/ppc-28\\\/#breadcrumb\"},\"inLanguage\":\"pt-PT\",\"potentialAction\":[{\"@type\":\"ReadAction\",\"target\":[\"https:\\\/\\\/rhtc-workshoppress.com\\\/pt-pt\\\/produtos\\\/prensas-tipo-c\\\/ppc-28\\\/\"]}]},{\"@type\":\"BreadcrumbList\",\"@id\":\"https:\\\/\\\/rhtc-workshoppress.com\\\/pt-pt\\\/produtos\\\/prensas-tipo-c\\\/ppc-28\\\/#breadcrumb\",\"itemListElement\":[{\"@type\":\"ListItem\",\"position\":1,\"name\":\"Home\",\"item\":\"https:\\\/\\\/rhtc-workshoppress.com\\\/pt-pt\\\/\"},{\"@type\":\"ListItem\",\"position\":2,\"name\":\"Produtos\",\"item\":\"https:\\\/\\\/rhtc-workshoppress.com\\\/pt-pt\\\/produtos\\\/\"},{\"@type\":\"ListItem\",\"position\":3,\"name\":\"Prensas de Tipo C\",\"item\":\"https:\\\/\\\/rhtc-workshoppress.com\\\/pt-pt\\\/produtos\\\/prensas-tipo-c\\\/\"},{\"@type\":\"ListItem\",\"position\":4,\"name\":\"PPC-28\"}]},{\"@type\":\"WebSite\",\"@id\":\"https:\\\/\\\/rhtc-workshoppress.com\\\/pt-pt\\\/#website\",\"url\":\"https:\\\/\\\/rhtc-workshoppress.com\\\/pt-pt\\\/\",\"name\":\"RHTC\",\"description\":\"Profi Press, high quality hydraulic presses\",\"publisher\":{\"@id\":\"https:\\\/\\\/rhtc-workshoppress.com\\\/pt-pt\\\/#organization\"},\"potentialAction\":[{\"@type\":\"SearchAction\",\"target\":{\"@type\":\"EntryPoint\",\"urlTemplate\":\"https:\\\/\\\/rhtc-workshoppress.com\\\/pt-pt\\\/?s={search_term_string}\"},\"query-input\":{\"@type\":\"PropertyValueSpecification\",\"valueRequired\":true,\"valueName\":\"search_term_string\"}}],\"inLanguage\":\"pt-PT\"},{\"@type\":\"Organization\",\"@id\":\"https:\\\/\\\/rhtc-workshoppress.com\\\/pt-pt\\\/#organization\",\"name\":\"RHTC B.V.\",\"url\":\"https:\\\/\\\/rhtc-workshoppress.com\\\/pt-pt\\\/\",\"logo\":{\"@type\":\"ImageObject\",\"inLanguage\":\"pt-PT\",\"@id\":\"https:\\\/\\\/rhtc-workshoppress.com\\\/pt-pt\\\/#\\\/schema\\\/logo\\\/image\\\/\",\"url\":\"https:\\\/\\\/rhtc-workshoppress.com\\\/wp-content\\\/uploads\\\/2019\\\/04\\\/Logo-wit-scaled.jpg\",\"contentUrl\":\"https:\\\/\\\/rhtc-workshoppress.com\\\/wp-content\\\/uploads\\\/2019\\\/04\\\/Logo-wit-scaled.jpg\",\"width\":3000,\"height\":2250,\"caption\":\"RHTC B.V.\"},\"image\":{\"@id\":\"https:\\\/\\\/rhtc-workshoppress.com\\\/pt-pt\\\/#\\\/schema\\\/logo\\\/image\\\/\"}}]}<\/script>\n<!-- \/ Yoast SEO plugin. -->","yoast_head_json":{"title":"PPC-28 | RHTC","description":"Nossa prensa de tipo C de 28 toneladas \u00e9 equipada com um comando electr\u00f3nico para definir o movimento do cilindro com uma precis\u00e3o de 0,1 mm. Produzido na Europa e imediatamente dispon\u00edvel!","robots":{"index":"index","follow":"follow","max-snippet":"max-snippet:-1","max-image-preview":"max-image-preview:large","max-video-preview":"max-video-preview:-1"},"canonical":"https:\/\/rhtc-workshoppress.com\/pt-pt\/produtos\/prensas-tipo-c\/ppc-28\/","og_locale":"pt_PT","og_type":"article","og_title":"PPC-28 | RHTC","og_description":"Nossa prensa de tipo C de 28 toneladas \u00e9 equipada com um comando electr\u00f3nico para definir o movimento do cilindro com uma precis\u00e3o de 0,1 mm. Produzido na Europa e imediatamente dispon\u00edvel!","og_url":"https:\/\/rhtc-workshoppress.com\/pt-pt\/produtos\/prensas-tipo-c\/ppc-28\/","og_site_name":"RHTC","article_modified_time":"2021-07-24T19:40:54+00:00","twitter_card":"summary_large_image","schema":{"@context":"https:\/\/schema.org","@graph":[{"@type":"WebPage","@id":"https:\/\/rhtc-workshoppress.com\/pt-pt\/produtos\/prensas-tipo-c\/ppc-28\/","url":"https:\/\/rhtc-workshoppress.com\/pt-pt\/produtos\/prensas-tipo-c\/ppc-28\/","name":"PPC-28 | RHTC","isPartOf":{"@id":"https:\/\/rhtc-workshoppress.com\/pt-pt\/#website"},"datePublished":"2019-02-06T12:37:03+00:00","dateModified":"2021-07-24T19:40:54+00:00","description":"Nossa prensa de tipo C de 28 toneladas \u00e9 equipada com um comando electr\u00f3nico para definir o movimento do cilindro com uma precis\u00e3o de 0,1 mm. Produzido na Europa e imediatamente dispon\u00edvel!","breadcrumb":{"@id":"https:\/\/rhtc-workshoppress.com\/pt-pt\/produtos\/prensas-tipo-c\/ppc-28\/#breadcrumb"},"inLanguage":"pt-PT","potentialAction":[{"@type":"ReadAction","target":["https:\/\/rhtc-workshoppress.com\/pt-pt\/produtos\/prensas-tipo-c\/ppc-28\/"]}]},{"@type":"BreadcrumbList","@id":"https:\/\/rhtc-workshoppress.com\/pt-pt\/produtos\/prensas-tipo-c\/ppc-28\/#breadcrumb","itemListElement":[{"@type":"ListItem","position":1,"name":"Home","item":"https:\/\/rhtc-workshoppress.com\/pt-pt\/"},{"@type":"ListItem","position":2,"name":"Produtos","item":"https:\/\/rhtc-workshoppress.com\/pt-pt\/produtos\/"},{"@type":"ListItem","position":3,"name":"Prensas de Tipo C","item":"https:\/\/rhtc-workshoppress.com\/pt-pt\/produtos\/prensas-tipo-c\/"},{"@type":"ListItem","position":4,"name":"PPC-28"}]},{"@type":"WebSite","@id":"https:\/\/rhtc-workshoppress.com\/pt-pt\/#website","url":"https:\/\/rhtc-workshoppress.com\/pt-pt\/","name":"RHTC","description":"Profi Press, high quality hydraulic presses","publisher":{"@id":"https:\/\/rhtc-workshoppress.com\/pt-pt\/#organization"},"potentialAction":[{"@type":"SearchAction","target":{"@type":"EntryPoint","urlTemplate":"https:\/\/rhtc-workshoppress.com\/pt-pt\/?s={search_term_string}"},"query-input":{"@type":"PropertyValueSpecification","valueRequired":true,"valueName":"search_term_string"}}],"inLanguage":"pt-PT"},{"@type":"Organization","@id":"https:\/\/rhtc-workshoppress.com\/pt-pt\/#organization","name":"RHTC B.V.","url":"https:\/\/rhtc-workshoppress.com\/pt-pt\/","logo":{"@type":"ImageObject","inLanguage":"pt-PT","@id":"https:\/\/rhtc-workshoppress.com\/pt-pt\/#\/schema\/logo\/image\/","url":"https:\/\/rhtc-workshoppress.com\/wp-content\/uploads\/2019\/04\/Logo-wit-scaled.jpg","contentUrl":"https:\/\/rhtc-workshoppress.com\/wp-content\/uploads\/2019\/04\/Logo-wit-scaled.jpg","width":3000,"height":2250,"caption":"RHTC B.V."},"image":{"@id":"https:\/\/rhtc-workshoppress.com\/pt-pt\/#\/schema\/logo\/image\/"}}]}},"_links":{"self":[{"href":"https:\/\/rhtc-workshoppress.com\/pt-pt\/wp-json\/wp\/v2\/pages\/20998","targetHints":{"allow":["GET"]}}],"collection":[{"href":"https:\/\/rhtc-workshoppress.com\/pt-pt\/wp-json\/wp\/v2\/pages"}],"about":[{"href":"https:\/\/rhtc-workshoppress.com\/pt-pt\/wp-json\/wp\/v2\/types\/page"}],"author":[{"embeddable":true,"href":"https:\/\/rhtc-workshoppress.com\/pt-pt\/wp-json\/wp\/v2\/users\/1"}],"replies":[{"embeddable":true,"href":"https:\/\/rhtc-workshoppress.com\/pt-pt\/wp-json\/wp\/v2\/comments?post=20998"}],"version-history":[{"count":1,"href":"https:\/\/rhtc-workshoppress.com\/pt-pt\/wp-json\/wp\/v2\/pages\/20998\/revisions"}],"predecessor-version":[{"id":21001,"href":"https:\/\/rhtc-workshoppress.com\/pt-pt\/wp-json\/wp\/v2\/pages\/20998\/revisions\/21001"}],"up":[{"embeddable":true,"href":"https:\/\/rhtc-workshoppress.com\/pt-pt\/wp-json\/wp\/v2\/pages\/21850"}],"wp:attachment":[{"href":"https:\/\/rhtc-workshoppress.com\/pt-pt\/wp-json\/wp\/v2\/media?parent=20998"}],"curies":[{"name":"wp","href":"https:\/\/api.w.org\/{rel}","templated":true}]}}