{"id":32065,"date":"2022-02-18T10:39:28","date_gmt":"2022-02-18T10:39:28","guid":{"rendered":"https:\/\/rhtc-workshoppress.com\/produits\/cintreuses-de-profiles\/pb-50-3-hm\/"},"modified":"2023-09-28T07:52:28","modified_gmt":"2023-09-28T07:52:28","slug":"pb-50-3-hm","status":"publish","type":"page","link":"https:\/\/rhtc-workshoppress.com\/fr\/produits\/cintreuses-de-profiles\/pb-50-3-hm\/","title":{"rendered":"PB 50-3 HM"},"content":{"rendered":"<p>[et_pb_section fb_built=\u00a0\u00bb1&Prime; custom_padding_last_edited=\u00a0\u00bbon|desktop\u00a0\u00bb admin_label=\u00a0\u00bbHeader\u00a0\u00bb module_class=\u00a0\u00bbheader-top-sub\u00a0\u00bb _builder_version=\u00a0\u00bb3.22&Prime; use_background_color_gradient=\u00a0\u00bbon\u00a0\u00bb background_color_gradient_start=\u00a0\u00bb#352597&Prime; background_color_gradient_end=\u00a0\u00bb#8686FF\u00a0\u00bb background_color_gradient_direction=\u00a0\u00bb130deg\u00a0\u00bb background_image=\u00a0\u00bbhttps:\/\/rhtc-workshoppress.com\/wp-content\/uploads\/2019\/02\/background-header-nologo.png\u00a0\u00bb parallax=\u00a0\u00bbon\u00a0\u00bb custom_padding=\u00a0\u00bb0||100px||false|false\u00a0\u00bb custom_padding_tablet=\u00a0\u00bb100px||100px||true\u00a0\u00bb custom_padding_phone=\u00a0\u00bb||||true\u00a0\u00bb bottom_divider_height=\u00a0\u00bb250px\u00a0\u00bb bottom_divider_flip=\u00a0\u00bbhorizontal\u00a0\u00bb bottom_divider_height_tablet=\u00a0\u00bb150px\u00a0\u00bb bottom_divider_height_phone=\u00a0\u00bb110px\u00a0\u00bb bottom_divider_height_last_edited=\u00a0\u00bbon|phone\u00a0\u00bb saved_tabs=\u00a0\u00bball\u00a0\u00bb][\/et_pb_section][et_pb_section fb_built=\u00a0\u00bb1&Prime; admin_label=\u00a0\u00bbServices\u00a0\u00bb _builder_version=\u00a0\u00bb3.22&Prime; custom_padding=\u00a0\u00bb0|0px|0|0px|true|false\u00a0\u00bb bottom_divider_color=\u00a0\u00bb#0c71c3&Prime;][et_pb_row _builder_version=\u00a0\u00bb3.25&Prime;][et_pb_column type=\u00a0\u00bb4_4&Prime; _builder_version=\u00a0\u00bb3.25&Prime; custom_padding=\u00a0\u00bb|||\u00a0\u00bb custom_padding__hover=\u00a0\u00bb|||\u00a0\u00bb][et_pb_code _builder_version=\u00a0\u00bb3.14&Prime; global_module=\u00a0\u00bb339&Prime;]<span><span><a href=\"https:\/\/rhtc-workshoppress.com\/fr\/\">Home<\/a><\/span><\/span>[\/et_pb_code][\/et_pb_column][\/et_pb_row][et_pb_row _builder_version=\u00a0\u00bb3.25&Prime; custom_padding=\u00a0\u00bb4px|0px|0|0px|false|false\u00a0\u00bb][et_pb_column type=\u00a0\u00bb4_4&Prime; _builder_version=\u00a0\u00bb3.25&Prime; custom_padding=\u00a0\u00bb|||\u00a0\u00bb custom_padding__hover=\u00a0\u00bb|||\u00a0\u00bb][et_pb_text module_class=\u00a0\u00bbproduct-name\u00a0\u00bb _builder_version=\u00a0\u00bb4.8.1&Prime; text_font_size=\u00a0\u00bb16px\u00a0\u00bb text_line_height=\u00a0\u00bb2em\u00a0\u00bb header_font=\u00a0\u00bbRoboto||||||||\u00a0\u00bb header_font_size=\u00a0\u00bb38px\u00a0\u00bb header_2_font=\u00a0\u00bbRoboto|700|||||||\u00a0\u00bb header_2_font_size=\u00a0\u00bb45px\u00a0\u00bb header_2_line_height=\u00a0\u00bb1.2em\u00a0\u00bb text_orientation=\u00a0\u00bbcenter\u00a0\u00bb max_width=\u00a0\u00bb800px\u00a0\u00bb max_width_last_edited=\u00a0\u00bboff|desktop\u00a0\u00bb module_alignment=\u00a0\u00bbcenter\u00a0\u00bb custom_margin=\u00a0\u00bb|||\u00a0\u00bb custom_padding=\u00a0\u00bb|||\u00a0\u00bb header_2_font_size_tablet=\u00a0\u00bb35px\u00a0\u00bb header_2_font_size_phone=\u00a0\u00bb28px\u00a0\u00bb header_2_font_size_last_edited=\u00a0\u00bbon|phone\u00a0\u00bb]<\/p>\n<h1>Cintreuse Hydraulique de Profil\u00e9s (PB 50-3HM)<\/h1>\n<p>[\/et_pb_text][\/et_pb_column][\/et_pb_row][\/et_pb_section][et_pb_section fb_built=\u00a0\u00bb1&Prime; specialty=\u00a0\u00bbon\u00a0\u00bb _builder_version=\u00a0\u00bb3.22&Prime; custom_padding=\u00a0\u00bb2px|0px|54px|0px|false|false\u00a0\u00bb][et_pb_column type=\u00a0\u00bb1_2&Prime; _builder_version=\u00a0\u00bb3.25&Prime; custom_padding=\u00a0\u00bb|||\u00a0\u00bb custom_padding__hover=\u00a0\u00bb|||\u00a0\u00bb][et_pb_image src=\u00a0\u00bbhttps:\/\/rhtc-workshoppress.com\/wp-content\/uploads\/2022\/02\/Hydraulic-Profile-Bender.jpg\u00a0\u00bb alt=\u00a0\u00bbCintreuse hydraulique de profil\u00e9s &#8211; PB50-3HM\u00a0\u00bb title_text=\u00a0\u00bbCintreuse Hydraulique de Profil\u00e9s\u00a0\u00bb show_in_lightbox=\u00a0\u00bbon\u00a0\u00bb align_tablet=\u00a0\u00bbcenter\u00a0\u00bb align_phone=\u00a0\u00bb\u00a0\u00bb align_last_edited=\u00a0\u00bbon|desktop\u00a0\u00bb module_class=\u00a0\u00bbzoooom\u00a0\u00bb _builder_version=\u00a0\u00bb4.8.1&Prime; max_width=\u00a0\u00bb82{cac4c9dc6722fe84e5c9b5f9db854df7049fc70354449285581c113afa32c774}\u00a0\u00bb max_width_last_edited=\u00a0\u00bboff|desktop\u00a0\u00bb module_alignment=\u00a0\u00bbcenter\u00a0\u00bb][\/et_pb_image][\/et_pb_column][et_pb_column type=\u00a0\u00bb1_2&Prime; specialty_columns=\u00a0\u00bb2&Prime; _builder_version=\u00a0\u00bb3.25&Prime; custom_padding=\u00a0\u00bb|||\u00a0\u00bb custom_padding__hover=\u00a0\u00bb|||\u00a0\u00bb][et_pb_row_inner _builder_version=\u00a0\u00bb3.25&Prime;][et_pb_column_inner saved_specialty_column_type=\u00a0\u00bb1_2&Prime; _builder_version=\u00a0\u00bb3.25&Prime; custom_padding=\u00a0\u00bb|||\u00a0\u00bb custom_padding__hover=\u00a0\u00bb|||\u00a0\u00bb][et_pb_text _builder_version=\u00a0\u00bb4.8.1&Prime; header_2_font=\u00a0\u00bbRoboto||||||||\u00a0\u00bb header_2_font_size=\u00a0\u00bb15px\u00a0\u00bb]<\/p>\n<p style=\"text-align: justify;\">La PB 50-3 HM est une cintreuse de profil\u00e9s hydraulique : nous produisons cette cintreuse de profil\u00e9s en Europe et la livrons directement \u00e0 partir de notre stock.<\/p>\n<p style=\"text-align: justify;\">Cette cintreuse hydraulique de profil\u00e9s a un diam\u00e8tre d&rsquo;arbre de 50 mm et 3 rouleaux entra\u00een\u00e9s. Il est facilement possible de changer de mode de fonctionnement (deux ou trois galets entra\u00een\u00e9s) gr\u00e2ce au levier de vitesse situ\u00e9 sur le c\u00f4t\u00e9 de la machine. Le fonctionnement de la cintreuse de profil\u00e9s se fait par une commande au pied et avec les p\u00e9dales vous choisissez le sens de rotation des galets.<\/p>\n<p style=\"text-align: justify;\">Notre PB 50-3 HM dispose d&rsquo;un panneau de contr\u00f4le \u00e9lectrique pour ajuster la position du galets sup\u00e9rieur \/ central. La position de ce rouleau sup\u00e9rieur peut \u00eatre lue sur une graduation et sur l&rsquo;affichage num\u00e9rique (0,1 mm). De plus, nos cintreuses Profi Bend peuvent travailler dans deux positions : une position de travail verticale et une position de travail horizontale. Le changement de cette position de travail est simple et rapide, il suffit d&rsquo;incliner la t\u00eate (il n&rsquo;est pas n\u00e9cessaire d&rsquo;incliner toute la machine). Le poids de la t\u00eate est compens\u00e9 par un v\u00e9rin hydraulique.<\/p>\n<p>&nbsp;<\/p>\n<h2>Jeu standard de galets pour le cintrage de diff\u00e9rents profils<\/h2>\n<p style=\"text-align: justify;\">Un jeu de galets standard est inclus pour le cintrage des profil\u00e9s et des fers plats. Cependant, nous pouvons \u00e9galement livrer des jeux de galets pour le cintrage de tubes et de tuyaux en option avec cette cintreuse. D&rsquo;autres accessoires optionnels sont des rouleaux d&rsquo;\u00e9cartement, un \u00e9trier et un dispositif de cintrage en spirale. Les machines Profi Bend sont \u00e9galement dot\u00e9es de compartiments de rangement pour leurs accessoires.<\/p>\n<p style=\"text-align: justify;\">Nos cintreuses de profil\u00e9s Profi Bend sont robustes et fiables. Nous les fabriquons avec des mat\u00e9riaux de haute qualit\u00e9 et ils sont conformes aux directives CE.<\/p>\n<p style=\"text-align: justify;\"><a href=\"https:\/\/rhtc-workshoppress.com\/fr\/contact\/\" target=\"_blank\" rel=\"noopener noreferrer\">Contactez-nous pour toute question, nous sommes heureux de vous aider ! <\/a><\/p>\n<p>[\/et_pb_text][\/et_pb_column_inner][\/et_pb_row_inner][et_pb_row_inner _builder_version=\u00a0\u00bb3.25&Prime;][et_pb_column_inner saved_specialty_column_type=\u00a0\u00bb1_2&Prime; _builder_version=\u00a0\u00bb3.25&Prime; custom_padding=\u00a0\u00bb|||\u00a0\u00bb custom_padding__hover=\u00a0\u00bb|||\u00a0\u00bb][et_pb_button button_url=\u00a0\u00bbhttps:\/\/rhtc-workshoppress.com\/fr\/devis\/\u00a0\u00bb button_text=\u00a0\u00bbDemander un devis\u00a0\u00bb button_alignment=\u00a0\u00bbcenter\u00a0\u00bb module_class=\u00a0\u00bbquotation-button\u00a0\u00bb _builder_version=\u00a0\u00bb4.8.1&Prime; custom_button=\u00a0\u00bbon\u00a0\u00bb button_text_size=\u00a0\u00bb13px\u00a0\u00bb button_bg_color=\u00a0\u00bb#f48004&Prime; button_bg_color_gradient_start=\u00a0\u00bb#00f264&Prime; button_bg_color_gradient_end=\u00a0\u00bb#fcb6ab\u00a0\u00bb button_bg_color_gradient_direction=\u00a0\u00bb90deg\u00a0\u00bb button_border_width=\u00a0\u00bb0px\u00a0\u00bb button_border_color=\u00a0\u00bbrgba(0,0,0,0)\u00a0\u00bb button_border_radius=\u00a0\u00bb4px\u00a0\u00bb button_letter_spacing=\u00a0\u00bb5px\u00a0\u00bb button_font=\u00a0\u00bbRoboto|700||on|||||\u00a0\u00bb background_layout=\u00a0\u00bbdark\u00a0\u00bb custom_margin=\u00a0\u00bb|||\u00a0\u00bb custom_padding=\u00a0\u00bb18px|34px|18px|34px|true|true\u00a0\u00bb button_letter_spacing_hover=\u00a0\u00bb5.5px\u00a0\u00bb locked=\u00a0\u00bboff\u00a0\u00bb button_text_size__hover_enabled=\u00a0\u00bboff\u00a0\u00bb button_one_text_size__hover_enabled=\u00a0\u00bboff\u00a0\u00bb button_two_text_size__hover_enabled=\u00a0\u00bboff\u00a0\u00bb button_text_color__hover_enabled=\u00a0\u00bboff\u00a0\u00bb button_one_text_color__hover_enabled=\u00a0\u00bboff\u00a0\u00bb button_two_text_color__hover_enabled=\u00a0\u00bboff\u00a0\u00bb button_border_width__hover_enabled=\u00a0\u00bboff\u00a0\u00bb button_one_border_width__hover_enabled=\u00a0\u00bboff\u00a0\u00bb button_two_border_width__hover_enabled=\u00a0\u00bboff\u00a0\u00bb button_border_color__hover_enabled=\u00a0\u00bboff\u00a0\u00bb button_one_border_color__hover_enabled=\u00a0\u00bboff\u00a0\u00bb button_two_border_color__hover_enabled=\u00a0\u00bboff\u00a0\u00bb button_border_radius__hover_enabled=\u00a0\u00bboff\u00a0\u00bb button_one_border_radius__hover_enabled=\u00a0\u00bboff\u00a0\u00bb button_two_border_radius__hover_enabled=\u00a0\u00bboff\u00a0\u00bb button_letter_spacing__hover_enabled=\u00a0\u00bbon\u00a0\u00bb button_letter_spacing__hover=\u00a0\u00bb5.5px\u00a0\u00bb button_one_letter_spacing__hover_enabled=\u00a0\u00bboff\u00a0\u00bb button_two_letter_spacing__hover_enabled=\u00a0\u00bboff\u00a0\u00bb button_bg_color__hover_enabled=\u00a0\u00bboff\u00a0\u00bb button_one_bg_color__hover_enabled=\u00a0\u00bboff\u00a0\u00bb button_two_bg_color__hover_enabled=\u00a0\u00bboff\u00a0\u00bb][\/et_pb_button][\/et_pb_column_inner][\/et_pb_row_inner][et_pb_row_inner column_structure=\u00a0\u00bb1_3,1_3,1_3&Prime; _builder_version=\u00a0\u00bb3.25&Prime;][et_pb_column_inner type=\u00a0\u00bb1_3&Prime; saved_specialty_column_type=\u00a0\u00bb1_2&Prime; _builder_version=\u00a0\u00bb3.25&Prime; custom_padding=\u00a0\u00bb|||\u00a0\u00bb custom_padding__hover=\u00a0\u00bb|||\u00a0\u00bb][et_pb_image src=\u00a0\u00bbhttps:\/\/rhtc-workshoppress.com\/wp-content\/uploads\/2022\/02\/Horizontal-Working-Position-Profile-Bending-Machine-575&#215;503.jpg\u00a0\u00bb alt=\u00a0\u00bbPosition de travail horizontale Cintreuse de profil\u00e9s\u00a0\u00bb title_text=\u00a0\u00bbPosition de travail horizontale Cintreuse de profil\u00e9s\u00a0\u00bb show_in_lightbox=\u00a0\u00bbon\u00a0\u00bb align_tablet=\u00a0\u00bbcenter\u00a0\u00bb align_phone=\u00a0\u00bb\u00a0\u00bb align_last_edited=\u00a0\u00bbon|desktop\u00a0\u00bb _builder_version=\u00a0\u00bb4.8.1&Prime; max_width=\u00a0\u00bb80{cac4c9dc6722fe84e5c9b5f9db854df7049fc70354449285581c113afa32c774}\u00a0\u00bb][\/et_pb_image][\/et_pb_column_inner][et_pb_column_inner type=\u00a0\u00bb1_3&Prime; saved_specialty_column_type=\u00a0\u00bb1_2&Prime; _builder_version=\u00a0\u00bb3.25&Prime; custom_padding=\u00a0\u00bb|||\u00a0\u00bb custom_padding__hover=\u00a0\u00bb|||\u00a0\u00bb][et_pb_image src=\u00a0\u00bbhttps:\/\/rhtc-workshoppress.com\/wp-content\/uploads\/2022\/02\/Hydraulic-Adjustment-Top-Roll-of-the-Profi-Bend-575&#215;539.jpg\u00a0\u00bb alt=\u00a0\u00bbR\u00e9glage hydraulique galet sup\u00e9rieur de la Profi Bend\u00a0\u00bb title_text=\u00a0\u00bbR\u00e9glage hydraulique galet sup\u00e9rieur de la Profi Bend\u00a0\u00bb show_in_lightbox=\u00a0\u00bbon\u00a0\u00bb align_tablet=\u00a0\u00bbcenter\u00a0\u00bb align_phone=\u00a0\u00bb\u00a0\u00bb align_last_edited=\u00a0\u00bbon|desktop\u00a0\u00bb _builder_version=\u00a0\u00bb4.8.1&Prime; max_width=\u00a0\u00bb80{cac4c9dc6722fe84e5c9b5f9db854df7049fc70354449285581c113afa32c774}\u00a0\u00bb][\/et_pb_image][\/et_pb_column_inner][et_pb_column_inner type=\u00a0\u00bb1_3&Prime; saved_specialty_column_type=\u00a0\u00bb1_2&Prime; _builder_version=\u00a0\u00bb3.25&Prime; custom_padding=\u00a0\u00bb|||\u00a0\u00bb custom_padding__hover=\u00a0\u00bb|||\u00a0\u00bb][et_pb_image src=\u00a0\u00bbhttps:\/\/rhtc-workshoppress.com\/wp-content\/uploads\/2022\/02\/Operation-of-PB-50-3-HM.jpg\u00a0\u00bb alt=\u00a0\u00bbFonctionnement de la PB50-3 HM\u00a0\u00bb title_text=\u00a0\u00bbFonctionnement de la PB 50-3 HM\u00a0\u00bb show_in_lightbox=\u00a0\u00bbon\u00a0\u00bb align_tablet=\u00a0\u00bbcenter\u00a0\u00bb align_phone=\u00a0\u00bb\u00a0\u00bb align_last_edited=\u00a0\u00bbon|desktop\u00a0\u00bb _builder_version=\u00a0\u00bb4.8.1&Prime; max_width=\u00a0\u00bb80{cac4c9dc6722fe84e5c9b5f9db854df7049fc70354449285581c113afa32c774}\u00a0\u00bb][\/et_pb_image][\/et_pb_column_inner][\/et_pb_row_inner][\/et_pb_column][\/et_pb_section][et_pb_section fb_built=\u00a0\u00bb1&Prime; admin_label=\u00a0\u00bbServices\u00a0\u00bb _builder_version=\u00a0\u00bb3.22&Prime; custom_padding=\u00a0\u00bb0|0px|0|0px|true|false\u00a0\u00bb bottom_divider_color=\u00a0\u00bb#0c71c3&Prime;][et_pb_row column_structure=\u00a0\u00bb1_3,1_3,1_3&Prime; use_custom_gutter=\u00a0\u00bbon\u00a0\u00bb gutter_width=\u00a0\u00bb2&Prime; _builder_version=\u00a0\u00bb3.25&Prime; background_color=\u00a0\u00bb#ffffff\u00a0\u00bb max_width=\u00a0\u00bb1440px\u00a0\u00bb custom_padding=\u00a0\u00bb27px|0px|0|0px|false|false\u00a0\u00bb use_custom_width=\u00a0\u00bbon\u00a0\u00bb custom_width_px=\u00a0\u00bb1440px\u00a0\u00bb][et_pb_column type=\u00a0\u00bb1_3&Prime; _builder_version=\u00a0\u00bb3.25&Prime; custom_padding=\u00a0\u00bb|||\u00a0\u00bb custom_padding__hover=\u00a0\u00bb|||\u00a0\u00bb][et_pb_text _builder_version=\u00a0\u00bb4.8.1&Prime; hover_enabled=\u00a0\u00bb0&Prime; sticky_enabled=\u00a0\u00bb0&Prime;]<\/p>\n<p><strong>Sp\u00e9cifications techniques<\/strong><\/p>\n<ul>\n<li>Diam\u00e8tre d&rsquo;arbre [mm]: 50<\/li>\n<li>Diam\u00e8tre des galets [mm]: 155<\/li>\n<li>Vitesse d\u2019axes [rpm]: 11<\/li>\n<li>Tension [v\/Hz]: 400\/50<\/li>\n<li>Moteur d&rsquo;entra\u00eenement [kW]: 1.5<\/li>\n<li>Course du galet presseur [mm]: 160<\/li>\n<li>Poids [kg]: 430<\/li>\n<li>Longueur totale [mm]: 1200<\/li>\n<li>Largeur totale [mm]: 800<\/li>\n<li>Hauteur totale [mm]: 1750<\/li>\n<\/ul>\n<p>&nbsp;<\/p>\n<p><strong>Accessoires en option<\/strong><\/p>\n<ul>\n<li>Jeux sp\u00e9ciaux de galets (acier ou plastique)<\/li>\n<li>Dispositif de cintrage en spirale<\/li>\n<li>\u00c9trier<\/li>\n<li>Galets de cintrage<\/li>\n<\/ul>\n<p>&nbsp;<\/p>\n<p>[\/et_pb_text][\/et_pb_column][et_pb_column type=\u00a0\u00bb1_3&Prime; _builder_version=\u00a0\u00bb3.25&Prime; custom_padding=\u00a0\u00bb|||\u00a0\u00bb custom_padding__hover=\u00a0\u00bb|||\u00a0\u00bb][et_pb_text _builder_version=\u00a0\u00bb4.8.1&Prime; header_2_font=\u00a0\u00bbRoboto||||||||\u00a0\u00bb header_2_font_size=\u00a0\u00bb15px\u00a0\u00bb]<\/p>\n<h2><strong>Caract\u00e9ristiques de cette cintreuse hydraulique de profil\u00e9s<\/strong><\/h2>\n<ul>\n<li>R\u00e9glage hydraulique \/ motoris\u00e9 du galet sup\u00e9rieur <\/li>\n<li>Lecture num\u00e9rique de la position du galet sup\u00e9rieur<\/li>\n<li>Position de travail verticale et horizontale<\/li>\n<li>Trois galets entra\u00een\u00e9s<\/li>\n<li>Livr\u00e9e avec un jeu de galets standard<\/li>\n<li>P\u00e9dale de commande<\/li>\n<\/ul>\n<p>Pour en savoir plus sur le fonctionnement de nos cintreuses de profil\u00e9s, <a href=\"https:\/\/www.youtube.com\/watch?v=AJPbDz4Ef6U\" target=\"_blank\" rel=\"noopener noreferrer\">consultez les vid\u00e9os sur notre cha\u00eene YouTube<\/a>.<\/p>\n<p>&nbsp;<\/p>\n<p>[\/et_pb_text][\/et_pb_column][et_pb_column type=\u00a0\u00bb1_3&Prime; _builder_version=\u00a0\u00bb3.25&Prime; custom_padding=\u00a0\u00bb|||\u00a0\u00bb custom_padding__hover=\u00a0\u00bb|||\u00a0\u00bb][et_pb_video src=\u00a0\u00bbhttps:\/\/www.youtube.com\/watch?v=HGSkCmuQ0zY&amp;feature=youtu.be\u00a0\u00bb module_class=\u00a0\u00bbvideo-homepage\u00a0\u00bb _builder_version=\u00a0\u00bb4.8.1&Prime;][\/et_pb_video][\/et_pb_column][\/et_pb_row][\/et_pb_section]<\/p>\n","protected":false},"excerpt":{"rendered":"<p><span><span><a href=\"https:\/\/rhtc-workshoppress.com\/fr\/\">Home<\/a><\/span><\/span>Cintreuse Hydraulique de Profil\u00e9s (PB 50-3HM)La PB 50-3 HM est une cintreuse de profil\u00e9s hydraulique : nous produisons cette cintreuse de profil\u00e9s en Europe et la livrons directement \u00e0 partir de notre stock. Cette cintreuse hydraulique de profil\u00e9s a un diam\u00e8tre d&rsquo;arbre de 50 mm et 3 rouleaux entra\u00een\u00e9s. Il est facilement possible de changer [&hellip;]<\/p>\n","protected":false},"author":2,"featured_media":0,"parent":24886,"menu_order":0,"comment_status":"closed","ping_status":"closed","template":"","meta":{"_et_pb_use_builder":"on","_et_pb_old_content":"","_et_gb_content_width":"","inline_featured_image":false,"footnotes":""},"class_list":["post-32065","page","type-page","status-publish","hentry"],"yoast_head":"<!-- This site is optimized with the Yoast SEO plugin v27.4 - https:\/\/yoast.com\/product\/yoast-seo-wordpress\/ -->\n<title>Cintreuse Hydraulique De Profil\u00e9s | PB 50-3 HM | Cintreuses De Profil\u00e9s | RHTC<\/title>\n<meta name=\"description\" content=\"La Cintreuse Hydraulique de Profil\u00e9s de notre gamme de cintreuses \u00e0 galets est une machine ergonomique et de haute qualit\u00e9. Fabriqu\u00e9e en Europe, livraison rapide !\" \/>\n<meta name=\"robots\" content=\"index, follow, max-snippet:-1, max-image-preview:large, max-video-preview:-1\" \/>\n<link rel=\"canonical\" href=\"https:\/\/rhtc-workshoppress.com\/fr\/produits\/cintreuses-de-profiles\/pb-50-3-hm\/\" \/>\n<meta property=\"og:locale\" content=\"fr_FR\" \/>\n<meta property=\"og:type\" content=\"article\" \/>\n<meta property=\"og:title\" content=\"Cintreuse Hydraulique De Profil\u00e9s | PB 50-3 HM | Cintreuses De Profil\u00e9s | RHTC\" \/>\n<meta property=\"og:description\" content=\"La Cintreuse Hydraulique de Profil\u00e9s de notre gamme de cintreuses \u00e0 galets est une machine ergonomique et de haute qualit\u00e9. Fabriqu\u00e9e en Europe, livraison rapide !\" \/>\n<meta property=\"og:url\" content=\"https:\/\/rhtc-workshoppress.com\/fr\/produits\/cintreuses-de-profiles\/pb-50-3-hm\/\" \/>\n<meta property=\"og:site_name\" content=\"RHTC\" \/>\n<meta property=\"article:modified_time\" content=\"2023-09-28T07:52:28+00:00\" \/>\n<meta name=\"twitter:card\" content=\"summary_large_image\" \/>\n<meta name=\"twitter:label1\" content=\"Dur\u00e9e de lecture estim\u00e9e\" \/>\n\t<meta name=\"twitter:data1\" content=\"8 minutes\" \/>\n<script type=\"application\/ld+json\" class=\"yoast-schema-graph\">{\"@context\":\"https:\\\/\\\/schema.org\",\"@graph\":[{\"@type\":\"WebPage\",\"@id\":\"https:\\\/\\\/rhtc-workshoppress.com\\\/fr\\\/produits\\\/cintreuses-de-profiles\\\/pb-50-3-hm\\\/\",\"url\":\"https:\\\/\\\/rhtc-workshoppress.com\\\/fr\\\/produits\\\/cintreuses-de-profiles\\\/pb-50-3-hm\\\/\",\"name\":\"Cintreuse Hydraulique De Profil\u00e9s | PB 50-3 HM | Cintreuses De Profil\u00e9s | RHTC\",\"isPartOf\":{\"@id\":\"https:\\\/\\\/rhtc-workshoppress.com\\\/fr\\\/#website\"},\"datePublished\":\"2022-02-18T10:39:28+00:00\",\"dateModified\":\"2023-09-28T07:52:28+00:00\",\"description\":\"La Cintreuse Hydraulique de Profil\u00e9s de notre gamme de cintreuses \u00e0 galets est une machine ergonomique et de haute qualit\u00e9. Fabriqu\u00e9e en Europe, livraison rapide !\",\"breadcrumb\":{\"@id\":\"https:\\\/\\\/rhtc-workshoppress.com\\\/fr\\\/produits\\\/cintreuses-de-profiles\\\/pb-50-3-hm\\\/#breadcrumb\"},\"inLanguage\":\"fr-FR\",\"potentialAction\":[{\"@type\":\"ReadAction\",\"target\":[\"https:\\\/\\\/rhtc-workshoppress.com\\\/fr\\\/produits\\\/cintreuses-de-profiles\\\/pb-50-3-hm\\\/\"]}]},{\"@type\":\"BreadcrumbList\",\"@id\":\"https:\\\/\\\/rhtc-workshoppress.com\\\/fr\\\/produits\\\/cintreuses-de-profiles\\\/pb-50-3-hm\\\/#breadcrumb\",\"itemListElement\":[{\"@type\":\"ListItem\",\"position\":1,\"name\":\"Home\",\"item\":\"https:\\\/\\\/rhtc-workshoppress.com\\\/fr\\\/\"},{\"@type\":\"ListItem\",\"position\":2,\"name\":\"Produits\",\"item\":\"https:\\\/\\\/rhtc-workshoppress.com\\\/fr\\\/produits\\\/\"},{\"@type\":\"ListItem\",\"position\":3,\"name\":\"Cintreuses de Profil\u00e9s\",\"item\":\"https:\\\/\\\/rhtc-workshoppress.com\\\/fr\\\/produits\\\/cintreuses-de-profiles\\\/\"},{\"@type\":\"ListItem\",\"position\":4,\"name\":\"PB 50-3 HM\"}]},{\"@type\":\"WebSite\",\"@id\":\"https:\\\/\\\/rhtc-workshoppress.com\\\/fr\\\/#website\",\"url\":\"https:\\\/\\\/rhtc-workshoppress.com\\\/fr\\\/\",\"name\":\"RHTC\",\"description\":\"Profi Press, high quality hydraulic presses\",\"publisher\":{\"@id\":\"https:\\\/\\\/rhtc-workshoppress.com\\\/fr\\\/#organization\"},\"potentialAction\":[{\"@type\":\"SearchAction\",\"target\":{\"@type\":\"EntryPoint\",\"urlTemplate\":\"https:\\\/\\\/rhtc-workshoppress.com\\\/fr\\\/?s={search_term_string}\"},\"query-input\":{\"@type\":\"PropertyValueSpecification\",\"valueRequired\":true,\"valueName\":\"search_term_string\"}}],\"inLanguage\":\"fr-FR\"},{\"@type\":\"Organization\",\"@id\":\"https:\\\/\\\/rhtc-workshoppress.com\\\/fr\\\/#organization\",\"name\":\"RHTC B.V.\",\"url\":\"https:\\\/\\\/rhtc-workshoppress.com\\\/fr\\\/\",\"logo\":{\"@type\":\"ImageObject\",\"inLanguage\":\"fr-FR\",\"@id\":\"https:\\\/\\\/rhtc-workshoppress.com\\\/fr\\\/#\\\/schema\\\/logo\\\/image\\\/\",\"url\":\"https:\\\/\\\/rhtc-workshoppress.com\\\/wp-content\\\/uploads\\\/2019\\\/04\\\/Logo-wit-scaled.jpg\",\"contentUrl\":\"https:\\\/\\\/rhtc-workshoppress.com\\\/wp-content\\\/uploads\\\/2019\\\/04\\\/Logo-wit-scaled.jpg\",\"width\":3000,\"height\":2250,\"caption\":\"RHTC B.V.\"},\"image\":{\"@id\":\"https:\\\/\\\/rhtc-workshoppress.com\\\/fr\\\/#\\\/schema\\\/logo\\\/image\\\/\"}}]}<\/script>\n<!-- \/ Yoast SEO plugin. -->","yoast_head_json":{"title":"Cintreuse Hydraulique De Profil\u00e9s | PB 50-3 HM | Cintreuses De Profil\u00e9s | RHTC","description":"La Cintreuse Hydraulique de Profil\u00e9s de notre gamme de cintreuses \u00e0 galets est une machine ergonomique et de haute qualit\u00e9. Fabriqu\u00e9e en Europe, livraison rapide !","robots":{"index":"index","follow":"follow","max-snippet":"max-snippet:-1","max-image-preview":"max-image-preview:large","max-video-preview":"max-video-preview:-1"},"canonical":"https:\/\/rhtc-workshoppress.com\/fr\/produits\/cintreuses-de-profiles\/pb-50-3-hm\/","og_locale":"fr_FR","og_type":"article","og_title":"Cintreuse Hydraulique De Profil\u00e9s | PB 50-3 HM | Cintreuses De Profil\u00e9s | RHTC","og_description":"La Cintreuse Hydraulique de Profil\u00e9s de notre gamme de cintreuses \u00e0 galets est une machine ergonomique et de haute qualit\u00e9. Fabriqu\u00e9e en Europe, livraison rapide !","og_url":"https:\/\/rhtc-workshoppress.com\/fr\/produits\/cintreuses-de-profiles\/pb-50-3-hm\/","og_site_name":"RHTC","article_modified_time":"2023-09-28T07:52:28+00:00","twitter_card":"summary_large_image","twitter_misc":{"Dur\u00e9e de lecture estim\u00e9e":"8 minutes"},"schema":{"@context":"https:\/\/schema.org","@graph":[{"@type":"WebPage","@id":"https:\/\/rhtc-workshoppress.com\/fr\/produits\/cintreuses-de-profiles\/pb-50-3-hm\/","url":"https:\/\/rhtc-workshoppress.com\/fr\/produits\/cintreuses-de-profiles\/pb-50-3-hm\/","name":"Cintreuse Hydraulique De Profil\u00e9s | PB 50-3 HM | Cintreuses De Profil\u00e9s | RHTC","isPartOf":{"@id":"https:\/\/rhtc-workshoppress.com\/fr\/#website"},"datePublished":"2022-02-18T10:39:28+00:00","dateModified":"2023-09-28T07:52:28+00:00","description":"La Cintreuse Hydraulique de Profil\u00e9s de notre gamme de cintreuses \u00e0 galets est une machine ergonomique et de haute qualit\u00e9. Fabriqu\u00e9e en Europe, livraison rapide !","breadcrumb":{"@id":"https:\/\/rhtc-workshoppress.com\/fr\/produits\/cintreuses-de-profiles\/pb-50-3-hm\/#breadcrumb"},"inLanguage":"fr-FR","potentialAction":[{"@type":"ReadAction","target":["https:\/\/rhtc-workshoppress.com\/fr\/produits\/cintreuses-de-profiles\/pb-50-3-hm\/"]}]},{"@type":"BreadcrumbList","@id":"https:\/\/rhtc-workshoppress.com\/fr\/produits\/cintreuses-de-profiles\/pb-50-3-hm\/#breadcrumb","itemListElement":[{"@type":"ListItem","position":1,"name":"Home","item":"https:\/\/rhtc-workshoppress.com\/fr\/"},{"@type":"ListItem","position":2,"name":"Produits","item":"https:\/\/rhtc-workshoppress.com\/fr\/produits\/"},{"@type":"ListItem","position":3,"name":"Cintreuses de Profil\u00e9s","item":"https:\/\/rhtc-workshoppress.com\/fr\/produits\/cintreuses-de-profiles\/"},{"@type":"ListItem","position":4,"name":"PB 50-3 HM"}]},{"@type":"WebSite","@id":"https:\/\/rhtc-workshoppress.com\/fr\/#website","url":"https:\/\/rhtc-workshoppress.com\/fr\/","name":"RHTC","description":"Profi Press, high quality hydraulic presses","publisher":{"@id":"https:\/\/rhtc-workshoppress.com\/fr\/#organization"},"potentialAction":[{"@type":"SearchAction","target":{"@type":"EntryPoint","urlTemplate":"https:\/\/rhtc-workshoppress.com\/fr\/?s={search_term_string}"},"query-input":{"@type":"PropertyValueSpecification","valueRequired":true,"valueName":"search_term_string"}}],"inLanguage":"fr-FR"},{"@type":"Organization","@id":"https:\/\/rhtc-workshoppress.com\/fr\/#organization","name":"RHTC B.V.","url":"https:\/\/rhtc-workshoppress.com\/fr\/","logo":{"@type":"ImageObject","inLanguage":"fr-FR","@id":"https:\/\/rhtc-workshoppress.com\/fr\/#\/schema\/logo\/image\/","url":"https:\/\/rhtc-workshoppress.com\/wp-content\/uploads\/2019\/04\/Logo-wit-scaled.jpg","contentUrl":"https:\/\/rhtc-workshoppress.com\/wp-content\/uploads\/2019\/04\/Logo-wit-scaled.jpg","width":3000,"height":2250,"caption":"RHTC B.V."},"image":{"@id":"https:\/\/rhtc-workshoppress.com\/fr\/#\/schema\/logo\/image\/"}}]}},"_links":{"self":[{"href":"https:\/\/rhtc-workshoppress.com\/fr\/wp-json\/wp\/v2\/pages\/32065","targetHints":{"allow":["GET"]}}],"collection":[{"href":"https:\/\/rhtc-workshoppress.com\/fr\/wp-json\/wp\/v2\/pages"}],"about":[{"href":"https:\/\/rhtc-workshoppress.com\/fr\/wp-json\/wp\/v2\/types\/page"}],"author":[{"embeddable":true,"href":"https:\/\/rhtc-workshoppress.com\/fr\/wp-json\/wp\/v2\/users\/2"}],"replies":[{"embeddable":true,"href":"https:\/\/rhtc-workshoppress.com\/fr\/wp-json\/wp\/v2\/comments?post=32065"}],"version-history":[{"count":5,"href":"https:\/\/rhtc-workshoppress.com\/fr\/wp-json\/wp\/v2\/pages\/32065\/revisions"}],"predecessor-version":[{"id":32070,"href":"https:\/\/rhtc-workshoppress.com\/fr\/wp-json\/wp\/v2\/pages\/32065\/revisions\/32070"}],"up":[{"embeddable":true,"href":"https:\/\/rhtc-workshoppress.com\/fr\/wp-json\/wp\/v2\/pages\/24886"}],"wp:attachment":[{"href":"https:\/\/rhtc-workshoppress.com\/fr\/wp-json\/wp\/v2\/media?parent=32065"}],"curies":[{"name":"wp","href":"https:\/\/api.w.org\/{rel}","templated":true}]}}