{"id":24830,"date":"2020-04-21T12:27:16","date_gmt":"2020-04-21T12:27:16","guid":{"rendered":"https:\/\/rhtc-workshoppress.com\/videos\/"},"modified":"2022-05-03T07:38:00","modified_gmt":"2022-05-03T07:38:00","slug":"videos","status":"publish","type":"page","link":"https:\/\/rhtc-workshoppress.com\/fr\/videos\/","title":{"rendered":"Vid\u00e9os"},"content":{"rendered":"<p>[et_pb_section fb_built=\u00a0\u00bb1&Prime; custom_padding_last_edited=\u00a0\u00bbon|desktop\u00a0\u00bb admin_label=\u00a0\u00bbHeader\u00a0\u00bb module_class=\u00a0\u00bbheader-top\u00a0\u00bb _builder_version=\u00a0\u00bb3.22&Prime; use_background_color_gradient=\u00a0\u00bbon\u00a0\u00bb background_color_gradient_start=\u00a0\u00bb#7876FE\u00a0\u00bb background_color_gradient_end=\u00a0\u00bb#99D1FF\u00a0\u00bb background_color_gradient_direction=\u00a0\u00bb130deg\u00a0\u00bb background_image=\u00a0\u00bbhttps:\/\/rhtc-workshoppress.com\/wp-content\/uploads\/2019\/02\/background-header-nologo.png\u00a0\u00bb custom_padding=\u00a0\u00bb0||87px||false|false\u00a0\u00bb custom_padding_tablet=\u00a0\u00bb100px||100px||true\u00a0\u00bb custom_padding_phone=\u00a0\u00bb||||true\u00a0\u00bb bottom_divider_height=\u00a0\u00bb250px\u00a0\u00bb bottom_divider_flip=\u00a0\u00bbhorizontal\u00a0\u00bb bottom_divider_height_tablet=\u00a0\u00bb150px\u00a0\u00bb bottom_divider_height_phone=\u00a0\u00bb110px\u00a0\u00bb bottom_divider_height_last_edited=\u00a0\u00bbon|phone\u00a0\u00bb saved_tabs=\u00a0\u00bball\u00a0\u00bb][et_pb_row _builder_version=\u00a0\u00bb3.25&Prime; custom_padding=\u00a0\u00bb30px|0px|22px|0px|false|false\u00a0\u00bb][et_pb_column type=\u00a0\u00bb4_4&Prime; _builder_version=\u00a0\u00bb3.25&Prime; custom_padding=\u00a0\u00bb|||\u00a0\u00bb custom_padding__hover=\u00a0\u00bb|||\u00a0\u00bb][et_pb_text _builder_version=\u00a0\u00bb3.27.4&Prime; text_font=\u00a0\u00bbRoboto||||||||\u00a0\u00bb text_font_size=\u00a0\u00bb16px\u00a0\u00bb text_line_height=\u00a0\u00bb1.8em\u00a0\u00bb header_font=\u00a0\u00bbRoboto|700|||||||\u00a0\u00bb header_text_align=\u00a0\u00bbcenter\u00a0\u00bb header_font_size=\u00a0\u00bb80px\u00a0\u00bb header_line_height=\u00a0\u00bb1.2em\u00a0\u00bb header_3_font=\u00a0\u00bbRoboto|700||on|||||\u00a0\u00bb header_3_text_align=\u00a0\u00bbcenter\u00a0\u00bb header_3_text_color=\u00a0\u00bb#ffffff\u00a0\u00bb header_3_font_size=\u00a0\u00bb24px\u00a0\u00bb header_3_letter_spacing=\u00a0\u00bb10px\u00a0\u00bb header_3_line_height=\u00a0\u00bb2em\u00a0\u00bb text_orientation=\u00a0\u00bbcenter\u00a0\u00bb background_layout=\u00a0\u00bbdark\u00a0\u00bb module_alignment=\u00a0\u00bbcenter\u00a0\u00bb text_font_size_last_edited=\u00a0\u00bboff|desktop\u00a0\u00bb header_font_size_tablet=\u00a0\u00bb40px\u00a0\u00bb header_font_size_phone=\u00a0\u00bb32px\u00a0\u00bb header_font_size_last_edited=\u00a0\u00bbon|phone\u00a0\u00bb header_3_font_size_tablet=\u00a0\u00bb16px\u00a0\u00bb header_3_font_size_phone=\u00a0\u00bb14px\u00a0\u00bb header_3_font_size_last_edited=\u00a0\u00bbon|phone\u00a0\u00bb header_3_letter_spacing_tablet=\u00a0\u00bb5px\u00a0\u00bb header_3_letter_spacing_phone=\u00a0\u00bb\u00a0\u00bb header_3_letter_spacing_last_edited=\u00a0\u00bbon|tablet\u00a0\u00bb]<\/p>\n<h1>Vid\u00e9os<\/h1>\n<p>[\/et_pb_text][\/et_pb_column][\/et_pb_row][\/et_pb_section][et_pb_section fb_built=\u00a0\u00bb1&Prime; admin_label=\u00a0\u00bbContact\u00a0\u00bb _builder_version=\u00a0\u00bb3.22&Prime; background_color=\u00a0\u00bb#F2F2FA\u00a0\u00bb custom_padding=\u00a0\u00bb0||0||true|false\u00a0\u00bb saved_tabs=\u00a0\u00bball\u00a0\u00bb][et_pb_row _builder_version=\u00a0\u00bb3.25&Prime;][et_pb_column type=\u00a0\u00bb4_4&Prime; _builder_version=\u00a0\u00bb3.25&Prime; custom_padding=\u00a0\u00bb|||\u00a0\u00bb custom_padding__hover=\u00a0\u00bb|||\u00a0\u00bb][et_pb_text _builder_version=\u00a0\u00bb3.27.4&Prime;]<\/p>\n<p>Dans cette section de notre site web, vous trouverez quelques vid\u00e9os de nos presses hydrauliques, de nos cintreuses de profil\u00e9s et de nos poin\u00e7onneuses. Cliquez simplement sur \u00ab\u00a0play\u00a0\u00bb et profitez-en !<\/p>\n<p>[\/et_pb_text][\/et_pb_column][\/et_pb_row][et_pb_row _builder_version=\u00a0\u00bb3.25&Prime; custom_width_px=\u00a0\u00bb924px\u00a0\u00bb column_structure=\u00a0\u00bb1_2,1_2&Prime;][et_pb_column type=\u00a0\u00bb1_2&Prime; _builder_version=\u00a0\u00bb3.25&Prime; custom_padding=\u00a0\u00bb|||\u00a0\u00bb custom_padding__hover=\u00a0\u00bb|||\u00a0\u00bb][et_pb_video src=\u00a0\u00bbhttps:\/\/www.youtube.com\/watch?v=WrUFvq_j1IY\u00a0\u00bb module_class=\u00a0\u00bbvideo-homepage\u00a0\u00bb _builder_version=\u00a0\u00bb4.8.1&Prime; hover_enabled=\u00a0\u00bb0&Prime; sticky_enabled=\u00a0\u00bb0&Prime;][\/et_pb_video][\/et_pb_column][et_pb_column type=\u00a0\u00bb1_2&Prime; _builder_version=\u00a0\u00bb3.25&Prime; custom_padding=\u00a0\u00bb|||\u00a0\u00bb custom_padding__hover=\u00a0\u00bb|||\u00a0\u00bb][et_pb_video src=\u00a0\u00bbhttps:\/\/www.youtube.com\/watch?v=F64CcD2rpwQ\u00a0\u00bb module_class=\u00a0\u00bbvideo-homepage\u00a0\u00bb _builder_version=\u00a0\u00bb3.20.2&Prime;][\/et_pb_video][\/et_pb_column][\/et_pb_row][et_pb_row _builder_version=\u00a0\u00bb3.25&Prime; custom_width_px=\u00a0\u00bb924px\u00a0\u00bb column_structure=\u00a0\u00bb1_2,1_2&Prime;][et_pb_column type=\u00a0\u00bb1_2&Prime; _builder_version=\u00a0\u00bb3.25&Prime; custom_padding=\u00a0\u00bb|||\u00a0\u00bb custom_padding__hover=\u00a0\u00bb|||\u00a0\u00bb][et_pb_video src=\u00a0\u00bbhttps:\/\/www.youtube.com\/watch?v=0fL26vGOFzI\u00a0\u00bb module_class=\u00a0\u00bbvideo-homepage\u00a0\u00bb _builder_version=\u00a0\u00bb4.8.1&Prime; hover_enabled=\u00a0\u00bb0&Prime; sticky_enabled=\u00a0\u00bb0&Prime;][\/et_pb_video][\/et_pb_column][et_pb_column type=\u00a0\u00bb1_2&Prime; _builder_version=\u00a0\u00bb3.25&Prime; custom_padding=\u00a0\u00bb|||\u00a0\u00bb custom_padding__hover=\u00a0\u00bb|||\u00a0\u00bb][et_pb_video src=\u00a0\u00bbhttps:\/\/www.youtube.com\/watch?v=HGSkCmuQ0zY\u00a0\u00bb module_class=\u00a0\u00bbvideo-homepage\u00a0\u00bb _builder_version=\u00a0\u00bb4.8.1&Prime; hover_enabled=\u00a0\u00bb0&Prime; sticky_enabled=\u00a0\u00bb0&Prime;][\/et_pb_video][\/et_pb_column][\/et_pb_row][et_pb_row _builder_version=\u00a0\u00bb3.25&Prime; custom_width_px=\u00a0\u00bb924px\u00a0\u00bb column_structure=\u00a0\u00bb1_2,1_2&Prime;][et_pb_column type=\u00a0\u00bb1_2&Prime; _builder_version=\u00a0\u00bb3.25&Prime; custom_padding=\u00a0\u00bb|||\u00a0\u00bb custom_padding__hover=\u00a0\u00bb|||\u00a0\u00bb][et_pb_video src=\u00a0\u00bbhttps:\/\/www.youtube.com\/watch?v=uOhj4iaN75Q\u00a0\u00bb module_class=\u00a0\u00bbvideo-homepage\u00a0\u00bb _builder_version=\u00a0\u00bb3.20.2&Prime;][\/et_pb_video][\/et_pb_column][et_pb_column type=\u00a0\u00bb1_2&Prime; _builder_version=\u00a0\u00bb3.25&Prime; custom_padding=\u00a0\u00bb|||\u00a0\u00bb custom_padding__hover=\u00a0\u00bb|||\u00a0\u00bb][et_pb_video src=\u00a0\u00bbhttps:\/\/www.youtube.com\/watch?v=jP-w229dMYc&amp;t=2s\u00a0\u00bb module_class=\u00a0\u00bbvideo-homepage\u00a0\u00bb _builder_version=\u00a0\u00bb3.20.2&Prime;][\/et_pb_video][\/et_pb_column][\/et_pb_row][et_pb_row _builder_version=\u00a0\u00bb3.25&Prime; custom_width_px=\u00a0\u00bb924px\u00a0\u00bb column_structure=\u00a0\u00bb1_2,1_2&Prime;][et_pb_column type=\u00a0\u00bb1_2&Prime; _builder_version=\u00a0\u00bb3.25&Prime; custom_padding=\u00a0\u00bb|||\u00a0\u00bb custom_padding__hover=\u00a0\u00bb|||\u00a0\u00bb][et_pb_video src=\u00a0\u00bbhttps:\/\/www.youtube.com\/watch?v=DKyfF4car_c\u00a0\u00bb module_class=\u00a0\u00bbvideo-homepage\u00a0\u00bb _builder_version=\u00a0\u00bb3.20.2&Prime;][\/et_pb_video][\/et_pb_column][et_pb_column type=\u00a0\u00bb1_2&Prime; _builder_version=\u00a0\u00bb3.25&Prime; custom_padding=\u00a0\u00bb|||\u00a0\u00bb custom_padding__hover=\u00a0\u00bb|||\u00a0\u00bb][et_pb_video src=\u00a0\u00bbhttps:\/\/www.youtube.com\/watch?v=AJPbDz4Ef6U\u00a0\u00bb module_class=\u00a0\u00bbvideo-homepage\u00a0\u00bb _builder_version=\u00a0\u00bb3.20.2&Prime;][\/et_pb_video][\/et_pb_column][\/et_pb_row][et_pb_row _builder_version=\u00a0\u00bb3.25&Prime; custom_width_px=\u00a0\u00bb924px\u00a0\u00bb column_structure=\u00a0\u00bb1_2,1_2&Prime;][et_pb_column type=\u00a0\u00bb1_2&Prime; _builder_version=\u00a0\u00bb3.25&Prime; custom_padding=\u00a0\u00bb|||\u00a0\u00bb custom_padding__hover=\u00a0\u00bb|||\u00a0\u00bb][et_pb_video src=\u00a0\u00bbhttps:\/\/www.youtube.com\/watch?v=nQaG051KwO8&Prime; module_class=\u00a0\u00bbvideo-homepage\u00a0\u00bb _builder_version=\u00a0\u00bb3.20.2&Prime;][\/et_pb_video][\/et_pb_column][et_pb_column type=\u00a0\u00bb1_2&Prime; _builder_version=\u00a0\u00bb3.25&Prime; custom_padding=\u00a0\u00bb|||\u00a0\u00bb custom_padding__hover=\u00a0\u00bb|||\u00a0\u00bb][et_pb_video src=\u00a0\u00bbhttps:\/\/www.youtube.com\/watch?v=eqguxS0zNuA\u00a0\u00bb module_class=\u00a0\u00bbvideo-homepage\u00a0\u00bb _builder_version=\u00a0\u00bb3.20.2&Prime;][\/et_pb_video][\/et_pb_column][\/et_pb_row][et_pb_row _builder_version=\u00a0\u00bb3.25&Prime; custom_width_px=\u00a0\u00bb924px\u00a0\u00bb column_structure=\u00a0\u00bb1_2,1_2&Prime;][et_pb_column type=\u00a0\u00bb1_2&Prime; _builder_version=\u00a0\u00bb3.25&Prime; custom_padding=\u00a0\u00bb|||\u00a0\u00bb custom_padding__hover=\u00a0\u00bb|||\u00a0\u00bb][et_pb_video src=\u00a0\u00bbhttps:\/\/www.youtube.com\/watch?v=O-poFZ7rU20&Prime; module_class=\u00a0\u00bbvideo-homepage\u00a0\u00bb _builder_version=\u00a0\u00bb3.20.2&Prime;][\/et_pb_video][\/et_pb_column][et_pb_column type=\u00a0\u00bb1_2&Prime; _builder_version=\u00a0\u00bb3.25&Prime; custom_padding=\u00a0\u00bb|||\u00a0\u00bb custom_padding__hover=\u00a0\u00bb|||\u00a0\u00bb][et_pb_video src=\u00a0\u00bbhttps:\/\/www.youtube.com\/watch?v=A29R3_c2mjM\u00a0\u00bb module_class=\u00a0\u00bbvideo-homepage\u00a0\u00bb _builder_version=\u00a0\u00bb3.20.2&Prime;][\/et_pb_video][\/et_pb_column][\/et_pb_row][\/et_pb_section][et_pb_section fb_built=\u00a0\u00bb1&Prime; admin_label=\u00a0\u00bbContact\u00a0\u00bb _builder_version=\u00a0\u00bb3.22&Prime; background_color=\u00a0\u00bb#F2F2FA\u00a0\u00bb custom_padding=\u00a0\u00bb0||0||true|false\u00a0\u00bb saved_tabs=\u00a0\u00bball\u00a0\u00bb][et_pb_row _builder_version=\u00a0\u00bb3.25&Prime;][et_pb_column type=\u00a0\u00bb4_4&Prime; _builder_version=\u00a0\u00bb3.25&Prime; custom_padding=\u00a0\u00bb|||\u00a0\u00bb custom_padding__hover=\u00a0\u00bb|||\u00a0\u00bb][et_pb_text _builder_version=\u00a0\u00bb3.27.4&Prime;]<\/p>\n<p>Vous trouverez d&rsquo;autres vid\u00e9os sur notre <a href=\"https:\/\/www.youtube.com\/user\/rhtcworkshoppresses\">cha\u00eene YouTube !<\/a> <\/p>\n<p>[\/et_pb_text][\/et_pb_column][\/et_pb_row][\/et_pb_section][et_pb_section fb_built=\u00a0\u00bb1&Prime; custom_padding_last_edited=\u00a0\u00bbon|desktop\u00a0\u00bb prev_background_color=\u00a0\u00bb#F2F2FA\u00a0\u00bb admin_label=\u00a0\u00bbFooter\u00a0\u00bb _builder_version=\u00a0\u00bb3.22&Prime; use_background_color_gradient=\u00a0\u00bbon\u00a0\u00bb background_color_gradient_start=\u00a0\u00bb#352597&Prime; background_color_gradient_end=\u00a0\u00bb#8686FF\u00a0\u00bb background_color_gradient_direction=\u00a0\u00bb130deg\u00a0\u00bb background_image=\u00a0\u00bbhttps:\/\/rhtc-workshoppress.com\/wp-content\/uploads\/2018\/09\/below.jpg\u00a0\u00bb parallax=\u00a0\u00bbon\u00a0\u00bb custom_padding=\u00a0\u00bb9vw||50px||false|false\u00a0\u00bb custom_padding_tablet=\u00a0\u00bb100px||100px||true\u00a0\u00bb custom_padding_phone=\u00a0\u00bb||||true\u00a0\u00bb top_divider_style=\u00a0\u00bbramp\u00a0\u00bb top_divider_height=\u00a0\u00bb250px\u00a0\u00bb top_divider_flip=\u00a0\u00bbvertical\u00a0\u00bb top_divider_height_tablet=\u00a0\u00bb150px\u00a0\u00bb top_divider_height_phone=\u00a0\u00bb110px\u00a0\u00bb top_divider_height_last_edited=\u00a0\u00bbon|phone\u00a0\u00bb saved_tabs=\u00a0\u00bball\u00a0\u00bb][et_pb_row module_class=\u00a0\u00bb et_pb_row_fullwidth\u00a0\u00bb _builder_version=\u00a0\u00bb3.25&Prime; width=\u00a0\u00bb89%\u00a0\u00bb width_tablet=\u00a0\u00bb80%\u00a0\u00bb width_last_edited=\u00a0\u00bbon|desktop\u00a0\u00bb max_width=\u00a0\u00bb89%\u00a0\u00bb max_width_tablet=\u00a0\u00bb80%\u00a0\u00bb max_width_last_edited=\u00a0\u00bbon|desktop\u00a0\u00bb custom_margin_phone=\u00a0\u00bb|||\u00a0\u00bb custom_margin_last_edited=\u00a0\u00bboff|desktop\u00a0\u00bb custom_padding=\u00a0\u00bb|||\u00a0\u00bb make_fullwidth=\u00a0\u00bbon\u00a0\u00bb][et_pb_column type=\u00a0\u00bb4_4&Prime; _builder_version=\u00a0\u00bb3.25&Prime; custom_padding=\u00a0\u00bb|||\u00a0\u00bb custom_padding__hover=\u00a0\u00bb|||\u00a0\u00bb][et_pb_text _builder_version=\u00a0\u00bb3.27.4&Prime; text_font=\u00a0\u00bb||||||||\u00a0\u00bb header_font=\u00a0\u00bb||||||||\u00a0\u00bb header_2_font=\u00a0\u00bbRoboto|700|||||||\u00a0\u00bb header_2_font_size=\u00a0\u00bb50px\u00a0\u00bb header_2_line_height=\u00a0\u00bb1.4em\u00a0\u00bb header_3_font=\u00a0\u00bbRoboto|700||on|||||\u00a0\u00bb header_3_text_align=\u00a0\u00bbcenter\u00a0\u00bb header_3_text_color=\u00a0\u00bb#ffffff\u00a0\u00bb header_3_font_size=\u00a0\u00bb24px\u00a0\u00bb header_3_letter_spacing=\u00a0\u00bb5px\u00a0\u00bb header_3_line_height=\u00a0\u00bb2em\u00a0\u00bb text_orientation=\u00a0\u00bbcenter\u00a0\u00bb background_layout=\u00a0\u00bbdark\u00a0\u00bb max_width=\u00a0\u00bb850px\u00a0\u00bb module_alignment=\u00a0\u00bbcenter\u00a0\u00bb custom_margin=\u00a0\u00bb|||\u00a0\u00bb custom_padding=\u00a0\u00bb|||\u00a0\u00bb text_font_size_last_edited=\u00a0\u00bboff|desktop\u00a0\u00bb header_2_font_size_tablet=\u00a0\u00bb40px\u00a0\u00bb header_2_font_size_phone=\u00a0\u00bb32px\u00a0\u00bb header_2_font_size_last_edited=\u00a0\u00bbon|desktop\u00a0\u00bb header_3_font_size_tablet=\u00a0\u00bb16px\u00a0\u00bb header_3_font_size_phone=\u00a0\u00bb14px\u00a0\u00bb header_3_font_size_last_edited=\u00a0\u00bbon|phone\u00a0\u00bb]<\/p>\n<h3><\/h3>\n<h3><strong>Restons en contact<\/strong><\/h3>\n<p>[\/et_pb_text][et_pb_button button_url=\u00a0\u00bbhttps:\/\/rhtc-workshoppress.com\/fr\/contact\/\u00a0\u00bb button_text=\u00a0\u00bbNous contacter\u00a0\u00bb button_alignment=\u00a0\u00bbcenter\u00a0\u00bb _builder_version=\u00a0\u00bb3.19.15&Prime; custom_button=\u00a0\u00bbon\u00a0\u00bb button_text_size=\u00a0\u00bb13px\u00a0\u00bb button_bg_color=\u00a0\u00bb#f48004&Prime; button_bg_color_gradient_start=\u00a0\u00bb#00f264&Prime; button_bg_color_gradient_end=\u00a0\u00bb#fcb6ab\u00a0\u00bb button_bg_color_gradient_direction=\u00a0\u00bb90deg\u00a0\u00bb button_border_width=\u00a0\u00bb0px\u00a0\u00bb button_border_color=\u00a0\u00bbrgba(0,0,0,0)\u00a0\u00bb button_border_radius=\u00a0\u00bb4px\u00a0\u00bb button_letter_spacing=\u00a0\u00bb5px\u00a0\u00bb button_font=\u00a0\u00bbRoboto|700||on|||||\u00a0\u00bb background_layout=\u00a0\u00bbdark\u00a0\u00bb custom_margin=\u00a0\u00bb|||\u00a0\u00bb custom_padding=\u00a0\u00bb18px|34px|18px|34px|true|true\u00a0\u00bb button_letter_spacing_hover=\u00a0\u00bb5.5px\u00a0\u00bb locked=\u00a0\u00bboff\u00a0\u00bb button_text_size__hover_enabled=\u00a0\u00bboff\u00a0\u00bb button_one_text_size__hover_enabled=\u00a0\u00bboff\u00a0\u00bb button_two_text_size__hover_enabled=\u00a0\u00bboff\u00a0\u00bb button_text_color__hover_enabled=\u00a0\u00bboff\u00a0\u00bb button_one_text_color__hover_enabled=\u00a0\u00bboff\u00a0\u00bb button_two_text_color__hover_enabled=\u00a0\u00bboff\u00a0\u00bb button_border_width__hover_enabled=\u00a0\u00bboff\u00a0\u00bb button_one_border_width__hover_enabled=\u00a0\u00bboff\u00a0\u00bb button_two_border_width__hover_enabled=\u00a0\u00bboff\u00a0\u00bb button_border_color__hover_enabled=\u00a0\u00bboff\u00a0\u00bb button_one_border_color__hover_enabled=\u00a0\u00bboff\u00a0\u00bb button_two_border_color__hover_enabled=\u00a0\u00bboff\u00a0\u00bb button_border_radius__hover_enabled=\u00a0\u00bboff\u00a0\u00bb button_one_border_radius__hover_enabled=\u00a0\u00bboff\u00a0\u00bb button_two_border_radius__hover_enabled=\u00a0\u00bboff\u00a0\u00bb button_letter_spacing__hover_enabled=\u00a0\u00bbon\u00a0\u00bb button_letter_spacing__hover=\u00a0\u00bb5.5px\u00a0\u00bb button_one_letter_spacing__hover_enabled=\u00a0\u00bboff\u00a0\u00bb button_two_letter_spacing__hover_enabled=\u00a0\u00bboff\u00a0\u00bb button_bg_color__hover_enabled=\u00a0\u00bboff\u00a0\u00bb button_one_bg_color__hover_enabled=\u00a0\u00bboff\u00a0\u00bb button_two_bg_color__hover_enabled=\u00a0\u00bboff\u00a0\u00bb]<br \/>\n[\/et_pb_button][\/et_pb_column][\/et_pb_row][\/et_pb_section]<\/p>\n","protected":false},"excerpt":{"rendered":"<p>Vid\u00e9osDans cette section de notre site web, vous trouverez quelques vid\u00e9os de nos presses hydrauliques, de nos cintreuses de profil\u00e9s et de nos poin\u00e7onneuses. Cliquez simplement sur \u00ab\u00a0play\u00a0\u00bb et profitez-en !Vous trouverez d&rsquo;autres vid\u00e9os sur notre cha\u00eene YouTube ! Restons en contact<\/p>\n","protected":false},"author":1,"featured_media":0,"parent":0,"menu_order":0,"comment_status":"closed","ping_status":"closed","template":"","meta":{"_et_pb_use_builder":"on","_et_pb_old_content":"","_et_gb_content_width":"","inline_featured_image":false,"footnotes":""},"class_list":["post-24830","page","type-page","status-publish","hentry"],"yoast_head":"<!-- This site is optimized with the Yoast SEO plugin v27.4 - https:\/\/yoast.com\/product\/yoast-seo-wordpress\/ -->\n<title>Vid\u00e9os Presses Hydrauliques | Profi Press | RHTC<\/title>\n<meta name=\"description\" content=\"Sur cette page, vous trouverez les vid\u00e9os de nos presses hydrauliques, cintreuses de profil\u00e9s et poin\u00e7onneuses. Cliquez sur &quot;play&quot; et profitez-en !\" \/>\n<meta name=\"robots\" content=\"index, follow, max-snippet:-1, max-image-preview:large, max-video-preview:-1\" \/>\n<link rel=\"canonical\" href=\"https:\/\/rhtc-workshoppress.com\/fr\/videos\/\" \/>\n<meta property=\"og:locale\" content=\"fr_FR\" \/>\n<meta property=\"og:type\" content=\"article\" \/>\n<meta property=\"og:title\" content=\"Vid\u00e9os Presses Hydrauliques | Profi Press | RHTC\" \/>\n<meta property=\"og:description\" content=\"Sur cette page, vous trouverez les vid\u00e9os de nos presses hydrauliques, cintreuses de profil\u00e9s et poin\u00e7onneuses. Cliquez sur &quot;play&quot; et profitez-en !\" \/>\n<meta property=\"og:url\" content=\"https:\/\/rhtc-workshoppress.com\/fr\/videos\/\" \/>\n<meta property=\"og:site_name\" content=\"RHTC\" \/>\n<meta property=\"article:modified_time\" content=\"2022-05-03T07:38:00+00:00\" \/>\n<meta name=\"twitter:card\" content=\"summary_large_image\" \/>\n<meta name=\"twitter:label1\" content=\"Dur\u00e9e de lecture estim\u00e9e\" \/>\n\t<meta name=\"twitter:data1\" content=\"7 minutes\" \/>\n<script type=\"application\/ld+json\" class=\"yoast-schema-graph\">{\"@context\":\"https:\\\/\\\/schema.org\",\"@graph\":[{\"@type\":\"WebPage\",\"@id\":\"https:\\\/\\\/rhtc-workshoppress.com\\\/fr\\\/videos\\\/\",\"url\":\"https:\\\/\\\/rhtc-workshoppress.com\\\/fr\\\/videos\\\/\",\"name\":\"Vid\u00e9os Presses Hydrauliques | Profi Press | RHTC\",\"isPartOf\":{\"@id\":\"https:\\\/\\\/rhtc-workshoppress.com\\\/fr\\\/#website\"},\"datePublished\":\"2020-04-21T12:27:16+00:00\",\"dateModified\":\"2022-05-03T07:38:00+00:00\",\"description\":\"Sur cette page, vous trouverez les vid\u00e9os de nos presses hydrauliques, cintreuses de profil\u00e9s et poin\u00e7onneuses. Cliquez sur \\\"play\\\" et profitez-en !\",\"breadcrumb\":{\"@id\":\"https:\\\/\\\/rhtc-workshoppress.com\\\/fr\\\/videos\\\/#breadcrumb\"},\"inLanguage\":\"fr-FR\",\"potentialAction\":[{\"@type\":\"ReadAction\",\"target\":[\"https:\\\/\\\/rhtc-workshoppress.com\\\/fr\\\/videos\\\/\"]}]},{\"@type\":\"BreadcrumbList\",\"@id\":\"https:\\\/\\\/rhtc-workshoppress.com\\\/fr\\\/videos\\\/#breadcrumb\",\"itemListElement\":[{\"@type\":\"ListItem\",\"position\":1,\"name\":\"Home\",\"item\":\"https:\\\/\\\/rhtc-workshoppress.com\\\/fr\\\/\"},{\"@type\":\"ListItem\",\"position\":2,\"name\":\"Vid\u00e9os\"}]},{\"@type\":\"WebSite\",\"@id\":\"https:\\\/\\\/rhtc-workshoppress.com\\\/fr\\\/#website\",\"url\":\"https:\\\/\\\/rhtc-workshoppress.com\\\/fr\\\/\",\"name\":\"RHTC\",\"description\":\"Profi Press, high quality hydraulic presses\",\"publisher\":{\"@id\":\"https:\\\/\\\/rhtc-workshoppress.com\\\/fr\\\/#organization\"},\"potentialAction\":[{\"@type\":\"SearchAction\",\"target\":{\"@type\":\"EntryPoint\",\"urlTemplate\":\"https:\\\/\\\/rhtc-workshoppress.com\\\/fr\\\/?s={search_term_string}\"},\"query-input\":{\"@type\":\"PropertyValueSpecification\",\"valueRequired\":true,\"valueName\":\"search_term_string\"}}],\"inLanguage\":\"fr-FR\"},{\"@type\":\"Organization\",\"@id\":\"https:\\\/\\\/rhtc-workshoppress.com\\\/fr\\\/#organization\",\"name\":\"RHTC B.V.\",\"url\":\"https:\\\/\\\/rhtc-workshoppress.com\\\/fr\\\/\",\"logo\":{\"@type\":\"ImageObject\",\"inLanguage\":\"fr-FR\",\"@id\":\"https:\\\/\\\/rhtc-workshoppress.com\\\/fr\\\/#\\\/schema\\\/logo\\\/image\\\/\",\"url\":\"https:\\\/\\\/rhtc-workshoppress.com\\\/wp-content\\\/uploads\\\/2019\\\/04\\\/Logo-wit-scaled.jpg\",\"contentUrl\":\"https:\\\/\\\/rhtc-workshoppress.com\\\/wp-content\\\/uploads\\\/2019\\\/04\\\/Logo-wit-scaled.jpg\",\"width\":3000,\"height\":2250,\"caption\":\"RHTC B.V.\"},\"image\":{\"@id\":\"https:\\\/\\\/rhtc-workshoppress.com\\\/fr\\\/#\\\/schema\\\/logo\\\/image\\\/\"}}]}<\/script>\n<!-- \/ Yoast SEO plugin. -->","yoast_head_json":{"title":"Vid\u00e9os Presses Hydrauliques | Profi Press | RHTC","description":"Sur cette page, vous trouverez les vid\u00e9os de nos presses hydrauliques, cintreuses de profil\u00e9s et poin\u00e7onneuses. Cliquez sur \"play\" et profitez-en !","robots":{"index":"index","follow":"follow","max-snippet":"max-snippet:-1","max-image-preview":"max-image-preview:large","max-video-preview":"max-video-preview:-1"},"canonical":"https:\/\/rhtc-workshoppress.com\/fr\/videos\/","og_locale":"fr_FR","og_type":"article","og_title":"Vid\u00e9os Presses Hydrauliques | Profi Press | RHTC","og_description":"Sur cette page, vous trouverez les vid\u00e9os de nos presses hydrauliques, cintreuses de profil\u00e9s et poin\u00e7onneuses. Cliquez sur \"play\" et profitez-en !","og_url":"https:\/\/rhtc-workshoppress.com\/fr\/videos\/","og_site_name":"RHTC","article_modified_time":"2022-05-03T07:38:00+00:00","twitter_card":"summary_large_image","twitter_misc":{"Dur\u00e9e de lecture estim\u00e9e":"7 minutes"},"schema":{"@context":"https:\/\/schema.org","@graph":[{"@type":"WebPage","@id":"https:\/\/rhtc-workshoppress.com\/fr\/videos\/","url":"https:\/\/rhtc-workshoppress.com\/fr\/videos\/","name":"Vid\u00e9os Presses Hydrauliques | Profi Press | RHTC","isPartOf":{"@id":"https:\/\/rhtc-workshoppress.com\/fr\/#website"},"datePublished":"2020-04-21T12:27:16+00:00","dateModified":"2022-05-03T07:38:00+00:00","description":"Sur cette page, vous trouverez les vid\u00e9os de nos presses hydrauliques, cintreuses de profil\u00e9s et poin\u00e7onneuses. Cliquez sur \"play\" et profitez-en !","breadcrumb":{"@id":"https:\/\/rhtc-workshoppress.com\/fr\/videos\/#breadcrumb"},"inLanguage":"fr-FR","potentialAction":[{"@type":"ReadAction","target":["https:\/\/rhtc-workshoppress.com\/fr\/videos\/"]}]},{"@type":"BreadcrumbList","@id":"https:\/\/rhtc-workshoppress.com\/fr\/videos\/#breadcrumb","itemListElement":[{"@type":"ListItem","position":1,"name":"Home","item":"https:\/\/rhtc-workshoppress.com\/fr\/"},{"@type":"ListItem","position":2,"name":"Vid\u00e9os"}]},{"@type":"WebSite","@id":"https:\/\/rhtc-workshoppress.com\/fr\/#website","url":"https:\/\/rhtc-workshoppress.com\/fr\/","name":"RHTC","description":"Profi Press, high quality hydraulic presses","publisher":{"@id":"https:\/\/rhtc-workshoppress.com\/fr\/#organization"},"potentialAction":[{"@type":"SearchAction","target":{"@type":"EntryPoint","urlTemplate":"https:\/\/rhtc-workshoppress.com\/fr\/?s={search_term_string}"},"query-input":{"@type":"PropertyValueSpecification","valueRequired":true,"valueName":"search_term_string"}}],"inLanguage":"fr-FR"},{"@type":"Organization","@id":"https:\/\/rhtc-workshoppress.com\/fr\/#organization","name":"RHTC B.V.","url":"https:\/\/rhtc-workshoppress.com\/fr\/","logo":{"@type":"ImageObject","inLanguage":"fr-FR","@id":"https:\/\/rhtc-workshoppress.com\/fr\/#\/schema\/logo\/image\/","url":"https:\/\/rhtc-workshoppress.com\/wp-content\/uploads\/2019\/04\/Logo-wit-scaled.jpg","contentUrl":"https:\/\/rhtc-workshoppress.com\/wp-content\/uploads\/2019\/04\/Logo-wit-scaled.jpg","width":3000,"height":2250,"caption":"RHTC B.V."},"image":{"@id":"https:\/\/rhtc-workshoppress.com\/fr\/#\/schema\/logo\/image\/"}}]}},"_links":{"self":[{"href":"https:\/\/rhtc-workshoppress.com\/fr\/wp-json\/wp\/v2\/pages\/24830","targetHints":{"allow":["GET"]}}],"collection":[{"href":"https:\/\/rhtc-workshoppress.com\/fr\/wp-json\/wp\/v2\/pages"}],"about":[{"href":"https:\/\/rhtc-workshoppress.com\/fr\/wp-json\/wp\/v2\/types\/page"}],"author":[{"embeddable":true,"href":"https:\/\/rhtc-workshoppress.com\/fr\/wp-json\/wp\/v2\/users\/1"}],"replies":[{"embeddable":true,"href":"https:\/\/rhtc-workshoppress.com\/fr\/wp-json\/wp\/v2\/comments?post=24830"}],"version-history":[{"count":4,"href":"https:\/\/rhtc-workshoppress.com\/fr\/wp-json\/wp\/v2\/pages\/24830\/revisions"}],"predecessor-version":[{"id":28509,"href":"https:\/\/rhtc-workshoppress.com\/fr\/wp-json\/wp\/v2\/pages\/24830\/revisions\/28509"}],"wp:attachment":[{"href":"https:\/\/rhtc-workshoppress.com\/fr\/wp-json\/wp\/v2\/media?parent=24830"}],"curies":[{"name":"wp","href":"https:\/\/api.w.org\/{rel}","templated":true}]}}