{"id":28031,"date":"2019-02-06T14:27:57","date_gmt":"2019-02-06T14:27:57","guid":{"rendered":"https:\/\/rhtc-workshoppress.com\/productos\/maquinas-de-perforacion\/profi-punch-16-ton\/"},"modified":"2022-04-11T09:53:58","modified_gmt":"2022-04-11T09:53:58","slug":"profi-punch-16-ton","status":"publish","type":"page","link":"https:\/\/rhtc-workshoppress.com\/es\/productos\/maquinas-de-perforacion\/profi-punch-16-ton\/","title":{"rendered":"Profi Punch 16 TON"},"content":{"rendered":"<p>[et_pb_section fb_built=\u00bb1&#8243; custom_padding_last_edited=\u00bbon|desktop\u00bb admin_label=\u00bbHeader\u00bb module_class=\u00bbheader-top-sub\u00bb _builder_version=\u00bb3.19.15&#8243; use_background_color_gradient=\u00bbon\u00bb background_color_gradient_start=\u00bb#352597&#8243; background_color_gradient_end=\u00bb#8686FF\u00bb background_color_gradient_direction=\u00bb130deg\u00bb background_image=\u00bbhttps:\/\/rhtc-workshoppress.com\/wp-content\/uploads\/2019\/02\/background-header-nologo.png\u00bb parallax=\u00bbon\u00bb custom_padding=\u00bb0||100px||false|false\u00bb custom_padding_tablet=\u00bb100px||100px||true\u00bb custom_padding_phone=\u00bb||||true\u00bb bottom_divider_height=\u00bb250px\u00bb bottom_divider_flip=\u00bbhorizontal\u00bb bottom_divider_height_tablet=\u00bb150px\u00bb bottom_divider_height_phone=\u00bb110px\u00bb bottom_divider_height_last_edited=\u00bbon|phone\u00bb saved_tabs=\u00bball\u00bb][\/et_pb_section][et_pb_section fb_built=\u00bb1&#8243; admin_label=\u00bbServices\u00bb _builder_version=\u00bb3.14&#8243; custom_padding=\u00bb0|0px|0|0px|true|false\u00bb bottom_divider_color=\u00bb#0c71c3&#8243;][et_pb_row _builder_version=\u00bb3.14&#8243;][et_pb_column type=\u00bb4_4&#8243; _builder_version=\u00bb3.0.47&#8243;][et_pb_code _builder_version=\u00bb3.14&#8243; global_module=\u00bb339&#8243;]<span><span><a href=\"https:\/\/rhtc-workshoppress.com\/es\/\">Home<\/a><\/span><\/span>[\/et_pb_code][\/et_pb_column][\/et_pb_row][et_pb_row custom_padding=\u00bb4px|0px|27px|0px|false|false\u00bb _builder_version=\u00bb3.3.1&#8243;][et_pb_column type=\u00bb4_4&#8243; _builder_version=\u00bb3.0.47&#8243;][et_pb_text module_class=\u00bbproduct-name\u00bb _builder_version=\u00bb3.20.2&#8243; text_font_size=\u00bb16px\u00bb text_line_height=\u00bb2em\u00bb header_2_font=\u00bbRoboto|700|||||||\u00bb header_2_font_size=\u00bb45px\u00bb header_2_font_size_tablet=\u00bb35px\u00bb header_2_font_size_phone=\u00bb28px\u00bb header_2_font_size_last_edited=\u00bbon|phone\u00bb header_2_line_height=\u00bb1.2em\u00bb text_orientation=\u00bbcenter\u00bb max_width=\u00bb800px\u00bb max_width_last_edited=\u00bboff|desktop\u00bb module_alignment=\u00bbcenter\u00bb custom_margin=\u00bb|||\u00bb custom_padding=\u00bb|||\u00bb]<\/p>\n<h2>Profi Punch 16 TON<\/h2>\n<p>[\/et_pb_text][\/et_pb_column][\/et_pb_row][\/et_pb_section][et_pb_section fb_built=\u00bb1&#8243; specialty=\u00bbon\u00bb _builder_version=\u00bb3.0.47&#8243; custom_padding=\u00bb2px|0px|54px|0px|false|false\u00bb][et_pb_column type=\u00bb1_2&#8243; _builder_version=\u00bb3.0.47&#8243;][et_pb_image src=\u00bbhttps:\/\/rhtc-workshoppress.com\/wp-content\/uploads\/2019\/02\/Profi-Punch-16-hydraulic.png\u00bb module_class=\u00bbzoooom\u00bb _builder_version=\u00bb3.19.15&#8243; max_width=\u00bb65{cac4c9dc6722fe84e5c9b5f9db854df7049fc70354449285581c113afa32c774}\u00bb max_width_last_edited=\u00bboff|desktop\u00bb module_alignment=\u00bbcenter\u00bb][\/et_pb_image][\/et_pb_column][et_pb_column type=\u00bb1_2&#8243; specialty_columns=\u00bb2&#8243; _builder_version=\u00bb3.0.47&#8243;][et_pb_row_inner _builder_version=\u00bb3.0.47&#8243;][et_pb_column_inner type=\u00bb4_4&#8243; saved_specialty_column_type=\u00bb1_2&#8243; _builder_version=\u00bb3.0.47&#8243;][et_pb_text _builder_version=\u00bb3.20.2&#8243;]<\/p>\n<p style=\"text-align: justify;\">La Profi Punch &#8217;16 es una punzonadora hidr\u00e1ulica que tambi\u00e9n puede utilizarse como prensa de bastidor en C.<\/p>\n<p style=\"text-align: justify;\">Nuestras punzonadoras pueden suministrarse con varias herramientas de perforaci\u00f3n (est\u00e1ndar o a medida). Estas herramientas pueden fijarse directamente bajo el pist\u00f3n de presi\u00f3n de esta punzonadora hidr\u00e1ulica. Gracias a este sistema de punzonado, se puede realizar una amplia gama de operaciones de punzonado y prensado con una sola m\u00e1quina (y con utillaje intercambiable).<\/p>\n<p style=\"text-align: justify;\">Esta punzonadora hidr\u00e1ulica est\u00e1 fabricada en Europa y la entregamos directamente desde nuestro stock.<\/p>\n<p><a href=\"https:\/\/rhtc-workshoppress.com\/es\/contacto\/\">P\u00f3ngase en contacto con nosotros<\/a> para obtener m\u00e1s informaci\u00f3n o p\u00eddanos un presupuesto a trav\u00e9s del siguiente bot\u00f3n.<\/p>\n<p>[\/et_pb_text][\/et_pb_column_inner][\/et_pb_row_inner][et_pb_row_inner _builder_version=\u00bb3.14&#8243;][et_pb_column_inner type=\u00bb4_4&#8243; saved_specialty_column_type=\u00bb1_2&#8243; _builder_version=\u00bb3.0.47&#8243;][et_pb_button button_url=\u00bbhttps:\/\/rhtc-workshoppress.com\/es\/oferta\/\u00bb button_text=\u00bbPedir presupuesto\u00bb button_alignment=\u00bbcenter\u00bb module_class=\u00bbquotation-button\u00bb _builder_version=\u00bb3.20.2&#8243; custom_button=\u00bbon\u00bb button_text_size=\u00bb13px\u00bb button_bg_color=\u00bb#f48004&#8243; button_bg_color_gradient_start=\u00bb#00f264&#8243; button_bg_color_gradient_end=\u00bb#fcb6ab\u00bb button_bg_color_gradient_direction=\u00bb90deg\u00bb button_border_width=\u00bb0px\u00bb button_border_color=\u00bbrgba(0,0,0,0)\u00bb button_border_radius=\u00bb4px\u00bb button_letter_spacing=\u00bb5px\u00bb button_font=\u00bbRoboto|700||on|||||\u00bb background_layout=\u00bbdark\u00bb custom_margin=\u00bb|||\u00bb custom_padding=\u00bb18px|34px|18px|34px|true|true\u00bb button_letter_spacing_hover=\u00bb5.5px\u00bb locked=\u00bboff\u00bb button_text_size__hover_enabled=\u00bboff\u00bb button_one_text_size__hover_enabled=\u00bboff\u00bb button_two_text_size__hover_enabled=\u00bboff\u00bb button_text_color__hover_enabled=\u00bboff\u00bb button_one_text_color__hover_enabled=\u00bboff\u00bb button_two_text_color__hover_enabled=\u00bboff\u00bb button_border_width__hover_enabled=\u00bboff\u00bb button_one_border_width__hover_enabled=\u00bboff\u00bb button_two_border_width__hover_enabled=\u00bboff\u00bb button_border_color__hover_enabled=\u00bboff\u00bb button_one_border_color__hover_enabled=\u00bboff\u00bb button_two_border_color__hover_enabled=\u00bboff\u00bb button_border_radius__hover_enabled=\u00bboff\u00bb button_one_border_radius__hover_enabled=\u00bboff\u00bb button_two_border_radius__hover_enabled=\u00bboff\u00bb button_letter_spacing__hover_enabled=\u00bbon\u00bb button_letter_spacing__hover=\u00bb5.5px\u00bb button_one_letter_spacing__hover_enabled=\u00bboff\u00bb button_two_letter_spacing__hover_enabled=\u00bboff\u00bb button_bg_color__hover_enabled=\u00bboff\u00bb button_one_bg_color__hover_enabled=\u00bboff\u00bb button_two_bg_color__hover_enabled=\u00bboff\u00bb][\/et_pb_button][\/et_pb_column_inner][\/et_pb_row_inner][et_pb_row_inner _builder_version=\u00bb3.0.47&#8243;][et_pb_column_inner type=\u00bb1_3&#8243; saved_specialty_column_type=\u00bb1_2&#8243; _builder_version=\u00bb3.0.47&#8243;][et_pb_image src=\u00bbhttps:\/\/rhtc-workshoppress.com\/wp-content\/uploads\/2019\/11\/Hydraulic-punching-machine.png\u00bb show_in_lightbox=\u00bbon\u00bb _builder_version=\u00bb3.20.2&#8243; max_width=\u00bb80{cac4c9dc6722fe84e5c9b5f9db854df7049fc70354449285581c113afa32c774}\u00bb][\/et_pb_image][\/et_pb_column_inner][et_pb_column_inner type=\u00bb1_3&#8243; saved_specialty_column_type=\u00bb1_2&#8243; _builder_version=\u00bb3.0.47&#8243;][et_pb_image src=\u00bbhttps:\/\/rhtc-workshoppress.com\/wp-content\/uploads\/2019\/11\/punchingmachine.png\u00bb show_in_lightbox=\u00bbon\u00bb _builder_version=\u00bb3.20.2&#8243; max_width=\u00bb80{cac4c9dc6722fe84e5c9b5f9db854df7049fc70354449285581c113afa32c774}\u00bb][\/et_pb_image][\/et_pb_column_inner][et_pb_column_inner type=\u00bb1_3&#8243; saved_specialty_column_type=\u00bb1_2&#8243; _builder_version=\u00bb3.0.47&#8243;][et_pb_image src=\u00bbhttps:\/\/rhtc-workshoppress.com\/wp-content\/uploads\/2019\/02\/detail-TOOL.png\u00bb show_in_lightbox=\u00bbon\u00bb _builder_version=\u00bb3.19.15&#8243; max_width=\u00bb80{cac4c9dc6722fe84e5c9b5f9db854df7049fc70354449285581c113afa32c774}\u00bb][\/et_pb_image][\/et_pb_column_inner][\/et_pb_row_inner][\/et_pb_column][\/et_pb_section][et_pb_section fb_built=\u00bb1&#8243; admin_label=\u00bbServices\u00bb _builder_version=\u00bb3.14&#8243; custom_padding=\u00bb0|0px|0|0px|true|false\u00bb bottom_divider_color=\u00bb#0c71c3&#8243;][et_pb_row use_custom_width=\u00bbon\u00bb custom_width_px=\u00bb1440px\u00bb use_custom_gutter=\u00bbon\u00bb gutter_width=\u00bb2&#8243; custom_padding=\u00bb27px|0px|0|0px|false|false\u00bb _builder_version=\u00bb3.3.1&#8243; background_color=\u00bb#ffffff\u00bb][et_pb_column type=\u00bb1_3&#8243; _builder_version=\u00bb3.0.47&#8243;][et_pb_text _builder_version=\u00bb3.20.2&#8243;]<\/p>\n<p><strong>Especificaciones t\u00e9cnicas<\/strong><\/p>\n<p><strong><\/strong><\/p>\n<ul>\n<li>Fuerza de presi\u00f3n [tn]: 16<\/li>\n<li>Potencia del motor [kW]: 2.2<\/li>\n<li>Velocidad m\u00ednima de trabajo [mm\/sec]: 2<\/li>\n<li style=\"cursor: text; outline-color: transparent; outline-style: none; outline-width: 0px;\">Max. velocidad de trabajo [mm\/sec]: 9.8<\/li>\n<li>Velocidad de retorno [mm\/sec]: 20<\/li>\n<li>Carrera del pist\u00f3n [mm]: 70<\/li>\n<li>Profundidad de la garganta [mm] 160<\/li>\n<li>Longitud total [mm]: 800<\/li>\n<li style=\"cursor: text; outline-color: transparent; outline-style: none; outline-width: 0px;\">Anchura total [mm]: 450<\/li>\n<li style=\"cursor: text; outline-color: transparent; outline-style: none; outline-width: 0px;\">Altura total [mm]: 1430<\/li>\n<li>Peso [kg]: 350<\/li>\n<\/ul>\n<p>[\/et_pb_text][\/et_pb_column][et_pb_column type=\u00bb1_3&#8243; _builder_version=\u00bb3.0.47&#8243;][et_pb_text _builder_version=\u00bb3.20.2&#8243;]<\/p>\n<p><strong>Caracter\u00edsticas<\/strong><\/p>\n<p><strong><\/strong><\/p>\n<ul>\n<li>Puede utilizarse como punzonadora y prensa de bastidor en C<\/li>\n<li>Carrera del pist\u00f3n ajustable hasta 70 mm<\/li>\n<li>Modo manual \/ autom\u00e1tico<\/li>\n<li>Por ejemplo, los punzones intercambiables:\n<ul>\n<li>Punz\u00f3n en forma de cu\u00f1a de esquina<\/li>\n<li>Cortatubos para tubos perpendiculares<\/li>\n<li>Perforadora con ranura<\/li>\n<li>Muesca de redondeo de esquinas<\/li>\n<li>Escuadra de corte de esquinas<\/li>\n<li>Perforadora para tubos<\/li>\n<li>Cortadora de chapa<\/li>\n<\/ul>\n<\/li>\n<\/ul>\n<p>[\/et_pb_text][\/et_pb_column][et_pb_column type=\u00bb1_3&#8243; _builder_version=\u00bb3.0.47&#8243;][et_pb_video src=\u00bbhttps:\/\/www.youtube.com\/watch?v=jP-w229dMYc&#038;t=3s\u00bb module_class=\u00bbvideo-homepage\u00bb _builder_version=\u00bb3.20.2&#8243;][\/et_pb_video][et_pb_text _builder_version=\u00bb3.20.2&#8243;]<\/p>\n<p><a href=\"https:\/\/www.youtube.com\/user\/rhtcworkshoppresses\/videos\" target=\"_blank\" rel=\"noopener noreferrer\">Encontrar\u00e1 m\u00e1s v\u00eddeos en nuestro canal de YouTube!<\/a><\/p>\n<p>[\/et_pb_text][\/et_pb_column][\/et_pb_row][\/et_pb_section][et_pb_section fb_built=\u00bb1&#8243; custom_padding_last_edited=\u00bbon|desktop\u00bb prev_background_color=\u00bb#ffffff\u00bb admin_label=\u00bbFooter\u00bb _builder_version=\u00bb3.14&#8243; use_background_color_gradient=\u00bbon\u00bb background_color_gradient_start=\u00bb#352597&#8243; background_color_gradient_end=\u00bb#8686FF\u00bb background_color_gradient_direction=\u00bb130deg\u00bb background_image=\u00bbhttps:\/\/rhtc-workshoppress.com\/wp-content\/uploads\/2018\/09\/below.jpg\u00bb parallax=\u00bbon\u00bb custom_padding=\u00bb9vw||50px||false|false\u00bb custom_padding_tablet=\u00bb100px||100px||true\u00bb custom_padding_phone=\u00bb||||true\u00bb top_divider_style=\u00bbramp\u00bb top_divider_height=\u00bb250px\u00bb top_divider_flip=\u00bbvertical\u00bb top_divider_height_tablet=\u00bb150px\u00bb top_divider_height_phone=\u00bb110px\u00bb top_divider_height_last_edited=\u00bbon|phone\u00bb saved_tabs=\u00bball\u00bb][et_pb_row make_fullwidth=\u00bbon\u00bb custom_padding=\u00bb|||\u00bb _builder_version=\u00bb3.3.1&#8243; custom_margin_phone=\u00bb|||\u00bb custom_margin_last_edited=\u00bboff|desktop\u00bb][et_pb_column type=\u00bb4_4&#8243; _builder_version=\u00bb3.0.47&#8243;][et_pb_text _builder_version=\u00bb3.14&#8243; text_font=\u00bb||||||||\u00bb text_font_size_last_edited=\u00bboff|desktop\u00bb header_font=\u00bb||||||||\u00bb header_2_font=\u00bbRoboto|700|||||||\u00bb header_2_font_size=\u00bb50px\u00bb header_2_font_size_tablet=\u00bb40px\u00bb header_2_font_size_phone=\u00bb32px\u00bb header_2_font_size_last_edited=\u00bbon|desktop\u00bb header_2_line_height=\u00bb1.4em\u00bb header_3_font=\u00bbRoboto|700||on|||||\u00bb header_3_text_align=\u00bbcenter\u00bb header_3_text_color=\u00bb#ffffff\u00bb header_3_font_size=\u00bb24px\u00bb header_3_font_size_tablet=\u00bb16px\u00bb header_3_font_size_phone=\u00bb14px\u00bb header_3_font_size_last_edited=\u00bbon|phone\u00bb header_3_letter_spacing=\u00bb5px\u00bb header_3_line_height=\u00bb2em\u00bb text_orientation=\u00bbcenter\u00bb background_layout=\u00bbdark\u00bb max_width=\u00bb850px\u00bb module_alignment=\u00bbcenter\u00bb custom_margin=\u00bb|||\u00bb custom_padding=\u00bb|||\u00bb]<\/p>\n<h3><\/h3>\n<h2>&#8216; PRESIONAR PARA IMPRESIONAR &#8216;<\/h2>\n<h3>Sigamos en contacto<\/h3>\n<p>[\/et_pb_text][et_pb_button button_url=\u00bbhttps:\/\/rhtc-workshoppress.com\/es\/contacto\/\u00bb button_text=\u00bbCont\u00e1ctenos\u00bb button_alignment=\u00bbcenter\u00bb _builder_version=\u00bb3.19.15&#8243; custom_button=\u00bbon\u00bb button_text_size=\u00bb13px\u00bb button_bg_color=\u00bb#f48004&#8243; button_bg_color_gradient_start=\u00bb#00f264&#8243; button_bg_color_gradient_end=\u00bb#fcb6ab\u00bb button_bg_color_gradient_direction=\u00bb90deg\u00bb button_border_width=\u00bb0px\u00bb button_border_color=\u00bbrgba(0,0,0,0)\u00bb button_border_radius=\u00bb4px\u00bb button_letter_spacing=\u00bb5px\u00bb button_font=\u00bbRoboto|700||on|||||\u00bb background_layout=\u00bbdark\u00bb custom_margin=\u00bb|||\u00bb custom_padding=\u00bb18px|34px|18px|34px|true|true\u00bb button_letter_spacing_hover=\u00bb5.5px\u00bb locked=\u00bboff\u00bb button_text_size__hover_enabled=\u00bboff\u00bb button_one_text_size__hover_enabled=\u00bboff\u00bb button_two_text_size__hover_enabled=\u00bboff\u00bb button_text_color__hover_enabled=\u00bboff\u00bb button_one_text_color__hover_enabled=\u00bboff\u00bb button_two_text_color__hover_enabled=\u00bboff\u00bb button_border_width__hover_enabled=\u00bboff\u00bb button_one_border_width__hover_enabled=\u00bboff\u00bb button_two_border_width__hover_enabled=\u00bboff\u00bb button_border_color__hover_enabled=\u00bboff\u00bb button_one_border_color__hover_enabled=\u00bboff\u00bb button_two_border_color__hover_enabled=\u00bboff\u00bb button_border_radius__hover_enabled=\u00bboff\u00bb button_one_border_radius__hover_enabled=\u00bboff\u00bb button_two_border_radius__hover_enabled=\u00bboff\u00bb button_letter_spacing__hover_enabled=\u00bbon\u00bb button_letter_spacing__hover=\u00bb5.5px\u00bb button_one_letter_spacing__hover_enabled=\u00bboff\u00bb button_two_letter_spacing__hover_enabled=\u00bboff\u00bb button_bg_color__hover_enabled=\u00bboff\u00bb button_one_bg_color__hover_enabled=\u00bboff\u00bb button_two_bg_color__hover_enabled=\u00bboff\u00bb][\/et_pb_button][\/et_pb_column][\/et_pb_row][\/et_pb_section]<\/p>\n","protected":false},"excerpt":{"rendered":"<p><span><span><a href=\"https:\/\/rhtc-workshoppress.com\/es\/\">Home<\/a><\/span><\/span>Profi Punch 16 TON La Profi Punch &#8217;16 es una punzonadora hidr\u00e1ulica que tambi\u00e9n puede utilizarse como prensa de bastidor en C. Nuestras punzonadoras pueden suministrarse con varias herramientas de perforaci\u00f3n (est\u00e1ndar o a medida). Estas herramientas pueden fijarse directamente bajo el pist\u00f3n de presi\u00f3n de esta punzonadora hidr\u00e1ulica. Gracias a este sistema de punzonado, [&hellip;]<\/p>\n","protected":false},"author":1,"featured_media":0,"parent":27086,"menu_order":0,"comment_status":"closed","ping_status":"closed","template":"","meta":{"_et_pb_use_builder":"on","_et_pb_old_content":"","_et_gb_content_width":"","inline_featured_image":false,"footnotes":""},"class_list":["post-28031","page","type-page","status-publish","hentry"],"yoast_head":"<!-- This site is optimized with the Yoast SEO plugin v27.3 - https:\/\/yoast.com\/product\/yoast-seo-wordpress\/ -->\n<title>Profi Punch 16 TON | Profi Punch, Punzonadoras de Alta Calidad - RHTC<\/title>\n<meta name=\"description\" content=\"Nuestra punzonadora hidr\u00e1ulica tiene una capacidad de 16 toneladas y est\u00e1 fabricada en Europa. Una m\u00e1quina de alta calidad para muchas operaciones de punzonado, corte y prensado.\" \/>\n<meta name=\"robots\" content=\"index, follow, max-snippet:-1, max-image-preview:large, max-video-preview:-1\" \/>\n<link rel=\"canonical\" href=\"https:\/\/rhtc-workshoppress.com\/es\/productos\/maquinas-de-perforacion\/profi-punch-16-ton\/\" \/>\n<meta property=\"og:locale\" content=\"es_ES\" \/>\n<meta property=\"og:type\" content=\"article\" \/>\n<meta property=\"og:title\" content=\"Profi Punch 16 TON | Profi Punch, Punzonadoras de Alta Calidad - RHTC\" \/>\n<meta property=\"og:description\" content=\"Nuestra punzonadora hidr\u00e1ulica tiene una capacidad de 16 toneladas y est\u00e1 fabricada en Europa. Una m\u00e1quina de alta calidad para muchas operaciones de punzonado, corte y prensado.\" \/>\n<meta property=\"og:url\" content=\"https:\/\/rhtc-workshoppress.com\/es\/productos\/maquinas-de-perforacion\/profi-punch-16-ton\/\" \/>\n<meta property=\"og:site_name\" content=\"RHTC\" \/>\n<meta property=\"article:modified_time\" content=\"2022-04-11T09:53:58+00:00\" \/>\n<meta name=\"twitter:card\" content=\"summary_large_image\" \/>\n<meta name=\"twitter:label1\" content=\"Tiempo de lectura\" \/>\n\t<meta name=\"twitter:data1\" content=\"8 minutos\" \/>\n<script type=\"application\/ld+json\" class=\"yoast-schema-graph\">{\"@context\":\"https:\\\/\\\/schema.org\",\"@graph\":[{\"@type\":\"WebPage\",\"@id\":\"https:\\\/\\\/rhtc-workshoppress.com\\\/es\\\/productos\\\/maquinas-de-perforacion\\\/profi-punch-16-ton\\\/\",\"url\":\"https:\\\/\\\/rhtc-workshoppress.com\\\/es\\\/productos\\\/maquinas-de-perforacion\\\/profi-punch-16-ton\\\/\",\"name\":\"Profi Punch 16 TON | Profi Punch, Punzonadoras de Alta Calidad - RHTC\",\"isPartOf\":{\"@id\":\"https:\\\/\\\/rhtc-workshoppress.com\\\/es\\\/#website\"},\"datePublished\":\"2019-02-06T14:27:57+00:00\",\"dateModified\":\"2022-04-11T09:53:58+00:00\",\"description\":\"Nuestra punzonadora hidr\u00e1ulica tiene una capacidad de 16 toneladas y est\u00e1 fabricada en Europa. Una m\u00e1quina de alta calidad para muchas operaciones de punzonado, corte y prensado.\",\"breadcrumb\":{\"@id\":\"https:\\\/\\\/rhtc-workshoppress.com\\\/es\\\/productos\\\/maquinas-de-perforacion\\\/profi-punch-16-ton\\\/#breadcrumb\"},\"inLanguage\":\"es\",\"potentialAction\":[{\"@type\":\"ReadAction\",\"target\":[\"https:\\\/\\\/rhtc-workshoppress.com\\\/es\\\/productos\\\/maquinas-de-perforacion\\\/profi-punch-16-ton\\\/\"]}]},{\"@type\":\"BreadcrumbList\",\"@id\":\"https:\\\/\\\/rhtc-workshoppress.com\\\/es\\\/productos\\\/maquinas-de-perforacion\\\/profi-punch-16-ton\\\/#breadcrumb\",\"itemListElement\":[{\"@type\":\"ListItem\",\"position\":1,\"name\":\"Home\",\"item\":\"https:\\\/\\\/rhtc-workshoppress.com\\\/es\\\/\"},{\"@type\":\"ListItem\",\"position\":2,\"name\":\"Productos\",\"item\":\"https:\\\/\\\/rhtc-workshoppress.com\\\/es\\\/productos\\\/\"},{\"@type\":\"ListItem\",\"position\":3,\"name\":\"Perforadoras\",\"item\":\"https:\\\/\\\/rhtc-workshoppress.com\\\/es\\\/productos\\\/maquinas-de-perforacion\\\/\"},{\"@type\":\"ListItem\",\"position\":4,\"name\":\"Profi Punch 16 TON\"}]},{\"@type\":\"WebSite\",\"@id\":\"https:\\\/\\\/rhtc-workshoppress.com\\\/es\\\/#website\",\"url\":\"https:\\\/\\\/rhtc-workshoppress.com\\\/es\\\/\",\"name\":\"RHTC\",\"description\":\"Profi Press, high quality hydraulic presses\",\"publisher\":{\"@id\":\"https:\\\/\\\/rhtc-workshoppress.com\\\/es\\\/#organization\"},\"potentialAction\":[{\"@type\":\"SearchAction\",\"target\":{\"@type\":\"EntryPoint\",\"urlTemplate\":\"https:\\\/\\\/rhtc-workshoppress.com\\\/es\\\/?s={search_term_string}\"},\"query-input\":{\"@type\":\"PropertyValueSpecification\",\"valueRequired\":true,\"valueName\":\"search_term_string\"}}],\"inLanguage\":\"es\"},{\"@type\":\"Organization\",\"@id\":\"https:\\\/\\\/rhtc-workshoppress.com\\\/es\\\/#organization\",\"name\":\"RHTC B.V.\",\"url\":\"https:\\\/\\\/rhtc-workshoppress.com\\\/es\\\/\",\"logo\":{\"@type\":\"ImageObject\",\"inLanguage\":\"es\",\"@id\":\"https:\\\/\\\/rhtc-workshoppress.com\\\/es\\\/#\\\/schema\\\/logo\\\/image\\\/\",\"url\":\"https:\\\/\\\/rhtc-workshoppress.com\\\/wp-content\\\/uploads\\\/2019\\\/04\\\/Logo-wit-scaled.jpg\",\"contentUrl\":\"https:\\\/\\\/rhtc-workshoppress.com\\\/wp-content\\\/uploads\\\/2019\\\/04\\\/Logo-wit-scaled.jpg\",\"width\":3000,\"height\":2250,\"caption\":\"RHTC B.V.\"},\"image\":{\"@id\":\"https:\\\/\\\/rhtc-workshoppress.com\\\/es\\\/#\\\/schema\\\/logo\\\/image\\\/\"}}]}<\/script>\n<!-- \/ Yoast SEO plugin. -->","yoast_head_json":{"title":"Profi Punch 16 TON | Profi Punch, Punzonadoras de Alta Calidad - RHTC","description":"Nuestra punzonadora hidr\u00e1ulica tiene una capacidad de 16 toneladas y est\u00e1 fabricada en Europa. Una m\u00e1quina de alta calidad para muchas operaciones de punzonado, corte y prensado.","robots":{"index":"index","follow":"follow","max-snippet":"max-snippet:-1","max-image-preview":"max-image-preview:large","max-video-preview":"max-video-preview:-1"},"canonical":"https:\/\/rhtc-workshoppress.com\/es\/productos\/maquinas-de-perforacion\/profi-punch-16-ton\/","og_locale":"es_ES","og_type":"article","og_title":"Profi Punch 16 TON | Profi Punch, Punzonadoras de Alta Calidad - RHTC","og_description":"Nuestra punzonadora hidr\u00e1ulica tiene una capacidad de 16 toneladas y est\u00e1 fabricada en Europa. Una m\u00e1quina de alta calidad para muchas operaciones de punzonado, corte y prensado.","og_url":"https:\/\/rhtc-workshoppress.com\/es\/productos\/maquinas-de-perforacion\/profi-punch-16-ton\/","og_site_name":"RHTC","article_modified_time":"2022-04-11T09:53:58+00:00","twitter_card":"summary_large_image","twitter_misc":{"Tiempo de lectura":"8 minutos"},"schema":{"@context":"https:\/\/schema.org","@graph":[{"@type":"WebPage","@id":"https:\/\/rhtc-workshoppress.com\/es\/productos\/maquinas-de-perforacion\/profi-punch-16-ton\/","url":"https:\/\/rhtc-workshoppress.com\/es\/productos\/maquinas-de-perforacion\/profi-punch-16-ton\/","name":"Profi Punch 16 TON | Profi Punch, Punzonadoras de Alta Calidad - RHTC","isPartOf":{"@id":"https:\/\/rhtc-workshoppress.com\/es\/#website"},"datePublished":"2019-02-06T14:27:57+00:00","dateModified":"2022-04-11T09:53:58+00:00","description":"Nuestra punzonadora hidr\u00e1ulica tiene una capacidad de 16 toneladas y est\u00e1 fabricada en Europa. Una m\u00e1quina de alta calidad para muchas operaciones de punzonado, corte y prensado.","breadcrumb":{"@id":"https:\/\/rhtc-workshoppress.com\/es\/productos\/maquinas-de-perforacion\/profi-punch-16-ton\/#breadcrumb"},"inLanguage":"es","potentialAction":[{"@type":"ReadAction","target":["https:\/\/rhtc-workshoppress.com\/es\/productos\/maquinas-de-perforacion\/profi-punch-16-ton\/"]}]},{"@type":"BreadcrumbList","@id":"https:\/\/rhtc-workshoppress.com\/es\/productos\/maquinas-de-perforacion\/profi-punch-16-ton\/#breadcrumb","itemListElement":[{"@type":"ListItem","position":1,"name":"Home","item":"https:\/\/rhtc-workshoppress.com\/es\/"},{"@type":"ListItem","position":2,"name":"Productos","item":"https:\/\/rhtc-workshoppress.com\/es\/productos\/"},{"@type":"ListItem","position":3,"name":"Perforadoras","item":"https:\/\/rhtc-workshoppress.com\/es\/productos\/maquinas-de-perforacion\/"},{"@type":"ListItem","position":4,"name":"Profi Punch 16 TON"}]},{"@type":"WebSite","@id":"https:\/\/rhtc-workshoppress.com\/es\/#website","url":"https:\/\/rhtc-workshoppress.com\/es\/","name":"RHTC","description":"Profi Press, high quality hydraulic presses","publisher":{"@id":"https:\/\/rhtc-workshoppress.com\/es\/#organization"},"potentialAction":[{"@type":"SearchAction","target":{"@type":"EntryPoint","urlTemplate":"https:\/\/rhtc-workshoppress.com\/es\/?s={search_term_string}"},"query-input":{"@type":"PropertyValueSpecification","valueRequired":true,"valueName":"search_term_string"}}],"inLanguage":"es"},{"@type":"Organization","@id":"https:\/\/rhtc-workshoppress.com\/es\/#organization","name":"RHTC B.V.","url":"https:\/\/rhtc-workshoppress.com\/es\/","logo":{"@type":"ImageObject","inLanguage":"es","@id":"https:\/\/rhtc-workshoppress.com\/es\/#\/schema\/logo\/image\/","url":"https:\/\/rhtc-workshoppress.com\/wp-content\/uploads\/2019\/04\/Logo-wit-scaled.jpg","contentUrl":"https:\/\/rhtc-workshoppress.com\/wp-content\/uploads\/2019\/04\/Logo-wit-scaled.jpg","width":3000,"height":2250,"caption":"RHTC B.V."},"image":{"@id":"https:\/\/rhtc-workshoppress.com\/es\/#\/schema\/logo\/image\/"}}]}},"_links":{"self":[{"href":"https:\/\/rhtc-workshoppress.com\/es\/wp-json\/wp\/v2\/pages\/28031","targetHints":{"allow":["GET"]}}],"collection":[{"href":"https:\/\/rhtc-workshoppress.com\/es\/wp-json\/wp\/v2\/pages"}],"about":[{"href":"https:\/\/rhtc-workshoppress.com\/es\/wp-json\/wp\/v2\/types\/page"}],"author":[{"embeddable":true,"href":"https:\/\/rhtc-workshoppress.com\/es\/wp-json\/wp\/v2\/users\/1"}],"replies":[{"embeddable":true,"href":"https:\/\/rhtc-workshoppress.com\/es\/wp-json\/wp\/v2\/comments?post=28031"}],"version-history":[{"count":6,"href":"https:\/\/rhtc-workshoppress.com\/es\/wp-json\/wp\/v2\/pages\/28031\/revisions"}],"predecessor-version":[{"id":28037,"href":"https:\/\/rhtc-workshoppress.com\/es\/wp-json\/wp\/v2\/pages\/28031\/revisions\/28037"}],"up":[{"embeddable":true,"href":"https:\/\/rhtc-workshoppress.com\/es\/wp-json\/wp\/v2\/pages\/27086"}],"wp:attachment":[{"href":"https:\/\/rhtc-workshoppress.com\/es\/wp-json\/wp\/v2\/media?parent=28031"}],"curies":[{"name":"wp","href":"https:\/\/api.w.org\/{rel}","templated":true}]}}