{"id":27045,"date":"2020-04-21T12:27:16","date_gmt":"2020-04-21T12:27:16","guid":{"rendered":"https:\/\/rhtc-workshoppress.com\/videos\/"},"modified":"2022-05-03T07:44:17","modified_gmt":"2022-05-03T07:44:17","slug":"videos","status":"publish","type":"page","link":"https:\/\/rhtc-workshoppress.com\/es\/videos\/","title":{"rendered":"V\u00eddeos"},"content":{"rendered":"<p>[et_pb_section fb_built=\u00bb1&#8243; custom_padding_last_edited=\u00bbon|desktop\u00bb admin_label=\u00bbHeader\u00bb module_class=\u00bbheader-top\u00bb _builder_version=\u00bb3.22&#8243; use_background_color_gradient=\u00bbon\u00bb background_color_gradient_start=\u00bb#7876FE\u00bb background_color_gradient_end=\u00bb#99D1FF\u00bb background_color_gradient_direction=\u00bb130deg\u00bb background_image=\u00bbhttps:\/\/rhtc-workshoppress.com\/wp-content\/uploads\/2019\/02\/background-header-nologo.png\u00bb custom_padding=\u00bb0||87px||false|false\u00bb custom_padding_tablet=\u00bb100px||100px||true\u00bb custom_padding_phone=\u00bb||||true\u00bb bottom_divider_height=\u00bb250px\u00bb bottom_divider_flip=\u00bbhorizontal\u00bb bottom_divider_height_tablet=\u00bb150px\u00bb bottom_divider_height_phone=\u00bb110px\u00bb bottom_divider_height_last_edited=\u00bbon|phone\u00bb saved_tabs=\u00bball\u00bb][et_pb_row _builder_version=\u00bb3.25&#8243; custom_padding=\u00bb30px|0px|22px|0px|false|false\u00bb][et_pb_column type=\u00bb4_4&#8243; _builder_version=\u00bb3.25&#8243; custom_padding=\u00bb|||\u00bb custom_padding__hover=\u00bb|||\u00bb][et_pb_text _builder_version=\u00bb3.27.4&#8243; text_font=\u00bbRoboto||||||||\u00bb text_font_size=\u00bb16px\u00bb text_line_height=\u00bb1.8em\u00bb header_font=\u00bbRoboto|700|||||||\u00bb header_text_align=\u00bbcenter\u00bb header_font_size=\u00bb80px\u00bb header_line_height=\u00bb1.2em\u00bb header_3_font=\u00bbRoboto|700||on|||||\u00bb header_3_text_align=\u00bbcenter\u00bb header_3_text_color=\u00bb#ffffff\u00bb header_3_font_size=\u00bb24px\u00bb header_3_letter_spacing=\u00bb10px\u00bb header_3_line_height=\u00bb2em\u00bb text_orientation=\u00bbcenter\u00bb background_layout=\u00bbdark\u00bb module_alignment=\u00bbcenter\u00bb text_font_size_last_edited=\u00bboff|desktop\u00bb header_font_size_tablet=\u00bb40px\u00bb header_font_size_phone=\u00bb32px\u00bb header_font_size_last_edited=\u00bbon|phone\u00bb header_3_font_size_tablet=\u00bb16px\u00bb header_3_font_size_phone=\u00bb14px\u00bb header_3_font_size_last_edited=\u00bbon|phone\u00bb header_3_letter_spacing_tablet=\u00bb5px\u00bb header_3_letter_spacing_phone=\u00bb\u00bb header_3_letter_spacing_last_edited=\u00bbon|tablet\u00bb]<\/p>\n<h1>V\u00eddeos<\/h1>\n<p>[\/et_pb_text][\/et_pb_column][\/et_pb_row][\/et_pb_section][et_pb_section fb_built=\u00bb1&#8243; admin_label=\u00bbContact\u00bb _builder_version=\u00bb3.22&#8243; background_color=\u00bb#F2F2FA\u00bb custom_padding=\u00bb0||0||true|false\u00bb saved_tabs=\u00bball\u00bb][et_pb_row _builder_version=\u00bb3.25&#8243;][et_pb_column type=\u00bb4_4&#8243; _builder_version=\u00bb3.25&#8243; custom_padding=\u00bb|||\u00bb custom_padding__hover=\u00bb|||\u00bb][et_pb_text _builder_version=\u00bb3.27.4&#8243;]<\/p>\n<p>En esta secci\u00f3n de nuestra web podr\u00e1 encontrar algunos v\u00eddeos de nuestras prensas hidr\u00e1ulicas, curvadoras de perfiles y punzonadoras. S\u00f3lo tienes que hacer clic play y disfrutar !<\/p>\n<p>[\/et_pb_text][\/et_pb_column][\/et_pb_row][et_pb_row _builder_version=\u00bb3.25&#8243; custom_width_px=\u00bb924px\u00bb column_structure=\u00bb1_2,1_2&#8243;][et_pb_column type=\u00bb1_2&#8243; _builder_version=\u00bb3.25&#8243; custom_padding=\u00bb|||\u00bb custom_padding__hover=\u00bb|||\u00bb][et_pb_video src=\u00bbhttps:\/\/www.youtube.com\/watch?v=WrUFvq_j1IY\u00bb module_class=\u00bbvideo-homepage\u00bb _builder_version=\u00bb4.8.1&#8243; hover_enabled=\u00bb0&#8243; sticky_enabled=\u00bb0&#8243;][\/et_pb_video][\/et_pb_column][et_pb_column type=\u00bb1_2&#8243; _builder_version=\u00bb3.25&#8243; custom_padding=\u00bb|||\u00bb custom_padding__hover=\u00bb|||\u00bb][et_pb_video src=\u00bbhttps:\/\/www.youtube.com\/watch?v=F64CcD2rpwQ\u00bb module_class=\u00bbvideo-homepage\u00bb _builder_version=\u00bb3.20.2&#8243;][\/et_pb_video][\/et_pb_column][\/et_pb_row][et_pb_row _builder_version=\u00bb3.25&#8243; custom_width_px=\u00bb924px\u00bb column_structure=\u00bb1_2,1_2&#8243;][et_pb_column type=\u00bb1_2&#8243; _builder_version=\u00bb3.25&#8243; custom_padding=\u00bb|||\u00bb custom_padding__hover=\u00bb|||\u00bb][et_pb_video src=\u00bbhttps:\/\/www.youtube.com\/watch?v=0fL26vGOFzI\u00bb module_class=\u00bbvideo-homepage\u00bb _builder_version=\u00bb4.8.1&#8243; hover_enabled=\u00bb0&#8243; sticky_enabled=\u00bb0&#8243;][\/et_pb_video][\/et_pb_column][et_pb_column type=\u00bb1_2&#8243; _builder_version=\u00bb3.25&#8243; custom_padding=\u00bb|||\u00bb custom_padding__hover=\u00bb|||\u00bb][et_pb_video src=\u00bbhttps:\/\/www.youtube.com\/watch?v=HGSkCmuQ0zY\u00bb module_class=\u00bbvideo-homepage\u00bb _builder_version=\u00bb4.8.1&#8243; hover_enabled=\u00bb0&#8243; sticky_enabled=\u00bb0&#8243;][\/et_pb_video][\/et_pb_column][\/et_pb_row][et_pb_row _builder_version=\u00bb3.25&#8243; custom_width_px=\u00bb924px\u00bb column_structure=\u00bb1_2,1_2&#8243;][et_pb_column type=\u00bb1_2&#8243; _builder_version=\u00bb3.25&#8243; custom_padding=\u00bb|||\u00bb custom_padding__hover=\u00bb|||\u00bb][et_pb_video src=\u00bbhttps:\/\/www.youtube.com\/watch?v=uOhj4iaN75Q\u00bb module_class=\u00bbvideo-homepage\u00bb _builder_version=\u00bb3.20.2&#8243;][\/et_pb_video][\/et_pb_column][et_pb_column type=\u00bb1_2&#8243; _builder_version=\u00bb3.25&#8243; custom_padding=\u00bb|||\u00bb custom_padding__hover=\u00bb|||\u00bb][et_pb_video src=\u00bbhttps:\/\/www.youtube.com\/watch?v=jP-w229dMYc&amp;t=2s\u00bb module_class=\u00bbvideo-homepage\u00bb _builder_version=\u00bb3.20.2&#8243;][\/et_pb_video][\/et_pb_column][\/et_pb_row][et_pb_row _builder_version=\u00bb3.25&#8243; custom_width_px=\u00bb924px\u00bb column_structure=\u00bb1_2,1_2&#8243;][et_pb_column type=\u00bb1_2&#8243; _builder_version=\u00bb3.25&#8243; custom_padding=\u00bb|||\u00bb custom_padding__hover=\u00bb|||\u00bb][et_pb_video src=\u00bbhttps:\/\/www.youtube.com\/watch?v=DKyfF4car_c\u00bb module_class=\u00bbvideo-homepage\u00bb _builder_version=\u00bb3.20.2&#8243;][\/et_pb_video][\/et_pb_column][et_pb_column type=\u00bb1_2&#8243; _builder_version=\u00bb3.25&#8243; custom_padding=\u00bb|||\u00bb custom_padding__hover=\u00bb|||\u00bb][et_pb_video src=\u00bbhttps:\/\/www.youtube.com\/watch?v=AJPbDz4Ef6U\u00bb module_class=\u00bbvideo-homepage\u00bb _builder_version=\u00bb3.20.2&#8243;][\/et_pb_video][\/et_pb_column][\/et_pb_row][et_pb_row _builder_version=\u00bb3.25&#8243; custom_width_px=\u00bb924px\u00bb column_structure=\u00bb1_2,1_2&#8243;][et_pb_column type=\u00bb1_2&#8243; _builder_version=\u00bb3.25&#8243; custom_padding=\u00bb|||\u00bb custom_padding__hover=\u00bb|||\u00bb][et_pb_video src=\u00bbhttps:\/\/www.youtube.com\/watch?v=nQaG051KwO8&#8243; module_class=\u00bbvideo-homepage\u00bb _builder_version=\u00bb3.20.2&#8243;][\/et_pb_video][\/et_pb_column][et_pb_column type=\u00bb1_2&#8243; _builder_version=\u00bb3.25&#8243; custom_padding=\u00bb|||\u00bb custom_padding__hover=\u00bb|||\u00bb][et_pb_video src=\u00bbhttps:\/\/www.youtube.com\/watch?v=eqguxS0zNuA\u00bb module_class=\u00bbvideo-homepage\u00bb _builder_version=\u00bb3.20.2&#8243;][\/et_pb_video][\/et_pb_column][\/et_pb_row][et_pb_row _builder_version=\u00bb3.25&#8243; custom_width_px=\u00bb924px\u00bb column_structure=\u00bb1_2,1_2&#8243;][et_pb_column type=\u00bb1_2&#8243; _builder_version=\u00bb3.25&#8243; custom_padding=\u00bb|||\u00bb custom_padding__hover=\u00bb|||\u00bb][et_pb_video src=\u00bbhttps:\/\/www.youtube.com\/watch?v=O-poFZ7rU20&#8243; module_class=\u00bbvideo-homepage\u00bb _builder_version=\u00bb3.20.2&#8243;][\/et_pb_video][\/et_pb_column][et_pb_column type=\u00bb1_2&#8243; _builder_version=\u00bb3.25&#8243; custom_padding=\u00bb|||\u00bb custom_padding__hover=\u00bb|||\u00bb][et_pb_video src=\u00bbhttps:\/\/www.youtube.com\/watch?v=A29R3_c2mjM\u00bb module_class=\u00bbvideo-homepage\u00bb _builder_version=\u00bb3.20.2&#8243;][\/et_pb_video][\/et_pb_column][\/et_pb_row][\/et_pb_section][et_pb_section fb_built=\u00bb1&#8243; admin_label=\u00bbContact\u00bb _builder_version=\u00bb3.22&#8243; background_color=\u00bb#F2F2FA\u00bb custom_padding=\u00bb0||0||true|false\u00bb saved_tabs=\u00bball\u00bb][et_pb_row _builder_version=\u00bb3.25&#8243;][et_pb_column type=\u00bb4_4&#8243; _builder_version=\u00bb3.25&#8243; custom_padding=\u00bb|||\u00bb custom_padding__hover=\u00bb|||\u00bb][et_pb_text _builder_version=\u00bb3.27.4&#8243;]<\/p>\n<p>Puede encontrar m\u00e1s v\u00eddeos en nuestro <a href=\"https:\/\/www.youtube.com\/user\/rhtcworkshoppresses\">canal de YouTube!<\/a> <\/p>\n<p>[\/et_pb_text][\/et_pb_column][\/et_pb_row][\/et_pb_section][et_pb_section fb_built=\u00bb1&#8243; custom_padding_last_edited=\u00bbon|desktop\u00bb prev_background_color=\u00bb#F2F2FA\u00bb admin_label=\u00bbFooter\u00bb _builder_version=\u00bb3.22&#8243; use_background_color_gradient=\u00bbon\u00bb background_color_gradient_start=\u00bb#352597&#8243; background_color_gradient_end=\u00bb#8686FF\u00bb background_color_gradient_direction=\u00bb130deg\u00bb background_image=\u00bbhttps:\/\/rhtc-workshoppress.com\/wp-content\/uploads\/2018\/09\/below.jpg\u00bb parallax=\u00bbon\u00bb custom_padding=\u00bb9vw||50px||false|false\u00bb custom_padding_tablet=\u00bb100px||100px||true\u00bb custom_padding_phone=\u00bb||||true\u00bb top_divider_style=\u00bbramp\u00bb top_divider_height=\u00bb250px\u00bb top_divider_flip=\u00bbvertical\u00bb top_divider_height_tablet=\u00bb150px\u00bb top_divider_height_phone=\u00bb110px\u00bb top_divider_height_last_edited=\u00bbon|phone\u00bb saved_tabs=\u00bball\u00bb][et_pb_row module_class=\u00bb et_pb_row_fullwidth\u00bb _builder_version=\u00bb3.25&#8243; width=\u00bb89%\u00bb width_tablet=\u00bb80%\u00bb width_last_edited=\u00bbon|desktop\u00bb max_width=\u00bb89%\u00bb max_width_tablet=\u00bb80%\u00bb max_width_last_edited=\u00bbon|desktop\u00bb custom_margin_phone=\u00bb|||\u00bb custom_margin_last_edited=\u00bboff|desktop\u00bb custom_padding=\u00bb|||\u00bb make_fullwidth=\u00bbon\u00bb][et_pb_column type=\u00bb4_4&#8243; _builder_version=\u00bb3.25&#8243; custom_padding=\u00bb|||\u00bb custom_padding__hover=\u00bb|||\u00bb][et_pb_text _builder_version=\u00bb3.27.4&#8243; text_font=\u00bb||||||||\u00bb header_font=\u00bb||||||||\u00bb header_2_font=\u00bbRoboto|700|||||||\u00bb header_2_font_size=\u00bb50px\u00bb header_2_line_height=\u00bb1.4em\u00bb header_3_font=\u00bbRoboto|700||on|||||\u00bb header_3_text_align=\u00bbcenter\u00bb header_3_text_color=\u00bb#ffffff\u00bb header_3_font_size=\u00bb24px\u00bb header_3_letter_spacing=\u00bb5px\u00bb header_3_line_height=\u00bb2em\u00bb text_orientation=\u00bbcenter\u00bb background_layout=\u00bbdark\u00bb max_width=\u00bb850px\u00bb module_alignment=\u00bbcenter\u00bb custom_margin=\u00bb|||\u00bb custom_padding=\u00bb|||\u00bb text_font_size_last_edited=\u00bboff|desktop\u00bb header_2_font_size_tablet=\u00bb40px\u00bb header_2_font_size_phone=\u00bb32px\u00bb header_2_font_size_last_edited=\u00bbon|desktop\u00bb header_3_font_size_tablet=\u00bb16px\u00bb header_3_font_size_phone=\u00bb14px\u00bb header_3_font_size_last_edited=\u00bbon|phone\u00bb]<\/p>\n<h3><\/h3>\n<h3><strong>Sigamos en contacto<\/strong><\/h3>\n<p>[\/et_pb_text][et_pb_button button_url=\u00bbhttps:\/\/rhtc-workshoppress.com\/es\/contacto\/\u00bb button_text=\u00bbCont\u00e1ctenos\u00bb button_alignment=\u00bbcenter\u00bb _builder_version=\u00bb3.19.15&#8243; custom_button=\u00bbon\u00bb button_text_size=\u00bb13px\u00bb button_bg_color=\u00bb#f48004&#8243; button_bg_color_gradient_start=\u00bb#00f264&#8243; button_bg_color_gradient_end=\u00bb#fcb6ab\u00bb button_bg_color_gradient_direction=\u00bb90deg\u00bb button_border_width=\u00bb0px\u00bb button_border_color=\u00bbrgba(0,0,0,0)\u00bb button_border_radius=\u00bb4px\u00bb button_letter_spacing=\u00bb5px\u00bb button_font=\u00bbRoboto|700||on|||||\u00bb background_layout=\u00bbdark\u00bb custom_margin=\u00bb|||\u00bb custom_padding=\u00bb18px|34px|18px|34px|true|true\u00bb button_letter_spacing_hover=\u00bb5.5px\u00bb locked=\u00bboff\u00bb button_text_size__hover_enabled=\u00bboff\u00bb button_one_text_size__hover_enabled=\u00bboff\u00bb button_two_text_size__hover_enabled=\u00bboff\u00bb button_text_color__hover_enabled=\u00bboff\u00bb button_one_text_color__hover_enabled=\u00bboff\u00bb button_two_text_color__hover_enabled=\u00bboff\u00bb button_border_width__hover_enabled=\u00bboff\u00bb button_one_border_width__hover_enabled=\u00bboff\u00bb button_two_border_width__hover_enabled=\u00bboff\u00bb button_border_color__hover_enabled=\u00bboff\u00bb button_one_border_color__hover_enabled=\u00bboff\u00bb button_two_border_color__hover_enabled=\u00bboff\u00bb button_border_radius__hover_enabled=\u00bboff\u00bb button_one_border_radius__hover_enabled=\u00bboff\u00bb button_two_border_radius__hover_enabled=\u00bboff\u00bb button_letter_spacing__hover_enabled=\u00bbon\u00bb button_letter_spacing__hover=\u00bb5.5px\u00bb button_one_letter_spacing__hover_enabled=\u00bboff\u00bb button_two_letter_spacing__hover_enabled=\u00bboff\u00bb button_bg_color__hover_enabled=\u00bboff\u00bb button_one_bg_color__hover_enabled=\u00bboff\u00bb button_two_bg_color__hover_enabled=\u00bboff\u00bb]<br \/>\n[\/et_pb_button][\/et_pb_column][\/et_pb_row][\/et_pb_section]<\/p>\n","protected":false},"excerpt":{"rendered":"<p>V\u00eddeosEn esta secci\u00f3n de nuestra web podr\u00e1 encontrar algunos v\u00eddeos de nuestras prensas hidr\u00e1ulicas, curvadoras de perfiles y punzonadoras. S\u00f3lo tienes que hacer clic play y disfrutar !Puede encontrar m\u00e1s v\u00eddeos en nuestro canal de YouTube! Sigamos en contacto<\/p>\n","protected":false},"author":1,"featured_media":0,"parent":0,"menu_order":0,"comment_status":"closed","ping_status":"closed","template":"","meta":{"_et_pb_use_builder":"on","_et_pb_old_content":"","_et_gb_content_width":"","inline_featured_image":false,"footnotes":""},"class_list":["post-27045","page","type-page","status-publish","hentry"],"yoast_head":"<!-- This site is optimized with the Yoast SEO plugin v27.3 - https:\/\/yoast.com\/product\/yoast-seo-wordpress\/ -->\n<title>V\u00eddeos Prensas Hidr\u00e1ulicas | Profi Press | RHTC<\/title>\n<meta name=\"description\" content=\"En esta p\u00e1gina encontrar\u00e1 los v\u00eddeos de nuestras prensas hidr\u00e1ulicas, curvadoras de perfiles y punzonadoras. Haz clic en el play y disfruta !\" \/>\n<meta name=\"robots\" content=\"index, follow, max-snippet:-1, max-image-preview:large, max-video-preview:-1\" \/>\n<link rel=\"canonical\" href=\"https:\/\/rhtc-workshoppress.com\/es\/videos\/\" \/>\n<meta property=\"og:locale\" content=\"es_ES\" \/>\n<meta property=\"og:type\" content=\"article\" \/>\n<meta property=\"og:title\" content=\"V\u00eddeos Prensas Hidr\u00e1ulicas | Profi Press | RHTC\" \/>\n<meta property=\"og:description\" content=\"En esta p\u00e1gina encontrar\u00e1 los v\u00eddeos de nuestras prensas hidr\u00e1ulicas, curvadoras de perfiles y punzonadoras. Haz clic en el play y disfruta !\" \/>\n<meta property=\"og:url\" content=\"https:\/\/rhtc-workshoppress.com\/es\/videos\/\" \/>\n<meta property=\"og:site_name\" content=\"RHTC\" \/>\n<meta property=\"article:modified_time\" content=\"2022-05-03T07:44:17+00:00\" \/>\n<meta name=\"twitter:card\" content=\"summary_large_image\" \/>\n<meta name=\"twitter:label1\" content=\"Tiempo de lectura\" \/>\n\t<meta name=\"twitter:data1\" content=\"7 minutos\" \/>\n<script type=\"application\/ld+json\" class=\"yoast-schema-graph\">{\"@context\":\"https:\\\/\\\/schema.org\",\"@graph\":[{\"@type\":\"WebPage\",\"@id\":\"https:\\\/\\\/rhtc-workshoppress.com\\\/es\\\/videos\\\/\",\"url\":\"https:\\\/\\\/rhtc-workshoppress.com\\\/es\\\/videos\\\/\",\"name\":\"V\u00eddeos Prensas Hidr\u00e1ulicas | Profi Press | RHTC\",\"isPartOf\":{\"@id\":\"https:\\\/\\\/rhtc-workshoppress.com\\\/es\\\/#website\"},\"datePublished\":\"2020-04-21T12:27:16+00:00\",\"dateModified\":\"2022-05-03T07:44:17+00:00\",\"description\":\"En esta p\u00e1gina encontrar\u00e1 los v\u00eddeos de nuestras prensas hidr\u00e1ulicas, curvadoras de perfiles y punzonadoras. Haz clic en el play y disfruta !\",\"breadcrumb\":{\"@id\":\"https:\\\/\\\/rhtc-workshoppress.com\\\/es\\\/videos\\\/#breadcrumb\"},\"inLanguage\":\"es\",\"potentialAction\":[{\"@type\":\"ReadAction\",\"target\":[\"https:\\\/\\\/rhtc-workshoppress.com\\\/es\\\/videos\\\/\"]}]},{\"@type\":\"BreadcrumbList\",\"@id\":\"https:\\\/\\\/rhtc-workshoppress.com\\\/es\\\/videos\\\/#breadcrumb\",\"itemListElement\":[{\"@type\":\"ListItem\",\"position\":1,\"name\":\"Home\",\"item\":\"https:\\\/\\\/rhtc-workshoppress.com\\\/es\\\/\"},{\"@type\":\"ListItem\",\"position\":2,\"name\":\"V\u00eddeos\"}]},{\"@type\":\"WebSite\",\"@id\":\"https:\\\/\\\/rhtc-workshoppress.com\\\/es\\\/#website\",\"url\":\"https:\\\/\\\/rhtc-workshoppress.com\\\/es\\\/\",\"name\":\"RHTC\",\"description\":\"Profi Press, high quality hydraulic presses\",\"publisher\":{\"@id\":\"https:\\\/\\\/rhtc-workshoppress.com\\\/es\\\/#organization\"},\"potentialAction\":[{\"@type\":\"SearchAction\",\"target\":{\"@type\":\"EntryPoint\",\"urlTemplate\":\"https:\\\/\\\/rhtc-workshoppress.com\\\/es\\\/?s={search_term_string}\"},\"query-input\":{\"@type\":\"PropertyValueSpecification\",\"valueRequired\":true,\"valueName\":\"search_term_string\"}}],\"inLanguage\":\"es\"},{\"@type\":\"Organization\",\"@id\":\"https:\\\/\\\/rhtc-workshoppress.com\\\/es\\\/#organization\",\"name\":\"RHTC B.V.\",\"url\":\"https:\\\/\\\/rhtc-workshoppress.com\\\/es\\\/\",\"logo\":{\"@type\":\"ImageObject\",\"inLanguage\":\"es\",\"@id\":\"https:\\\/\\\/rhtc-workshoppress.com\\\/es\\\/#\\\/schema\\\/logo\\\/image\\\/\",\"url\":\"https:\\\/\\\/rhtc-workshoppress.com\\\/wp-content\\\/uploads\\\/2019\\\/04\\\/Logo-wit-scaled.jpg\",\"contentUrl\":\"https:\\\/\\\/rhtc-workshoppress.com\\\/wp-content\\\/uploads\\\/2019\\\/04\\\/Logo-wit-scaled.jpg\",\"width\":3000,\"height\":2250,\"caption\":\"RHTC B.V.\"},\"image\":{\"@id\":\"https:\\\/\\\/rhtc-workshoppress.com\\\/es\\\/#\\\/schema\\\/logo\\\/image\\\/\"}}]}<\/script>\n<!-- \/ Yoast SEO plugin. -->","yoast_head_json":{"title":"V\u00eddeos Prensas Hidr\u00e1ulicas | Profi Press | RHTC","description":"En esta p\u00e1gina encontrar\u00e1 los v\u00eddeos de nuestras prensas hidr\u00e1ulicas, curvadoras de perfiles y punzonadoras. Haz clic en el play y disfruta !","robots":{"index":"index","follow":"follow","max-snippet":"max-snippet:-1","max-image-preview":"max-image-preview:large","max-video-preview":"max-video-preview:-1"},"canonical":"https:\/\/rhtc-workshoppress.com\/es\/videos\/","og_locale":"es_ES","og_type":"article","og_title":"V\u00eddeos Prensas Hidr\u00e1ulicas | Profi Press | RHTC","og_description":"En esta p\u00e1gina encontrar\u00e1 los v\u00eddeos de nuestras prensas hidr\u00e1ulicas, curvadoras de perfiles y punzonadoras. Haz clic en el play y disfruta !","og_url":"https:\/\/rhtc-workshoppress.com\/es\/videos\/","og_site_name":"RHTC","article_modified_time":"2022-05-03T07:44:17+00:00","twitter_card":"summary_large_image","twitter_misc":{"Tiempo de lectura":"7 minutos"},"schema":{"@context":"https:\/\/schema.org","@graph":[{"@type":"WebPage","@id":"https:\/\/rhtc-workshoppress.com\/es\/videos\/","url":"https:\/\/rhtc-workshoppress.com\/es\/videos\/","name":"V\u00eddeos Prensas Hidr\u00e1ulicas | Profi Press | RHTC","isPartOf":{"@id":"https:\/\/rhtc-workshoppress.com\/es\/#website"},"datePublished":"2020-04-21T12:27:16+00:00","dateModified":"2022-05-03T07:44:17+00:00","description":"En esta p\u00e1gina encontrar\u00e1 los v\u00eddeos de nuestras prensas hidr\u00e1ulicas, curvadoras de perfiles y punzonadoras. Haz clic en el play y disfruta !","breadcrumb":{"@id":"https:\/\/rhtc-workshoppress.com\/es\/videos\/#breadcrumb"},"inLanguage":"es","potentialAction":[{"@type":"ReadAction","target":["https:\/\/rhtc-workshoppress.com\/es\/videos\/"]}]},{"@type":"BreadcrumbList","@id":"https:\/\/rhtc-workshoppress.com\/es\/videos\/#breadcrumb","itemListElement":[{"@type":"ListItem","position":1,"name":"Home","item":"https:\/\/rhtc-workshoppress.com\/es\/"},{"@type":"ListItem","position":2,"name":"V\u00eddeos"}]},{"@type":"WebSite","@id":"https:\/\/rhtc-workshoppress.com\/es\/#website","url":"https:\/\/rhtc-workshoppress.com\/es\/","name":"RHTC","description":"Profi Press, high quality hydraulic presses","publisher":{"@id":"https:\/\/rhtc-workshoppress.com\/es\/#organization"},"potentialAction":[{"@type":"SearchAction","target":{"@type":"EntryPoint","urlTemplate":"https:\/\/rhtc-workshoppress.com\/es\/?s={search_term_string}"},"query-input":{"@type":"PropertyValueSpecification","valueRequired":true,"valueName":"search_term_string"}}],"inLanguage":"es"},{"@type":"Organization","@id":"https:\/\/rhtc-workshoppress.com\/es\/#organization","name":"RHTC B.V.","url":"https:\/\/rhtc-workshoppress.com\/es\/","logo":{"@type":"ImageObject","inLanguage":"es","@id":"https:\/\/rhtc-workshoppress.com\/es\/#\/schema\/logo\/image\/","url":"https:\/\/rhtc-workshoppress.com\/wp-content\/uploads\/2019\/04\/Logo-wit-scaled.jpg","contentUrl":"https:\/\/rhtc-workshoppress.com\/wp-content\/uploads\/2019\/04\/Logo-wit-scaled.jpg","width":3000,"height":2250,"caption":"RHTC B.V."},"image":{"@id":"https:\/\/rhtc-workshoppress.com\/es\/#\/schema\/logo\/image\/"}}]}},"_links":{"self":[{"href":"https:\/\/rhtc-workshoppress.com\/es\/wp-json\/wp\/v2\/pages\/27045","targetHints":{"allow":["GET"]}}],"collection":[{"href":"https:\/\/rhtc-workshoppress.com\/es\/wp-json\/wp\/v2\/pages"}],"about":[{"href":"https:\/\/rhtc-workshoppress.com\/es\/wp-json\/wp\/v2\/types\/page"}],"author":[{"embeddable":true,"href":"https:\/\/rhtc-workshoppress.com\/es\/wp-json\/wp\/v2\/users\/1"}],"replies":[{"embeddable":true,"href":"https:\/\/rhtc-workshoppress.com\/es\/wp-json\/wp\/v2\/comments?post=27045"}],"version-history":[{"count":4,"href":"https:\/\/rhtc-workshoppress.com\/es\/wp-json\/wp\/v2\/pages\/27045\/revisions"}],"predecessor-version":[{"id":28517,"href":"https:\/\/rhtc-workshoppress.com\/es\/wp-json\/wp\/v2\/pages\/27045\/revisions\/28517"}],"wp:attachment":[{"href":"https:\/\/rhtc-workshoppress.com\/es\/wp-json\/wp\/v2\/media?parent=27045"}],"curies":[{"name":"wp","href":"https:\/\/api.w.org\/{rel}","templated":true}]}}