{"id":3681,"date":"2019-02-06T14:27:57","date_gmt":"2019-02-06T14:27:57","guid":{"rendered":"https:\/\/rhtc-workshoppress.com\/profi-punch-16-ton\/"},"modified":"2019-11-27T13:17:02","modified_gmt":"2019-11-27T13:17:02","slug":"profi-punch-16-ton","status":"publish","type":"page","link":"https:\/\/rhtc-workshoppress.com\/de\/produkte\/stanzmaschinen\/profi-punch-16-ton\/","title":{"rendered":"Profi Punch 16 TON"},"content":{"rendered":"<p>[et_pb_section fb_built=&#8220;1&#8243; custom_padding_last_edited=&#8220;on|desktop&#8220; admin_label=&#8220;Header&#8220; module_class=&#8220;header-top-sub&#8220; _builder_version=&#8220;3.19.15&#8243; use_background_color_gradient=&#8220;on&#8220; background_color_gradient_start=&#8220;#352597&#8243; background_color_gradient_end=&#8220;#8686FF&#8220; background_color_gradient_direction=&#8220;130deg&#8220; background_image=&#8220;https:\/\/rhtc-workshoppress.com\/wp-content\/uploads\/2019\/02\/background-header-nologo.png&#8220; parallax=&#8220;on&#8220; custom_padding=&#8220;0||100px||false|false&#8220; custom_padding_tablet=&#8220;100px||100px||true&#8220; custom_padding_phone=&#8220;||||true&#8220; bottom_divider_height=&#8220;250px&#8220; bottom_divider_flip=&#8220;horizontal&#8220; bottom_divider_height_tablet=&#8220;150px&#8220; bottom_divider_height_phone=&#8220;110px&#8220; bottom_divider_height_last_edited=&#8220;on|phone&#8220; saved_tabs=&#8220;all&#8220;][\/et_pb_section][et_pb_section fb_built=&#8220;1&#8243; admin_label=&#8220;Services&#8220; _builder_version=&#8220;3.14&#8243; custom_padding=&#8220;0|0px|0|0px|true|false&#8220; bottom_divider_color=&#8220;#0c71c3&#8243;][et_pb_row _builder_version=&#8220;3.14&#8243;][et_pb_column type=&#8220;4_4&#8243; _builder_version=&#8220;3.0.47&#8243;][et_pb_code _builder_version=&#8220;3.14&#8243; global_module=&#8220;339&#8243;]<span><span><a href=\"https:\/\/rhtc-workshoppress.com\/de\/\">Home<\/a><\/span><\/span>[\/et_pb_code][\/et_pb_column][\/et_pb_row][et_pb_row custom_padding=&#8220;4px|0px|27px|0px|false|false&#8220; _builder_version=&#8220;3.3.1&#8243;][et_pb_column type=&#8220;4_4&#8243; _builder_version=&#8220;3.0.47&#8243;][et_pb_text module_class=&#8220;product-name&#8220; _builder_version=&#8220;3.20.2&#8243; text_font_size=&#8220;16px&#8220; text_line_height=&#8220;2em&#8220; header_2_font=&#8220;Roboto|700|||||||&#8220; header_2_font_size=&#8220;45px&#8220; header_2_font_size_tablet=&#8220;35px&#8220; header_2_font_size_phone=&#8220;28px&#8220; header_2_font_size_last_edited=&#8220;on|phone&#8220; header_2_line_height=&#8220;1.2em&#8220; text_orientation=&#8220;center&#8220; max_width=&#8220;800px&#8220; max_width_last_edited=&#8220;off|desktop&#8220; module_alignment=&#8220;center&#8220; custom_margin=&#8220;|||&#8220; custom_padding=&#8220;|||&#8220;]<\/p>\n<h2>Profi Punch 16 TON<\/h2>\n<p>[\/et_pb_text][\/et_pb_column][\/et_pb_row][\/et_pb_section][et_pb_section fb_built=&#8220;1&#8243; specialty=&#8220;on&#8220; _builder_version=&#8220;3.0.47&#8243; custom_padding=&#8220;2px|0px|54px|0px|false|false&#8220;][et_pb_column type=&#8220;1_2&#8243; _builder_version=&#8220;3.0.47&#8243;][et_pb_image src=&#8220;https:\/\/rhtc-workshoppress.com\/wp-content\/uploads\/2019\/02\/Profi-Punch-16-hydraulic.png&#8220; module_class=&#8220;zoooom&#8220; _builder_version=&#8220;3.19.15&#8243; max_width=&#8220;65{cac4c9dc6722fe84e5c9b5f9db854df7049fc70354449285581c113afa32c774}&#8220; max_width_last_edited=&#8220;off|desktop&#8220; module_alignment=&#8220;center&#8220;][\/et_pb_image][\/et_pb_column][et_pb_column type=&#8220;1_2&#8243; specialty_columns=&#8220;2&#8243; _builder_version=&#8220;3.0.47&#8243;][et_pb_row_inner _builder_version=&#8220;3.0.47&#8243;][et_pb_column_inner type=&#8220;4_4&#8243; saved_specialty_column_type=&#8220;1_2&#8243; _builder_version=&#8220;3.0.47&#8243;][et_pb_text _builder_version=&#8220;3.20.2&#8243;]<\/p>\n<p style=\"text-align: justify;\">Die Profi Punch &#8217;16 ist eine hydraulische Stanzmaschine, die auch als C-Frame-Presse eingesetzt werden kann.<\/p>\n<p style=\"text-align: justify;\">Die Stanzmaschinen k\u00f6nnen mit verschiedenen Stanzwerkzeugen (standardm\u00e4\u00dfig oder ma\u00dfgefertigt) geliefert werden. Diese Werkzeuge k\u00f6nnen direkt unter dem Druckkolben dieser hydraulischen Stanzmaschine befestigt werden. Dank dieses Stanzsystems k\u00f6nnen eine Vielzahl von Stanz- und Pressvorg\u00e4ngen mit nur einer Maschine (und austauschbaren Werkzeugen) ausgef\u00fchrt werden.<\/p>\n<p style=\"text-align: justify;\">Diese hydraulische Stanzmaschine wird in Europa hergestellt und wir liefern sie direkt ab Lager.<\/p>\n<p><a href=\"https:\/\/rhtc-workshoppress.com\/de\/kontakt\/\">Kontaktieren Sie uns f\u00fcr weitere Informationen<\/a> oder fordern Sie unten ein Angebot an.<\/p>\n<p>[\/et_pb_text][\/et_pb_column_inner][\/et_pb_row_inner][et_pb_row_inner _builder_version=&#8220;3.14&#8243;][et_pb_column_inner type=&#8220;4_4&#8243; saved_specialty_column_type=&#8220;1_2&#8243; _builder_version=&#8220;3.0.47&#8243;][et_pb_button button_url=&#8220;https:\/\/rhtc-workshoppress.com\/de\/angebot\/&#8220; button_text=&#8220;Angebot anfordern&#8220; button_alignment=&#8220;center&#8220; module_class=&#8220;quotation-button&#8220; _builder_version=&#8220;3.20.2&#8243; custom_button=&#8220;on&#8220; button_text_size=&#8220;13px&#8220; button_bg_color=&#8220;#f48004&#8243; button_bg_color_gradient_start=&#8220;#00f264&#8243; button_bg_color_gradient_end=&#8220;#fcb6ab&#8220; button_bg_color_gradient_direction=&#8220;90deg&#8220; button_border_width=&#8220;0px&#8220; button_border_color=&#8220;rgba(0,0,0,0)&#8220; button_border_radius=&#8220;4px&#8220; button_letter_spacing=&#8220;5px&#8220; button_font=&#8220;Roboto|700||on|||||&#8220; background_layout=&#8220;dark&#8220; custom_margin=&#8220;|||&#8220; custom_padding=&#8220;18px|34px|18px|34px|true|true&#8220; button_letter_spacing_hover=&#8220;5.5px&#8220; locked=&#8220;off&#8220; button_text_size__hover_enabled=&#8220;off&#8220; button_one_text_size__hover_enabled=&#8220;off&#8220; button_two_text_size__hover_enabled=&#8220;off&#8220; button_text_color__hover_enabled=&#8220;off&#8220; button_one_text_color__hover_enabled=&#8220;off&#8220; button_two_text_color__hover_enabled=&#8220;off&#8220; button_border_width__hover_enabled=&#8220;off&#8220; button_one_border_width__hover_enabled=&#8220;off&#8220; button_two_border_width__hover_enabled=&#8220;off&#8220; button_border_color__hover_enabled=&#8220;off&#8220; button_one_border_color__hover_enabled=&#8220;off&#8220; button_two_border_color__hover_enabled=&#8220;off&#8220; button_border_radius__hover_enabled=&#8220;off&#8220; button_one_border_radius__hover_enabled=&#8220;off&#8220; button_two_border_radius__hover_enabled=&#8220;off&#8220; button_letter_spacing__hover_enabled=&#8220;on&#8220; button_letter_spacing__hover=&#8220;5.5px&#8220; button_one_letter_spacing__hover_enabled=&#8220;off&#8220; button_two_letter_spacing__hover_enabled=&#8220;off&#8220; button_bg_color__hover_enabled=&#8220;off&#8220; button_one_bg_color__hover_enabled=&#8220;off&#8220; button_two_bg_color__hover_enabled=&#8220;off&#8220;][\/et_pb_button][\/et_pb_column_inner][\/et_pb_row_inner][et_pb_row_inner _builder_version=&#8220;3.0.47&#8243;][et_pb_column_inner type=&#8220;1_3&#8243; saved_specialty_column_type=&#8220;1_2&#8243; _builder_version=&#8220;3.0.47&#8243;][et_pb_image src=&#8220;https:\/\/rhtc-workshoppress.com\/wp-content\/uploads\/2019\/11\/Hydraulic-punching-machine.png&#8220; show_in_lightbox=&#8220;on&#8220; _builder_version=&#8220;3.20.2&#8243; max_width=&#8220;80{cac4c9dc6722fe84e5c9b5f9db854df7049fc70354449285581c113afa32c774}&#8220;][\/et_pb_image][\/et_pb_column_inner][et_pb_column_inner type=&#8220;1_3&#8243; saved_specialty_column_type=&#8220;1_2&#8243; _builder_version=&#8220;3.0.47&#8243;][et_pb_image src=&#8220;https:\/\/rhtc-workshoppress.com\/wp-content\/uploads\/2019\/11\/punchingmachine.png&#8220; show_in_lightbox=&#8220;on&#8220; _builder_version=&#8220;3.20.2&#8243; max_width=&#8220;80{cac4c9dc6722fe84e5c9b5f9db854df7049fc70354449285581c113afa32c774}&#8220;][\/et_pb_image][\/et_pb_column_inner][et_pb_column_inner type=&#8220;1_3&#8243; saved_specialty_column_type=&#8220;1_2&#8243; _builder_version=&#8220;3.0.47&#8243;][et_pb_image src=&#8220;https:\/\/rhtc-workshoppress.com\/wp-content\/uploads\/2019\/02\/detail-TOOL.png&#8220; show_in_lightbox=&#8220;on&#8220; _builder_version=&#8220;3.19.15&#8243; max_width=&#8220;80{cac4c9dc6722fe84e5c9b5f9db854df7049fc70354449285581c113afa32c774}&#8220;][\/et_pb_image][\/et_pb_column_inner][\/et_pb_row_inner][\/et_pb_column][\/et_pb_section][et_pb_section fb_built=&#8220;1&#8243; admin_label=&#8220;Services&#8220; _builder_version=&#8220;3.14&#8243; custom_padding=&#8220;0|0px|0|0px|true|false&#8220; bottom_divider_color=&#8220;#0c71c3&#8243;][et_pb_row use_custom_width=&#8220;on&#8220; custom_width_px=&#8220;1440px&#8220; use_custom_gutter=&#8220;on&#8220; gutter_width=&#8220;2&#8243; custom_padding=&#8220;27px|0px|0|0px|false|false&#8220; _builder_version=&#8220;3.3.1&#8243; background_color=&#8220;#ffffff&#8220;][et_pb_column type=&#8220;1_3&#8243; _builder_version=&#8220;3.0.47&#8243;][et_pb_text _builder_version=&#8220;3.20.2&#8243;]<\/p>\n<p><strong>Technische Daten<\/strong><\/p>\n<p><strong><\/strong><\/p>\n<ul>\n<li>Druckkraft [tn]: 16<\/li>\n<li>Motorleistung [kW]: 2.2<\/li>\n<li>Min. Arbeitsgeschwindigkeit [mm\/sek]: 2<\/li>\n<li style=\"cursor: text; outline-color: transparent; outline-style: none; outline-width: 0px;\">Max. Arbeitsgeschwindigkeit [mm\/sek]: 9.8<\/li>\n<li>R\u00fccklaufgeschwindigkeit [mm\/sek]: 20<\/li>\n<li>Kolbenhub [mm]: 70<\/li>\n<li>Ausladung [mm] 160<\/li>\n<li>Gesamtl\u00e4nge [mm]: 800<\/li>\n<li style=\"cursor: text; outline-color: transparent; outline-style: none; outline-width: 0px;\">Gesamtbreite [mm]: 450<\/li>\n<li style=\"cursor: text; outline-color: transparent; outline-style: none; outline-width: 0px;\">H\u00f6he [mm]: 1430<\/li>\n<li>Gewicht [kg]: 350<\/li>\n<\/ul>\n<p>[\/et_pb_text][\/et_pb_column][et_pb_column type=&#8220;1_3&#8243; _builder_version=&#8220;3.0.47&#8243;][et_pb_text _builder_version=&#8220;3.20.2&#8243;]<\/p>\n<p><strong>Kennzeichen<\/strong><\/p>\n<p><strong><\/strong><\/p>\n<ul>\n<li>Kann als Stanzmaschine und C-Gestell Presse verwendet werden<\/li>\n<li>Einstellbarer Kolbenhub bis zu 70 mm<\/li>\n<li>Manueller \/ Automatischer Modus<\/li>\n<li>Austauschbare Stanzwerkzeuge, zum Beispiel:\n<ul>\n<li>Eckenkeilf\u00f6rmige Stanze<\/li>\n<li>Rohrschneider f\u00fcr senkrechtes Rohr<\/li>\n<li>Schlitzlochstanze<\/li>\n<li>Metallblech Eckenrundung Notcher<\/li>\n<li>Metallblech Eckenschneid Notcher<\/li>\n<li>Werkzeug zum Stanzen eines Lochs in beiden Seiten eines Rohres<\/li>\n<li>Werkzeug f\u00fcr Blechschneiden<\/li>\n<\/ul>\n<\/li>\n<\/ul>\n<p>[\/et_pb_text][\/et_pb_column][et_pb_column type=&#8220;1_3&#8243; _builder_version=&#8220;3.0.47&#8243;][et_pb_video src=&#8220;https:\/\/www.youtube.com\/watch?v=jP-w229dMYc&#038;t=3s&#8220; module_class=&#8220;video-homepage&#8220; _builder_version=&#8220;3.20.2&#8243;][\/et_pb_video][et_pb_text _builder_version=&#8220;3.20.2&#8243;]<\/p>\n<p><a href=\"https:\/\/www.youtube.com\/user\/rhtcworkshoppresses\/videos\" target=\"_blank\" rel=\"noopener noreferrer\">Weitere Videos finden Sie auf unserem YouTube-Kanal!<\/a><\/p>\n<p>[\/et_pb_text][\/et_pb_column][\/et_pb_row][\/et_pb_section][et_pb_section fb_built=&#8220;1&#8243; custom_padding_last_edited=&#8220;on|desktop&#8220; prev_background_color=&#8220;#ffffff&#8220; admin_label=&#8220;Footer&#8220; _builder_version=&#8220;3.14&#8243; use_background_color_gradient=&#8220;on&#8220; background_color_gradient_start=&#8220;#352597&#8243; background_color_gradient_end=&#8220;#8686FF&#8220; background_color_gradient_direction=&#8220;130deg&#8220; background_image=&#8220;https:\/\/rhtc-workshoppress.com\/wp-content\/uploads\/2018\/09\/below.jpg&#8220; parallax=&#8220;on&#8220; custom_padding=&#8220;9vw||50px||false|false&#8220; custom_padding_tablet=&#8220;100px||100px||true&#8220; custom_padding_phone=&#8220;||||true&#8220; top_divider_style=&#8220;ramp&#8220; top_divider_height=&#8220;250px&#8220; top_divider_flip=&#8220;vertical&#8220; top_divider_height_tablet=&#8220;150px&#8220; top_divider_height_phone=&#8220;110px&#8220; top_divider_height_last_edited=&#8220;on|phone&#8220; saved_tabs=&#8220;all&#8220;][et_pb_row make_fullwidth=&#8220;on&#8220; custom_padding=&#8220;|||&#8220; _builder_version=&#8220;3.3.1&#8243; custom_margin_phone=&#8220;|||&#8220; custom_margin_last_edited=&#8220;off|desktop&#8220;][et_pb_column type=&#8220;4_4&#8243; _builder_version=&#8220;3.0.47&#8243;][et_pb_text _builder_version=&#8220;3.14&#8243; text_font=&#8220;||||||||&#8220; text_font_size_last_edited=&#8220;off|desktop&#8220; header_font=&#8220;||||||||&#8220; header_2_font=&#8220;Roboto|700|||||||&#8220; header_2_font_size=&#8220;50px&#8220; header_2_font_size_tablet=&#8220;40px&#8220; header_2_font_size_phone=&#8220;32px&#8220; header_2_font_size_last_edited=&#8220;on|desktop&#8220; header_2_line_height=&#8220;1.4em&#8220; header_3_font=&#8220;Roboto|700||on|||||&#8220; header_3_text_align=&#8220;center&#8220; header_3_text_color=&#8220;#ffffff&#8220; header_3_font_size=&#8220;24px&#8220; header_3_font_size_tablet=&#8220;16px&#8220; header_3_font_size_phone=&#8220;14px&#8220; header_3_font_size_last_edited=&#8220;on|phone&#8220; header_3_letter_spacing=&#8220;5px&#8220; header_3_line_height=&#8220;2em&#8220; text_orientation=&#8220;center&#8220; background_layout=&#8220;dark&#8220; max_width=&#8220;850px&#8220; module_alignment=&#8220;center&#8220; custom_margin=&#8220;|||&#8220; custom_padding=&#8220;|||&#8220;]<\/p>\n<h3><\/h3>\n<h2>\u2018 PRESS TO IMPRESS \u2018<\/h2>\n<h3>Lass uns in Kontakt bleiben<\/h3>\n<p>[\/et_pb_text][et_pb_button button_url=&#8220;https:\/\/rhtc-workshoppress.com\/de\/kontakt\/&#8220; button_text=&#8220;Kontaktieren Sie uns&#8220; button_alignment=&#8220;center&#8220; _builder_version=&#8220;3.19.15&#8243; custom_button=&#8220;on&#8220; button_text_size=&#8220;13px&#8220; button_bg_color=&#8220;#f48004&#8243; button_bg_color_gradient_start=&#8220;#00f264&#8243; button_bg_color_gradient_end=&#8220;#fcb6ab&#8220; button_bg_color_gradient_direction=&#8220;90deg&#8220; button_border_width=&#8220;0px&#8220; button_border_color=&#8220;rgba(0,0,0,0)&#8220; button_border_radius=&#8220;4px&#8220; button_letter_spacing=&#8220;5px&#8220; button_font=&#8220;Roboto|700||on|||||&#8220; background_layout=&#8220;dark&#8220; custom_margin=&#8220;|||&#8220; custom_padding=&#8220;18px|34px|18px|34px|true|true&#8220; button_letter_spacing_hover=&#8220;5.5px&#8220; locked=&#8220;off&#8220; button_text_size__hover_enabled=&#8220;off&#8220; button_one_text_size__hover_enabled=&#8220;off&#8220; button_two_text_size__hover_enabled=&#8220;off&#8220; button_text_color__hover_enabled=&#8220;off&#8220; button_one_text_color__hover_enabled=&#8220;off&#8220; button_two_text_color__hover_enabled=&#8220;off&#8220; button_border_width__hover_enabled=&#8220;off&#8220; button_one_border_width__hover_enabled=&#8220;off&#8220; button_two_border_width__hover_enabled=&#8220;off&#8220; button_border_color__hover_enabled=&#8220;off&#8220; button_one_border_color__hover_enabled=&#8220;off&#8220; button_two_border_color__hover_enabled=&#8220;off&#8220; button_border_radius__hover_enabled=&#8220;off&#8220; button_one_border_radius__hover_enabled=&#8220;off&#8220; button_two_border_radius__hover_enabled=&#8220;off&#8220; button_letter_spacing__hover_enabled=&#8220;on&#8220; button_letter_spacing__hover=&#8220;5.5px&#8220; button_one_letter_spacing__hover_enabled=&#8220;off&#8220; button_two_letter_spacing__hover_enabled=&#8220;off&#8220; button_bg_color__hover_enabled=&#8220;off&#8220; button_one_bg_color__hover_enabled=&#8220;off&#8220; button_two_bg_color__hover_enabled=&#8220;off&#8220;][\/et_pb_button][\/et_pb_column][\/et_pb_row][\/et_pb_section]<\/p>\n","protected":false},"excerpt":{"rendered":"<p><span><span><a href=\"https:\/\/rhtc-workshoppress.com\/de\/\">Home<\/a><\/span><\/span>Profi Punch 16 TON Die Profi Punch &#8217;16 ist eine hydraulische Stanzmaschine, die auch als C-Frame-Presse eingesetzt werden kann. Die Stanzmaschinen k\u00f6nnen mit verschiedenen Stanzwerkzeugen (standardm\u00e4\u00dfig oder ma\u00dfgefertigt) geliefert werden. Diese Werkzeuge k\u00f6nnen direkt unter dem Druckkolben dieser hydraulischen Stanzmaschine befestigt werden. Dank dieses Stanzsystems k\u00f6nnen eine Vielzahl von Stanz- und Pressvorg\u00e4ngen mit nur einer [&hellip;]<\/p>\n","protected":false},"author":1,"featured_media":0,"parent":3685,"menu_order":0,"comment_status":"closed","ping_status":"closed","template":"","meta":{"_et_pb_use_builder":"on","_et_pb_old_content":"","_et_gb_content_width":"","inline_featured_image":false,"footnotes":""},"class_list":["post-3681","page","type-page","status-publish","hentry"],"yoast_head":"<!-- This site is optimized with the Yoast SEO plugin v27.3 - https:\/\/yoast.com\/product\/yoast-seo-wordpress\/ -->\n<title>Profi Punch 16 TON | Profi Punch, high quality punching machines - RHTC<\/title>\n<meta name=\"description\" content=\"Unsere hydraulische Stanzmaschine hat eine Kapazit\u00e4t von 16 Tonnen und wird in Europa hergestellt. Eine hochwertige Maschine f\u00fcr viele Stanz-, Schneid- und Pressvorg\u00e4nge.\" \/>\n<meta name=\"robots\" content=\"index, follow, max-snippet:-1, max-image-preview:large, max-video-preview:-1\" \/>\n<link rel=\"canonical\" href=\"https:\/\/rhtc-workshoppress.com\/de\/produkte\/stanzmaschinen\/profi-punch-16-ton\/\" \/>\n<meta property=\"og:locale\" content=\"de_DE\" \/>\n<meta property=\"og:type\" content=\"article\" \/>\n<meta property=\"og:title\" content=\"Profi Punch 16 TON | Profi Punch, high quality punching machines - RHTC\" \/>\n<meta property=\"og:description\" content=\"Unsere hydraulische Stanzmaschine hat eine Kapazit\u00e4t von 16 Tonnen und wird in Europa hergestellt. Eine hochwertige Maschine f\u00fcr viele Stanz-, Schneid- und Pressvorg\u00e4nge.\" \/>\n<meta property=\"og:url\" content=\"https:\/\/rhtc-workshoppress.com\/de\/produkte\/stanzmaschinen\/profi-punch-16-ton\/\" \/>\n<meta property=\"og:site_name\" content=\"RHTC\" \/>\n<meta property=\"article:modified_time\" content=\"2019-11-27T13:17:02+00:00\" \/>\n<meta name=\"twitter:card\" content=\"summary_large_image\" \/>\n<meta name=\"twitter:label1\" content=\"Gesch\u00e4tzte Lesezeit\" \/>\n\t<meta name=\"twitter:data1\" content=\"8\u00a0Minuten\" \/>\n<script type=\"application\/ld+json\" class=\"yoast-schema-graph\">{\"@context\":\"https:\\\/\\\/schema.org\",\"@graph\":[{\"@type\":\"WebPage\",\"@id\":\"https:\\\/\\\/rhtc-workshoppress.com\\\/de\\\/produkte\\\/stanzmaschinen\\\/profi-punch-16-ton\\\/\",\"url\":\"https:\\\/\\\/rhtc-workshoppress.com\\\/de\\\/produkte\\\/stanzmaschinen\\\/profi-punch-16-ton\\\/\",\"name\":\"Profi Punch 16 TON | Profi Punch, high quality punching machines - RHTC\",\"isPartOf\":{\"@id\":\"https:\\\/\\\/rhtc-workshoppress.com\\\/de\\\/#website\"},\"datePublished\":\"2019-02-06T14:27:57+00:00\",\"dateModified\":\"2019-11-27T13:17:02+00:00\",\"description\":\"Unsere hydraulische Stanzmaschine hat eine Kapazit\u00e4t von 16 Tonnen und wird in Europa hergestellt. Eine hochwertige Maschine f\u00fcr viele Stanz-, Schneid- und Pressvorg\u00e4nge.\",\"breadcrumb\":{\"@id\":\"https:\\\/\\\/rhtc-workshoppress.com\\\/de\\\/produkte\\\/stanzmaschinen\\\/profi-punch-16-ton\\\/#breadcrumb\"},\"inLanguage\":\"de\",\"potentialAction\":[{\"@type\":\"ReadAction\",\"target\":[\"https:\\\/\\\/rhtc-workshoppress.com\\\/de\\\/produkte\\\/stanzmaschinen\\\/profi-punch-16-ton\\\/\"]}]},{\"@type\":\"BreadcrumbList\",\"@id\":\"https:\\\/\\\/rhtc-workshoppress.com\\\/de\\\/produkte\\\/stanzmaschinen\\\/profi-punch-16-ton\\\/#breadcrumb\",\"itemListElement\":[{\"@type\":\"ListItem\",\"position\":1,\"name\":\"Home\",\"item\":\"https:\\\/\\\/rhtc-workshoppress.com\\\/de\\\/\"},{\"@type\":\"ListItem\",\"position\":2,\"name\":\"Produkte\",\"item\":\"https:\\\/\\\/rhtc-workshoppress.com\\\/de\\\/produkte\\\/\"},{\"@type\":\"ListItem\",\"position\":3,\"name\":\"Stanzmaschinen\",\"item\":\"https:\\\/\\\/rhtc-workshoppress.com\\\/de\\\/produkte\\\/stanzmaschinen\\\/\"},{\"@type\":\"ListItem\",\"position\":4,\"name\":\"Profi Punch 16 TON\"}]},{\"@type\":\"WebSite\",\"@id\":\"https:\\\/\\\/rhtc-workshoppress.com\\\/de\\\/#website\",\"url\":\"https:\\\/\\\/rhtc-workshoppress.com\\\/de\\\/\",\"name\":\"RHTC\",\"description\":\"Profi Press, high quality hydraulic presses\",\"publisher\":{\"@id\":\"https:\\\/\\\/rhtc-workshoppress.com\\\/de\\\/#organization\"},\"potentialAction\":[{\"@type\":\"SearchAction\",\"target\":{\"@type\":\"EntryPoint\",\"urlTemplate\":\"https:\\\/\\\/rhtc-workshoppress.com\\\/de\\\/?s={search_term_string}\"},\"query-input\":{\"@type\":\"PropertyValueSpecification\",\"valueRequired\":true,\"valueName\":\"search_term_string\"}}],\"inLanguage\":\"de\"},{\"@type\":\"Organization\",\"@id\":\"https:\\\/\\\/rhtc-workshoppress.com\\\/de\\\/#organization\",\"name\":\"RHTC B.V.\",\"url\":\"https:\\\/\\\/rhtc-workshoppress.com\\\/de\\\/\",\"logo\":{\"@type\":\"ImageObject\",\"inLanguage\":\"de\",\"@id\":\"https:\\\/\\\/rhtc-workshoppress.com\\\/de\\\/#\\\/schema\\\/logo\\\/image\\\/\",\"url\":\"https:\\\/\\\/rhtc-workshoppress.com\\\/wp-content\\\/uploads\\\/2019\\\/04\\\/Logo-wit-scaled.jpg\",\"contentUrl\":\"https:\\\/\\\/rhtc-workshoppress.com\\\/wp-content\\\/uploads\\\/2019\\\/04\\\/Logo-wit-scaled.jpg\",\"width\":3000,\"height\":2250,\"caption\":\"RHTC B.V.\"},\"image\":{\"@id\":\"https:\\\/\\\/rhtc-workshoppress.com\\\/de\\\/#\\\/schema\\\/logo\\\/image\\\/\"}}]}<\/script>\n<!-- \/ Yoast SEO plugin. -->","yoast_head_json":{"title":"Profi Punch 16 TON | Profi Punch, high quality punching machines - RHTC","description":"Unsere hydraulische Stanzmaschine hat eine Kapazit\u00e4t von 16 Tonnen und wird in Europa hergestellt. Eine hochwertige Maschine f\u00fcr viele Stanz-, Schneid- und Pressvorg\u00e4nge.","robots":{"index":"index","follow":"follow","max-snippet":"max-snippet:-1","max-image-preview":"max-image-preview:large","max-video-preview":"max-video-preview:-1"},"canonical":"https:\/\/rhtc-workshoppress.com\/de\/produkte\/stanzmaschinen\/profi-punch-16-ton\/","og_locale":"de_DE","og_type":"article","og_title":"Profi Punch 16 TON | Profi Punch, high quality punching machines - RHTC","og_description":"Unsere hydraulische Stanzmaschine hat eine Kapazit\u00e4t von 16 Tonnen und wird in Europa hergestellt. Eine hochwertige Maschine f\u00fcr viele Stanz-, Schneid- und Pressvorg\u00e4nge.","og_url":"https:\/\/rhtc-workshoppress.com\/de\/produkte\/stanzmaschinen\/profi-punch-16-ton\/","og_site_name":"RHTC","article_modified_time":"2019-11-27T13:17:02+00:00","twitter_card":"summary_large_image","twitter_misc":{"Gesch\u00e4tzte Lesezeit":"8\u00a0Minuten"},"schema":{"@context":"https:\/\/schema.org","@graph":[{"@type":"WebPage","@id":"https:\/\/rhtc-workshoppress.com\/de\/produkte\/stanzmaschinen\/profi-punch-16-ton\/","url":"https:\/\/rhtc-workshoppress.com\/de\/produkte\/stanzmaschinen\/profi-punch-16-ton\/","name":"Profi Punch 16 TON | Profi Punch, high quality punching machines - RHTC","isPartOf":{"@id":"https:\/\/rhtc-workshoppress.com\/de\/#website"},"datePublished":"2019-02-06T14:27:57+00:00","dateModified":"2019-11-27T13:17:02+00:00","description":"Unsere hydraulische Stanzmaschine hat eine Kapazit\u00e4t von 16 Tonnen und wird in Europa hergestellt. Eine hochwertige Maschine f\u00fcr viele Stanz-, Schneid- und Pressvorg\u00e4nge.","breadcrumb":{"@id":"https:\/\/rhtc-workshoppress.com\/de\/produkte\/stanzmaschinen\/profi-punch-16-ton\/#breadcrumb"},"inLanguage":"de","potentialAction":[{"@type":"ReadAction","target":["https:\/\/rhtc-workshoppress.com\/de\/produkte\/stanzmaschinen\/profi-punch-16-ton\/"]}]},{"@type":"BreadcrumbList","@id":"https:\/\/rhtc-workshoppress.com\/de\/produkte\/stanzmaschinen\/profi-punch-16-ton\/#breadcrumb","itemListElement":[{"@type":"ListItem","position":1,"name":"Home","item":"https:\/\/rhtc-workshoppress.com\/de\/"},{"@type":"ListItem","position":2,"name":"Produkte","item":"https:\/\/rhtc-workshoppress.com\/de\/produkte\/"},{"@type":"ListItem","position":3,"name":"Stanzmaschinen","item":"https:\/\/rhtc-workshoppress.com\/de\/produkte\/stanzmaschinen\/"},{"@type":"ListItem","position":4,"name":"Profi Punch 16 TON"}]},{"@type":"WebSite","@id":"https:\/\/rhtc-workshoppress.com\/de\/#website","url":"https:\/\/rhtc-workshoppress.com\/de\/","name":"RHTC","description":"Profi Press, high quality hydraulic presses","publisher":{"@id":"https:\/\/rhtc-workshoppress.com\/de\/#organization"},"potentialAction":[{"@type":"SearchAction","target":{"@type":"EntryPoint","urlTemplate":"https:\/\/rhtc-workshoppress.com\/de\/?s={search_term_string}"},"query-input":{"@type":"PropertyValueSpecification","valueRequired":true,"valueName":"search_term_string"}}],"inLanguage":"de"},{"@type":"Organization","@id":"https:\/\/rhtc-workshoppress.com\/de\/#organization","name":"RHTC B.V.","url":"https:\/\/rhtc-workshoppress.com\/de\/","logo":{"@type":"ImageObject","inLanguage":"de","@id":"https:\/\/rhtc-workshoppress.com\/de\/#\/schema\/logo\/image\/","url":"https:\/\/rhtc-workshoppress.com\/wp-content\/uploads\/2019\/04\/Logo-wit-scaled.jpg","contentUrl":"https:\/\/rhtc-workshoppress.com\/wp-content\/uploads\/2019\/04\/Logo-wit-scaled.jpg","width":3000,"height":2250,"caption":"RHTC B.V."},"image":{"@id":"https:\/\/rhtc-workshoppress.com\/de\/#\/schema\/logo\/image\/"}}]}},"_links":{"self":[{"href":"https:\/\/rhtc-workshoppress.com\/de\/wp-json\/wp\/v2\/pages\/3681","targetHints":{"allow":["GET"]}}],"collection":[{"href":"https:\/\/rhtc-workshoppress.com\/de\/wp-json\/wp\/v2\/pages"}],"about":[{"href":"https:\/\/rhtc-workshoppress.com\/de\/wp-json\/wp\/v2\/types\/page"}],"author":[{"embeddable":true,"href":"https:\/\/rhtc-workshoppress.com\/de\/wp-json\/wp\/v2\/users\/1"}],"replies":[{"embeddable":true,"href":"https:\/\/rhtc-workshoppress.com\/de\/wp-json\/wp\/v2\/comments?post=3681"}],"version-history":[{"count":7,"href":"https:\/\/rhtc-workshoppress.com\/de\/wp-json\/wp\/v2\/pages\/3681\/revisions"}],"predecessor-version":[{"id":7035,"href":"https:\/\/rhtc-workshoppress.com\/de\/wp-json\/wp\/v2\/pages\/3681\/revisions\/7035"}],"up":[{"embeddable":true,"href":"https:\/\/rhtc-workshoppress.com\/de\/wp-json\/wp\/v2\/pages\/3685"}],"wp:attachment":[{"href":"https:\/\/rhtc-workshoppress.com\/de\/wp-json\/wp\/v2\/media?parent=3681"}],"curies":[{"name":"wp","href":"https:\/\/api.w.org\/{rel}","templated":true}]}}