{"id":25366,"date":"2022-02-18T10:39:28","date_gmt":"2022-02-18T10:39:28","guid":{"rendered":"https:\/\/rhtc-workshoppress.com\/produkte\/profilbiegemaschinen\/pb-50-3-hm\/"},"modified":"2022-03-22T09:04:19","modified_gmt":"2022-03-22T09:04:19","slug":"pb-50-3-hm","status":"publish","type":"page","link":"https:\/\/rhtc-workshoppress.com\/de\/produkte\/profilbiegemaschinen\/pb-50-3-hm\/","title":{"rendered":"PB 50-3 HM"},"content":{"rendered":"<p>[et_pb_section fb_built=&#8220;1&#8243; custom_padding_last_edited=&#8220;on|desktop&#8220; admin_label=&#8220;Header&#8220; module_class=&#8220;header-top-sub&#8220; _builder_version=&#8220;3.22&#8243; use_background_color_gradient=&#8220;on&#8220; background_color_gradient_start=&#8220;#352597&#8243; background_color_gradient_end=&#8220;#8686FF&#8220; background_color_gradient_direction=&#8220;130deg&#8220; background_image=&#8220;https:\/\/rhtc-workshoppress.com\/wp-content\/uploads\/2019\/02\/background-header-nologo.png&#8220; parallax=&#8220;on&#8220; custom_padding=&#8220;0||100px||false|false&#8220; custom_padding_tablet=&#8220;100px||100px||true&#8220; custom_padding_phone=&#8220;||||true&#8220; bottom_divider_height=&#8220;250px&#8220; bottom_divider_flip=&#8220;horizontal&#8220; bottom_divider_height_tablet=&#8220;150px&#8220; bottom_divider_height_phone=&#8220;110px&#8220; bottom_divider_height_last_edited=&#8220;on|phone&#8220; saved_tabs=&#8220;all&#8220;][\/et_pb_section][et_pb_section fb_built=&#8220;1&#8243; admin_label=&#8220;Services&#8220; _builder_version=&#8220;3.22&#8243; custom_padding=&#8220;0|0px|0|0px|true|false&#8220; bottom_divider_color=&#8220;#0c71c3&#8243;][et_pb_row _builder_version=&#8220;3.25&#8243;][et_pb_column type=&#8220;4_4&#8243; _builder_version=&#8220;3.25&#8243; custom_padding=&#8220;|||&#8220; custom_padding__hover=&#8220;|||&#8220;][et_pb_code _builder_version=&#8220;3.14&#8243; global_module=&#8220;339&#8243;]<span><span><a href=\"https:\/\/rhtc-workshoppress.com\/de\/\">Home<\/a><\/span><\/span>[\/et_pb_code][\/et_pb_column][\/et_pb_row][et_pb_row _builder_version=&#8220;3.25&#8243; custom_padding=&#8220;4px|0px|0|0px|false|false&#8220;][et_pb_column type=&#8220;4_4&#8243; _builder_version=&#8220;3.25&#8243; custom_padding=&#8220;|||&#8220; custom_padding__hover=&#8220;|||&#8220;][et_pb_text module_class=&#8220;product-name&#8220; _builder_version=&#8220;4.8.1&#8243; text_font_size=&#8220;16px&#8220; text_line_height=&#8220;2em&#8220; header_font=&#8220;Roboto||||||||&#8220; header_font_size=&#8220;38px&#8220; header_2_font=&#8220;Roboto|700|||||||&#8220; header_2_font_size=&#8220;45px&#8220; header_2_line_height=&#8220;1.2em&#8220; text_orientation=&#8220;center&#8220; max_width=&#8220;800px&#8220; max_width_last_edited=&#8220;off|desktop&#8220; module_alignment=&#8220;center&#8220; custom_margin=&#8220;|||&#8220; custom_padding=&#8220;|||&#8220; header_2_font_size_tablet=&#8220;35px&#8220; header_2_font_size_phone=&#8220;28px&#8220; header_2_font_size_last_edited=&#8220;on|phone&#8220;]<\/p>\n<h1>Hydraulische Profilbieger (PB 50-3HM)<\/h1>\n<p>[\/et_pb_text][\/et_pb_column][\/et_pb_row][\/et_pb_section][et_pb_section fb_built=&#8220;1&#8243; specialty=&#8220;on&#8220; _builder_version=&#8220;3.22&#8243; custom_padding=&#8220;2px|0px|54px|0px|false|false&#8220;][et_pb_column type=&#8220;1_2&#8243; _builder_version=&#8220;3.25&#8243; custom_padding=&#8220;|||&#8220; custom_padding__hover=&#8220;|||&#8220;][et_pb_image src=&#8220;https:\/\/rhtc-workshoppress.com\/wp-content\/uploads\/2022\/02\/Hydraulic-Profile-Bender.jpg&#8220; alt=&#8220;Hydraulische Profilbieger &#8211; PB50-3HM&#8220; title_text=&#8220;Hydraulische Profilbieger&#8220; show_in_lightbox=&#8220;on&#8220; align_tablet=&#8220;center&#8220; align_phone=&#8220;&#8220; align_last_edited=&#8220;on|desktop&#8220; module_class=&#8220;zoooom&#8220; _builder_version=&#8220;4.8.1&#8243; max_width=&#8220;82{cac4c9dc6722fe84e5c9b5f9db854df7049fc70354449285581c113afa32c774}&#8220; max_width_last_edited=&#8220;off|desktop&#8220; module_alignment=&#8220;center&#8220;][\/et_pb_image][\/et_pb_column][et_pb_column type=&#8220;1_2&#8243; specialty_columns=&#8220;2&#8243; _builder_version=&#8220;3.25&#8243; custom_padding=&#8220;|||&#8220; custom_padding__hover=&#8220;|||&#8220;][et_pb_row_inner _builder_version=&#8220;3.25&#8243;][et_pb_column_inner saved_specialty_column_type=&#8220;1_2&#8243; _builder_version=&#8220;3.25&#8243; custom_padding=&#8220;|||&#8220; custom_padding__hover=&#8220;|||&#8220;][et_pb_text _builder_version=&#8220;4.8.1&#8243; header_2_font=&#8220;Roboto||||||||&#8220; header_2_font_size=&#8220;15px&#8220;]<\/p>\n<p style=\"text-align: justify;\">Die PB 50-3 HM ist eine hydraulische Profilbieger: Wir produzieren diese Profilbiegemaschine in Europa und liefern sie direkt ab Lager.<\/p>\n<p style=\"text-align: justify;\">Diese hydraulische Profilbieger hat einen Wellendurchmesser von 50 mm und 3 angetriebene Walzen. Das Umschalten zwischen zwei oder drei angetriebenen Wellen erfolgt einfach \u00fcber die Getriebeschaltung an der Maschinenseite. Die Bedienung der Profi Bend erfolgt \u00fcber ein Fu\u00dfpedal und mit den Pedalen w\u00e4hlen Sie die Drehrichtung der Wellen.<\/p>\n<p style=\"text-align: justify;\">Unser PB 50-3 HM verf\u00fcgt \u00fcber ein elektrisches Bedienfeld zum Einstellen der Position der oberen Walze. Die Position dieser oberen Walze kann auf einer Skala und auf der Digitalanzeige (0,1 mm) abgelesen werden. Dar\u00fcber hinaus kann unsere Profi Bend hydraulische Profilbiegemaschine in zwei Positionen arbeiten: einer vertikalen und einer horizontalen Arbeitsposition. Schnelle und komfortable Verstellung f\u00fcr vertikales oder horizontales Arbeiten \u00fcber den Kippmechanismus des Kopfes. Das Gewicht des Kopfes wird durch Gasdruckd\u00e4mpfer und Arretierbolzen kompensiert.<\/p>\n<p>&nbsp;<\/p>\n<h2>Standard-Walzensatz zum Biegen unterschiedlicher Profile<\/h2>\n<p style=\"text-align: justify;\">Zum Biegen von Profilen und Flachstangen ist ein Standard-Walzensatz im Lieferumfang enthalten. Auf Wunsch liefern wir mit dieser Biegemaschine auch Walzens\u00e4tze zum Biegen von Rohren. Weiteres optionales Zubeh\u00f6r sind Distanzrollen, ein Joch und eine Wendelbiegevorrichtung. Profi Bend Maschinen sind auch mit Ablagef\u00e4chern f\u00fcr Zubeh\u00f6r ausgestattet.<\/p>\n<p style=\"text-align: justify;\">Unsere Profi Bend Ringbiegemaschine ist robust und zuverl\u00e4ssig. Wir fertigen sie aus hochwertigen Materialien und unsere Biegemaschinen erf\u00fcllen die CE-Richtlinien.<\/p>\n<p style=\"text-align: justify;\"><a href=\"https:\/\/rhtc-workshoppress.com\/de\/kontakt\/\" target=\"_blank\" rel=\"noopener noreferrer\">Kontaktieren Sie uns bei Fragen, wir helfen Ihnen gerne weiter! <\/a><\/p>\n<p>[\/et_pb_text][\/et_pb_column_inner][\/et_pb_row_inner][et_pb_row_inner _builder_version=&#8220;3.25&#8243;][et_pb_column_inner saved_specialty_column_type=&#8220;1_2&#8243; _builder_version=&#8220;3.25&#8243; custom_padding=&#8220;|||&#8220; custom_padding__hover=&#8220;|||&#8220;][et_pb_button button_url=&#8220;https:\/\/rhtc-workshoppress.com\/de\/angebot\/&#8220; button_text=&#8220;Angebot anfordern&#8220; button_alignment=&#8220;center&#8220; module_class=&#8220;quotation-button&#8220; _builder_version=&#8220;4.8.1&#8243; custom_button=&#8220;on&#8220; button_text_size=&#8220;13px&#8220; button_bg_color=&#8220;#f48004&#8243; button_bg_color_gradient_start=&#8220;#00f264&#8243; button_bg_color_gradient_end=&#8220;#fcb6ab&#8220; button_bg_color_gradient_direction=&#8220;90deg&#8220; button_border_width=&#8220;0px&#8220; button_border_color=&#8220;rgba(0,0,0,0)&#8220; button_border_radius=&#8220;4px&#8220; button_letter_spacing=&#8220;5px&#8220; button_font=&#8220;Roboto|700||on|||||&#8220; background_layout=&#8220;dark&#8220; custom_margin=&#8220;|||&#8220; custom_padding=&#8220;18px|34px|18px|34px|true|true&#8220; button_letter_spacing_hover=&#8220;5.5px&#8220; locked=&#8220;off&#8220; button_text_size__hover_enabled=&#8220;off&#8220; button_one_text_size__hover_enabled=&#8220;off&#8220; button_two_text_size__hover_enabled=&#8220;off&#8220; button_text_color__hover_enabled=&#8220;off&#8220; button_one_text_color__hover_enabled=&#8220;off&#8220; button_two_text_color__hover_enabled=&#8220;off&#8220; button_border_width__hover_enabled=&#8220;off&#8220; button_one_border_width__hover_enabled=&#8220;off&#8220; button_two_border_width__hover_enabled=&#8220;off&#8220; button_border_color__hover_enabled=&#8220;off&#8220; button_one_border_color__hover_enabled=&#8220;off&#8220; button_two_border_color__hover_enabled=&#8220;off&#8220; button_border_radius__hover_enabled=&#8220;off&#8220; button_one_border_radius__hover_enabled=&#8220;off&#8220; button_two_border_radius__hover_enabled=&#8220;off&#8220; button_letter_spacing__hover_enabled=&#8220;on&#8220; button_letter_spacing__hover=&#8220;5.5px&#8220; button_one_letter_spacing__hover_enabled=&#8220;off&#8220; button_two_letter_spacing__hover_enabled=&#8220;off&#8220; button_bg_color__hover_enabled=&#8220;off&#8220; button_one_bg_color__hover_enabled=&#8220;off&#8220; button_two_bg_color__hover_enabled=&#8220;off&#8220;][\/et_pb_button][\/et_pb_column_inner][\/et_pb_row_inner][et_pb_row_inner column_structure=&#8220;1_3,1_3,1_3&#8243; _builder_version=&#8220;3.25&#8243;][et_pb_column_inner type=&#8220;1_3&#8243; saved_specialty_column_type=&#8220;1_2&#8243; _builder_version=&#8220;3.25&#8243; custom_padding=&#8220;|||&#8220; custom_padding__hover=&#8220;|||&#8220;][et_pb_image src=&#8220;https:\/\/rhtc-workshoppress.com\/wp-content\/uploads\/2022\/02\/Horizontal-Working-Position-Profile-Bending-Machine-575&#215;503.jpg&#8220; alt=&#8220;Profilbieger im horizontaler Arbeitsposition&#8220; title_text=&#8220;Profilbieger im horizontaler Arbeitsposition&#8220; show_in_lightbox=&#8220;on&#8220; align_tablet=&#8220;center&#8220; align_phone=&#8220;&#8220; align_last_edited=&#8220;on|desktop&#8220; _builder_version=&#8220;4.8.1&#8243; max_width=&#8220;80{cac4c9dc6722fe84e5c9b5f9db854df7049fc70354449285581c113afa32c774}&#8220;][\/et_pb_image][\/et_pb_column_inner][et_pb_column_inner type=&#8220;1_3&#8243; saved_specialty_column_type=&#8220;1_2&#8243; _builder_version=&#8220;3.25&#8243; custom_padding=&#8220;|||&#8220; custom_padding__hover=&#8220;|||&#8220;][et_pb_image src=&#8220;https:\/\/rhtc-workshoppress.com\/wp-content\/uploads\/2022\/02\/Hydraulic-Adjustment-Top-Roll-of-the-Profi-Bend-575&#215;539.jpg&#8220; alt=&#8220;Hydraulisch verstellbare Oberwalze des Profi Bend&#8220; title_text=&#8220;Hydraulisch verstellbare Oberwalze des Profi Bend&#8220; show_in_lightbox=&#8220;on&#8220; align_tablet=&#8220;center&#8220; align_phone=&#8220;&#8220; align_last_edited=&#8220;on|desktop&#8220; _builder_version=&#8220;4.8.1&#8243; max_width=&#8220;80{cac4c9dc6722fe84e5c9b5f9db854df7049fc70354449285581c113afa32c774}&#8220;][\/et_pb_image][\/et_pb_column_inner][et_pb_column_inner type=&#8220;1_3&#8243; saved_specialty_column_type=&#8220;1_2&#8243; _builder_version=&#8220;3.25&#8243; custom_padding=&#8220;|||&#8220; custom_padding__hover=&#8220;|||&#8220;][et_pb_image src=&#8220;https:\/\/rhtc-workshoppress.com\/wp-content\/uploads\/2022\/02\/Operation-of-PB-50-3-HM.jpg&#8220; alt=&#8220;Bedienfeld dieses PB50-3 HM&#8220; title_text=&#8220;Bedienfeld dieses PB50-3 HM&#8220; show_in_lightbox=&#8220;on&#8220; align_tablet=&#8220;center&#8220; align_phone=&#8220;&#8220; align_last_edited=&#8220;on|desktop&#8220; _builder_version=&#8220;4.8.1&#8243; max_width=&#8220;80{cac4c9dc6722fe84e5c9b5f9db854df7049fc70354449285581c113afa32c774}&#8220;][\/et_pb_image][\/et_pb_column_inner][\/et_pb_row_inner][\/et_pb_column][\/et_pb_section][et_pb_section fb_built=&#8220;1&#8243; admin_label=&#8220;Services&#8220; _builder_version=&#8220;3.22&#8243; custom_padding=&#8220;0|0px|0|0px|true|false&#8220; bottom_divider_color=&#8220;#0c71c3&#8243;][et_pb_row column_structure=&#8220;1_3,1_3,1_3&#8243; use_custom_gutter=&#8220;on&#8220; gutter_width=&#8220;2&#8243; _builder_version=&#8220;3.25&#8243; background_color=&#8220;#ffffff&#8220; max_width=&#8220;1440px&#8220; custom_padding=&#8220;27px|0px|0|0px|false|false&#8220; use_custom_width=&#8220;on&#8220; custom_width_px=&#8220;1440px&#8220;][et_pb_column type=&#8220;1_3&#8243; _builder_version=&#8220;3.25&#8243; custom_padding=&#8220;|||&#8220; custom_padding__hover=&#8220;|||&#8220;][et_pb_text _builder_version=&#8220;4.8.1&#8243; hover_enabled=&#8220;0&#8243; sticky_enabled=&#8220;0&#8243;]<\/p>\n<p><strong>Technische Daten<\/strong><\/p>\n<ul>\n<li>Wellendurchmesser [mm]: 50<\/li>\n<li>Walzendurchmesser [mm]: 155<\/li>\n<li>Wellenumdrehungen [rpm]: 11<\/li>\n<li>Stromspannung [v\/Hz]: 400\/50<\/li>\n<li>Antriebsmotor [kW]: 1.5<\/li>\n<li>Zustellweg [mm]: 160<\/li>\n<li>Gewicht [kg]: 430<\/li>\n<li>Gesamtl\u00e4nge [mm]: 1200<\/li>\n<li>Gesamtbreite [mm]: 800<\/li>\n<li>H\u00f6he [mm]: 1750<\/li>\n<\/ul>\n<p>&nbsp;<\/p>\n<p><strong>Optionales Zubeh\u00f6r<\/strong><\/p>\n<ul>\n<li>Spezielle Walzens\u00e4tze (Stahl oder Kunststoff)<\/li>\n<li>Wendelbiegevorrichtung<\/li>\n<li>Joch<\/li>\n<li>Distanzrollen<\/li>\n<\/ul>\n<p>&nbsp;<\/p>\n<p>[\/et_pb_text][\/et_pb_column][et_pb_column type=&#8220;1_3&#8243; _builder_version=&#8220;3.25&#8243; custom_padding=&#8220;|||&#8220; custom_padding__hover=&#8220;|||&#8220;][et_pb_text _builder_version=&#8220;4.8.1&#8243; header_2_font=&#8220;Roboto||||||||&#8220; header_2_font_size=&#8220;15px&#8220;]<\/p>\n<h2><strong>Kennzeichen dieser hydraulische Profilbieger<\/strong><\/h2>\n<ul>\n<li>Hydraulische \/ motorische Verstellung der Oberwalze <\/li>\n<li>Digitale Anzeige der Position der Oberwalze<\/li>\n<li>Vertikale und horizontale Arbeitsm\u00f6glichkeit<\/li>\n<li>3 angetriebenen Wellen<\/li>\n<li>Geliefert mit einem Standardwalzensatz<\/li>\n<li>Fu\u00dfpedal<\/li>\n<\/ul>\n<p>Mehr \u00fcber die Funktionsweise unserer Profilbiegemaschinen erfahren Sie <a href=\"https:\/\/www.youtube.com\/watch?v=AJPbDz4Ef6U\" target=\"_blank\" rel=\"noopener noreferrer\">in den Videos auf unserem YouTube-Kanal.<\/a><\/p>\n<p>&nbsp;<\/p>\n<p>[\/et_pb_text][\/et_pb_column][et_pb_column type=&#8220;1_3&#8243; _builder_version=&#8220;3.25&#8243; custom_padding=&#8220;|||&#8220; custom_padding__hover=&#8220;|||&#8220;][et_pb_video src=&#8220;https:\/\/www.youtube.com\/watch?v=HGSkCmuQ0zY&amp;feature=youtu.be&#8220; module_class=&#8220;video-homepage&#8220; _builder_version=&#8220;4.8.1&#8243;][\/et_pb_video][\/et_pb_column][\/et_pb_row][\/et_pb_section]<\/p>\n","protected":false},"excerpt":{"rendered":"<p><span><span><a href=\"https:\/\/rhtc-workshoppress.com\/de\/\">Home<\/a><\/span><\/span>Hydraulische Profilbieger (PB 50-3HM)Die PB 50-3 HM ist eine hydraulische Profilbieger: Wir produzieren diese Profilbiegemaschine in Europa und liefern sie direkt ab Lager. Diese hydraulische Profilbieger hat einen Wellendurchmesser von 50 mm und 3 angetriebene Walzen. Das Umschalten zwischen zwei oder drei angetriebenen Wellen erfolgt einfach \u00fcber die Getriebeschaltung an der Maschinenseite. Die Bedienung der [&hellip;]<\/p>\n","protected":false},"author":2,"featured_media":0,"parent":3853,"menu_order":0,"comment_status":"closed","ping_status":"closed","template":"","meta":{"_et_pb_use_builder":"on","_et_pb_old_content":"","_et_gb_content_width":"","inline_featured_image":false,"footnotes":""},"class_list":["post-25366","page","type-page","status-publish","hentry"],"yoast_head":"<!-- This site is optimized with the Yoast SEO plugin v27.3 - https:\/\/yoast.com\/product\/yoast-seo-wordpress\/ -->\n<title>Hydraulische Profilbieger | PB 50-3 HM | Profilbiegemaschinen | RHTC<\/title>\n<meta name=\"description\" content=\"Der Hydraulische Profilbieger in unserem Profilbiegemaschinen-Sortiment ist eine benutzerfreundliche und qualitativ hochwertige Maschine. Hergestellt in Europa, schnelle Lieferung!\" \/>\n<meta name=\"robots\" content=\"index, follow, max-snippet:-1, max-image-preview:large, max-video-preview:-1\" \/>\n<link rel=\"canonical\" href=\"https:\/\/rhtc-workshoppress.com\/de\/produkte\/profilbiegemaschinen\/pb-50-3-hm\/\" \/>\n<meta property=\"og:locale\" content=\"de_DE\" \/>\n<meta property=\"og:type\" content=\"article\" \/>\n<meta property=\"og:title\" content=\"Hydraulische Profilbieger | PB 50-3 HM | Profilbiegemaschinen | RHTC\" \/>\n<meta property=\"og:description\" content=\"Der Hydraulische Profilbieger in unserem Profilbiegemaschinen-Sortiment ist eine benutzerfreundliche und qualitativ hochwertige Maschine. Hergestellt in Europa, schnelle Lieferung!\" \/>\n<meta property=\"og:url\" content=\"https:\/\/rhtc-workshoppress.com\/de\/produkte\/profilbiegemaschinen\/pb-50-3-hm\/\" \/>\n<meta property=\"og:site_name\" content=\"RHTC\" \/>\n<meta property=\"article:modified_time\" content=\"2022-03-22T09:04:19+00:00\" \/>\n<meta name=\"twitter:card\" content=\"summary_large_image\" \/>\n<meta name=\"twitter:label1\" content=\"Gesch\u00e4tzte Lesezeit\" \/>\n\t<meta name=\"twitter:data1\" content=\"7\u00a0Minuten\" \/>\n<script type=\"application\/ld+json\" class=\"yoast-schema-graph\">{\"@context\":\"https:\\\/\\\/schema.org\",\"@graph\":[{\"@type\":\"WebPage\",\"@id\":\"https:\\\/\\\/rhtc-workshoppress.com\\\/de\\\/produkte\\\/profilbiegemaschinen\\\/pb-50-3-hm\\\/\",\"url\":\"https:\\\/\\\/rhtc-workshoppress.com\\\/de\\\/produkte\\\/profilbiegemaschinen\\\/pb-50-3-hm\\\/\",\"name\":\"Hydraulische Profilbieger | PB 50-3 HM | Profilbiegemaschinen | RHTC\",\"isPartOf\":{\"@id\":\"https:\\\/\\\/rhtc-workshoppress.com\\\/de\\\/#website\"},\"datePublished\":\"2022-02-18T10:39:28+00:00\",\"dateModified\":\"2022-03-22T09:04:19+00:00\",\"description\":\"Der Hydraulische Profilbieger in unserem Profilbiegemaschinen-Sortiment ist eine benutzerfreundliche und qualitativ hochwertige Maschine. Hergestellt in Europa, schnelle Lieferung!\",\"breadcrumb\":{\"@id\":\"https:\\\/\\\/rhtc-workshoppress.com\\\/de\\\/produkte\\\/profilbiegemaschinen\\\/pb-50-3-hm\\\/#breadcrumb\"},\"inLanguage\":\"de\",\"potentialAction\":[{\"@type\":\"ReadAction\",\"target\":[\"https:\\\/\\\/rhtc-workshoppress.com\\\/de\\\/produkte\\\/profilbiegemaschinen\\\/pb-50-3-hm\\\/\"]}]},{\"@type\":\"BreadcrumbList\",\"@id\":\"https:\\\/\\\/rhtc-workshoppress.com\\\/de\\\/produkte\\\/profilbiegemaschinen\\\/pb-50-3-hm\\\/#breadcrumb\",\"itemListElement\":[{\"@type\":\"ListItem\",\"position\":1,\"name\":\"Home\",\"item\":\"https:\\\/\\\/rhtc-workshoppress.com\\\/de\\\/\"},{\"@type\":\"ListItem\",\"position\":2,\"name\":\"Produkte\",\"item\":\"https:\\\/\\\/rhtc-workshoppress.com\\\/de\\\/produkte\\\/\"},{\"@type\":\"ListItem\",\"position\":3,\"name\":\"Profilbiegemaschinen\",\"item\":\"https:\\\/\\\/rhtc-workshoppress.com\\\/de\\\/produkte\\\/profilbiegemaschinen\\\/\"},{\"@type\":\"ListItem\",\"position\":4,\"name\":\"PB 50-3 HM\"}]},{\"@type\":\"WebSite\",\"@id\":\"https:\\\/\\\/rhtc-workshoppress.com\\\/de\\\/#website\",\"url\":\"https:\\\/\\\/rhtc-workshoppress.com\\\/de\\\/\",\"name\":\"RHTC\",\"description\":\"Profi Press, high quality hydraulic presses\",\"publisher\":{\"@id\":\"https:\\\/\\\/rhtc-workshoppress.com\\\/de\\\/#organization\"},\"potentialAction\":[{\"@type\":\"SearchAction\",\"target\":{\"@type\":\"EntryPoint\",\"urlTemplate\":\"https:\\\/\\\/rhtc-workshoppress.com\\\/de\\\/?s={search_term_string}\"},\"query-input\":{\"@type\":\"PropertyValueSpecification\",\"valueRequired\":true,\"valueName\":\"search_term_string\"}}],\"inLanguage\":\"de\"},{\"@type\":\"Organization\",\"@id\":\"https:\\\/\\\/rhtc-workshoppress.com\\\/de\\\/#organization\",\"name\":\"RHTC B.V.\",\"url\":\"https:\\\/\\\/rhtc-workshoppress.com\\\/de\\\/\",\"logo\":{\"@type\":\"ImageObject\",\"inLanguage\":\"de\",\"@id\":\"https:\\\/\\\/rhtc-workshoppress.com\\\/de\\\/#\\\/schema\\\/logo\\\/image\\\/\",\"url\":\"https:\\\/\\\/rhtc-workshoppress.com\\\/wp-content\\\/uploads\\\/2019\\\/04\\\/Logo-wit-scaled.jpg\",\"contentUrl\":\"https:\\\/\\\/rhtc-workshoppress.com\\\/wp-content\\\/uploads\\\/2019\\\/04\\\/Logo-wit-scaled.jpg\",\"width\":3000,\"height\":2250,\"caption\":\"RHTC B.V.\"},\"image\":{\"@id\":\"https:\\\/\\\/rhtc-workshoppress.com\\\/de\\\/#\\\/schema\\\/logo\\\/image\\\/\"}}]}<\/script>\n<!-- \/ Yoast SEO plugin. -->","yoast_head_json":{"title":"Hydraulische Profilbieger | PB 50-3 HM | Profilbiegemaschinen | RHTC","description":"Der Hydraulische Profilbieger in unserem Profilbiegemaschinen-Sortiment ist eine benutzerfreundliche und qualitativ hochwertige Maschine. Hergestellt in Europa, schnelle Lieferung!","robots":{"index":"index","follow":"follow","max-snippet":"max-snippet:-1","max-image-preview":"max-image-preview:large","max-video-preview":"max-video-preview:-1"},"canonical":"https:\/\/rhtc-workshoppress.com\/de\/produkte\/profilbiegemaschinen\/pb-50-3-hm\/","og_locale":"de_DE","og_type":"article","og_title":"Hydraulische Profilbieger | PB 50-3 HM | Profilbiegemaschinen | RHTC","og_description":"Der Hydraulische Profilbieger in unserem Profilbiegemaschinen-Sortiment ist eine benutzerfreundliche und qualitativ hochwertige Maschine. Hergestellt in Europa, schnelle Lieferung!","og_url":"https:\/\/rhtc-workshoppress.com\/de\/produkte\/profilbiegemaschinen\/pb-50-3-hm\/","og_site_name":"RHTC","article_modified_time":"2022-03-22T09:04:19+00:00","twitter_card":"summary_large_image","twitter_misc":{"Gesch\u00e4tzte Lesezeit":"7\u00a0Minuten"},"schema":{"@context":"https:\/\/schema.org","@graph":[{"@type":"WebPage","@id":"https:\/\/rhtc-workshoppress.com\/de\/produkte\/profilbiegemaschinen\/pb-50-3-hm\/","url":"https:\/\/rhtc-workshoppress.com\/de\/produkte\/profilbiegemaschinen\/pb-50-3-hm\/","name":"Hydraulische Profilbieger | PB 50-3 HM | Profilbiegemaschinen | RHTC","isPartOf":{"@id":"https:\/\/rhtc-workshoppress.com\/de\/#website"},"datePublished":"2022-02-18T10:39:28+00:00","dateModified":"2022-03-22T09:04:19+00:00","description":"Der Hydraulische Profilbieger in unserem Profilbiegemaschinen-Sortiment ist eine benutzerfreundliche und qualitativ hochwertige Maschine. Hergestellt in Europa, schnelle Lieferung!","breadcrumb":{"@id":"https:\/\/rhtc-workshoppress.com\/de\/produkte\/profilbiegemaschinen\/pb-50-3-hm\/#breadcrumb"},"inLanguage":"de","potentialAction":[{"@type":"ReadAction","target":["https:\/\/rhtc-workshoppress.com\/de\/produkte\/profilbiegemaschinen\/pb-50-3-hm\/"]}]},{"@type":"BreadcrumbList","@id":"https:\/\/rhtc-workshoppress.com\/de\/produkte\/profilbiegemaschinen\/pb-50-3-hm\/#breadcrumb","itemListElement":[{"@type":"ListItem","position":1,"name":"Home","item":"https:\/\/rhtc-workshoppress.com\/de\/"},{"@type":"ListItem","position":2,"name":"Produkte","item":"https:\/\/rhtc-workshoppress.com\/de\/produkte\/"},{"@type":"ListItem","position":3,"name":"Profilbiegemaschinen","item":"https:\/\/rhtc-workshoppress.com\/de\/produkte\/profilbiegemaschinen\/"},{"@type":"ListItem","position":4,"name":"PB 50-3 HM"}]},{"@type":"WebSite","@id":"https:\/\/rhtc-workshoppress.com\/de\/#website","url":"https:\/\/rhtc-workshoppress.com\/de\/","name":"RHTC","description":"Profi Press, high quality hydraulic presses","publisher":{"@id":"https:\/\/rhtc-workshoppress.com\/de\/#organization"},"potentialAction":[{"@type":"SearchAction","target":{"@type":"EntryPoint","urlTemplate":"https:\/\/rhtc-workshoppress.com\/de\/?s={search_term_string}"},"query-input":{"@type":"PropertyValueSpecification","valueRequired":true,"valueName":"search_term_string"}}],"inLanguage":"de"},{"@type":"Organization","@id":"https:\/\/rhtc-workshoppress.com\/de\/#organization","name":"RHTC B.V.","url":"https:\/\/rhtc-workshoppress.com\/de\/","logo":{"@type":"ImageObject","inLanguage":"de","@id":"https:\/\/rhtc-workshoppress.com\/de\/#\/schema\/logo\/image\/","url":"https:\/\/rhtc-workshoppress.com\/wp-content\/uploads\/2019\/04\/Logo-wit-scaled.jpg","contentUrl":"https:\/\/rhtc-workshoppress.com\/wp-content\/uploads\/2019\/04\/Logo-wit-scaled.jpg","width":3000,"height":2250,"caption":"RHTC B.V."},"image":{"@id":"https:\/\/rhtc-workshoppress.com\/de\/#\/schema\/logo\/image\/"}}]}},"_links":{"self":[{"href":"https:\/\/rhtc-workshoppress.com\/de\/wp-json\/wp\/v2\/pages\/25366","targetHints":{"allow":["GET"]}}],"collection":[{"href":"https:\/\/rhtc-workshoppress.com\/de\/wp-json\/wp\/v2\/pages"}],"about":[{"href":"https:\/\/rhtc-workshoppress.com\/de\/wp-json\/wp\/v2\/types\/page"}],"author":[{"embeddable":true,"href":"https:\/\/rhtc-workshoppress.com\/de\/wp-json\/wp\/v2\/users\/2"}],"replies":[{"embeddable":true,"href":"https:\/\/rhtc-workshoppress.com\/de\/wp-json\/wp\/v2\/comments?post=25366"}],"version-history":[{"count":5,"href":"https:\/\/rhtc-workshoppress.com\/de\/wp-json\/wp\/v2\/pages\/25366\/revisions"}],"predecessor-version":[{"id":27408,"href":"https:\/\/rhtc-workshoppress.com\/de\/wp-json\/wp\/v2\/pages\/25366\/revisions\/27408"}],"up":[{"embeddable":true,"href":"https:\/\/rhtc-workshoppress.com\/de\/wp-json\/wp\/v2\/pages\/3853"}],"wp:attachment":[{"href":"https:\/\/rhtc-workshoppress.com\/de\/wp-json\/wp\/v2\/media?parent=25366"}],"curies":[{"name":"wp","href":"https:\/\/api.w.org\/{rel}","templated":true}]}}